{"id":2887,"date":"2012-10-09T13:50:59","date_gmt":"2012-10-09T10:50:59","guid":{"rendered":"https:\/\/editura-unibuc.ro\/?p=2887"},"modified":"2025-04-08T13:51:35","modified_gmt":"2025-04-08T10:51:35","slug":"d-come-devozione-d-come-durevole-studi-in-onore-della-prof-ssa-doina-derer","status":"publish","type":"product","link":"https:\/\/editura-unibuc.ro\/en\/d-come-devozione-d-come-durevole-studi-in-onore-della-prof-ssa-doina-derer\/","title":{"rendered":"D FROM DEVOTION, D FROM DURATION: STUDIES IN HONOUR OF PROFESSOR DOINA DERER"},"content":{"rendered":"<p>\u201cPerch\u00e9 \u00e8 rimasta per 50 anni al servizio dell\u2019italianistica romena, perch\u00e9 ha preparato migliaia di studenti romeni e italiani, perch\u00e9 ha saputo conservare la memoria di una Cattedra, perch\u00e9 \u00e8 riuscita a mantenere in vita una Cattedra anche quando la Storia non lo voleva, perch\u00e9 \u00e8 riuscita a tenere unito un collettivo di italianisti anche quando loro non lo volevano, perch\u00e9 insegna loro qualcosa \u2013 con le buone o con le cattive \u2013 giorno dopo giorno, alla Nostra Professoressa\u201d<\/p>\n","protected":false},"excerpt":{"rendered":"<p>\u201cPerch\u00e9 \u00e8 rimasta per 50 anni al servizio dell\u2019italianistica romena, perch\u00e9 ha preparato migliaia di studenti romeni e italiani, perch\u00e9 ha saputo conservare la memoria di una Cattedra, perch\u00e9 \u00e8 riuscita a mantenere in vita una Cattedra anche quando la Storia non lo voleva, perch\u00e9 \u00e8 riuscita a tenere unito un collettivo di italianisti anche [&hellip;]<\/p>\n","protected":false},"featured_media":10384,"comment_status":"open","ping_status":"closed","template":"","meta":[],"product_brand":[],"product_cat":[1531,2509,1464,980],"product_tag":[924],"class_list":{"0":"post-2887","1":"product","2":"type-product","3":"status-publish","4":"has-post-thumbnail","6":"product_cat-colectii","7":"product_cat-personalitati-ale-universitatii-din-bucuresti","8":"product_cat-filologie","9":"product_cat-limbi-romanice-clasice-si-orientale","10":"product_tag-italiana","12":"first","13":"outofstock","14":"shipping-taxable","15":"purchasable","16":"product-type-simple"},"_links":{"self":[{"href":"https:\/\/editura-unibuc.ro\/en\/wp-json\/wp\/v2\/product\/2887","targetHints":{"allow":["GET"]}}],"collection":[{"href":"https:\/\/editura-unibuc.ro\/en\/wp-json\/wp\/v2\/product"}],"about":[{"href":"https:\/\/editura-unibuc.ro\/en\/wp-json\/wp\/v2\/types\/product"}],"replies":[{"embeddable":true,"href":"https:\/\/editura-unibuc.ro\/en\/wp-json\/wp\/v2\/comments?post=2887"}],"wp:featuredmedia":[{"embeddable":true,"href":"https:\/\/editura-unibuc.ro\/en\/wp-json\/wp\/v2\/media\/10384"}],"wp:attachment":[{"href":"https:\/\/editura-unibuc.ro\/en\/wp-json\/wp\/v2\/media?parent=2887"}],"wp:term":[{"taxonomy":"product_brand","embeddable":true,"href":"https:\/\/editura-unibuc.ro\/en\/wp-json\/wp\/v2\/product_brand?post=2887"},{"taxonomy":"product_cat","embeddable":true,"href":"https:\/\/editura-unibuc.ro\/en\/wp-json\/wp\/v2\/product_cat?post=2887"},{"taxonomy":"product_tag","embeddable":true,"href":"https:\/\/editura-unibuc.ro\/en\/wp-json\/wp\/v2\/product_tag?post=2887"}],"curies":[{"name":"wp","href":"https:\/\/api.w.org\/{rel}","templated":true}]}}