{"id":2892,"date":"2012-10-09T13:59:46","date_gmt":"2012-10-09T10:59:46","guid":{"rendered":"https:\/\/editura-unibuc.ro\/?p=2892"},"modified":"2018-10-09T11:47:18","modified_gmt":"2018-10-09T08:47:18","slug":"quaderno-dellitaliano-vol-i","status":"publish","type":"product","link":"https:\/\/editura-unibuc.ro\/en\/quaderno-dellitaliano-vol-i\/","title":{"rendered":"ITALIAN LANGUAGE EXERCISE BOOK VOLUME I"},"content":{"rendered":"<p>Sigur, nu e un lucru obi\u0219nuit ca o carte de exerci\u021bii gramaticale s\u0103 se deschid\u0103 nu cu o prefa\u021b\u0103, nu cu un cuv\u00e2nt \u00eenainte, ci cu un avertisment. Dar \u00een cazul acestui volum chiar este necesar. Paginile acestei lucr\u0103ri sunt destinate unui circuit foarte restr\u00e2ns, \u0219i anume doar studen\u021bilor sec\u021biei de italian\u0103 (filologie, Limbi Moderne Aplicate sau Traduc\u0103tori, Terminologii) din Facultatea de Limbi \u0219i Literaturi Str\u0103ine a Universit\u0103\u021bii din Bucure\u0219ti, adic\u0103 trebuie parcurse numai \u00een prezen\u021ba profesorilor acestei institu\u021bii (sau ai alteia cu o program\u0103 de studiu foarte asem\u0103n\u0103toare). Volumul este modelat pe structura anului academic, pe num\u0103rul de ore s\u0103pt\u0103m\u00e2nale de studiu, pe num\u0103rul de seminarii s\u0103pt\u0103m\u00e2nale, pe perioadele de verific\u0103ri \u0219i examene. Adic\u0103: un semestru academic are 14 s\u0103pt\u0103m\u00e2ni, din care ultima este prev\u0103zut\u0103 pentru verific\u0103rile din pre-sesiune. Cartea are 13 unit\u0103\u021bi, din care 11 sunt de studiu propriu-zis, iar ultimele 2 de recapitulare \u00een vederea verific\u0103rii. Fiecare unitate con\u021bine exact at\u00e2tea exerci\u021bii c\u00e2te pot fi f\u0103cute \u00een 4 ore pe s\u0103pt\u0103m\u00e2n\u0103 (\u00eemp\u0103r\u021bite \u00een 2 seminarii), lu\u00e2nd \u00een calcul \u0219i timpul necesar pred\u0103rii, dar \u0219i cel destinat temelor pentru acas\u0103 \u0219i corect\u0103rii lor. Tocmai de aceea nici nu exist\u0103 cheia exerci\u021biilor: totul se lucreaz\u0103 sub directa coordonare a profesorilor Catedrei de Italian\u0103.<\/p>","protected":false},"excerpt":{"rendered":"<p>Sigur, nu e un lucru obi\u0219nuit ca o carte de exerci\u021bii gramaticale s\u0103 se deschid\u0103 nu cu o prefa\u021b\u0103, nu cu un cuv\u00e2nt \u00eenainte, ci cu un avertisment. Dar \u00een cazul acestui volum chiar este necesar. Paginile acestei lucr\u0103ri sunt destinate unui circuit foarte restr\u00e2ns, \u0219i anume doar studen\u021bilor sec\u021biei de italian\u0103 (filologie, Limbi Moderne [&hellip;]<\/p>\n","protected":false},"featured_media":10381,"comment_status":"open","ping_status":"closed","template":"","meta":[],"product_brand":[],"product_cat":[1464,980],"product_tag":[924],"class_list":{"0":"post-2892","1":"product","2":"type-product","3":"status-publish","4":"has-post-thumbnail","6":"product_cat-filologie","7":"product_cat-limbi-romanice-clasice-si-orientale","8":"product_tag-italiana","10":"first","11":"outofstock","12":"shipping-taxable","13":"purchasable","14":"product-type-simple"},"_links":{"self":[{"href":"https:\/\/editura-unibuc.ro\/en\/wp-json\/wp\/v2\/product\/2892","targetHints":{"allow":["GET"]}}],"collection":[{"href":"https:\/\/editura-unibuc.ro\/en\/wp-json\/wp\/v2\/product"}],"about":[{"href":"https:\/\/editura-unibuc.ro\/en\/wp-json\/wp\/v2\/types\/product"}],"replies":[{"embeddable":true,"href":"https:\/\/editura-unibuc.ro\/en\/wp-json\/wp\/v2\/comments?post=2892"}],"wp:featuredmedia":[{"embeddable":true,"href":"https:\/\/editura-unibuc.ro\/en\/wp-json\/wp\/v2\/media\/10381"}],"wp:attachment":[{"href":"https:\/\/editura-unibuc.ro\/en\/wp-json\/wp\/v2\/media?parent=2892"}],"wp:term":[{"taxonomy":"product_brand","embeddable":true,"href":"https:\/\/editura-unibuc.ro\/en\/wp-json\/wp\/v2\/product_brand?post=2892"},{"taxonomy":"product_cat","embeddable":true,"href":"https:\/\/editura-unibuc.ro\/en\/wp-json\/wp\/v2\/product_cat?post=2892"},{"taxonomy":"product_tag","embeddable":true,"href":"https:\/\/editura-unibuc.ro\/en\/wp-json\/wp\/v2\/product_tag?post=2892"}],"curies":[{"name":"wp","href":"https:\/\/api.w.org\/{rel}","templated":true}]}}