{"id":2917,"date":"2012-10-10T11:50:53","date_gmt":"2012-10-10T08:50:53","guid":{"rendered":"https:\/\/editura-unibuc.ro\/?p=2917"},"modified":"2025-08-07T09:59:19","modified_gmt":"2025-08-07T06:59:19","slug":"odisei-i-trasee-conceptuale","status":"publish","type":"product","link":"https:\/\/editura-unibuc.ro\/en\/odisei-i-trasee-conceptuale\/","title":{"rendered":"ODYSSEYS (I): CONCEPTUAL ITINERARIES"},"content":{"rendered":"<p>Odiseea nu mai este, pur \u0219i simplu, aventura legendarului Odiseu. Ea s-a multiplicat \u00een tot at\u00e2tea Odisei, c\u00e2\u021bi Odisei o tr\u0103iesc zi de zi, nemaifiind, la r\u00e2ndui, nici aventura peste m\u0103ri \u0219i \u021b\u0103ri, cu g\u00e2ndul la \u00eentoarcerea la c\u0103minul sigur, nici \u00een\u0219iruirea de episoade cotidiene, ci o serie de \u00eencerc\u0103ri deloc lipsite de provocare, de la schimbarea precipitat\u0103 a jobului la completarea studiilor pentru a face fa\u021b\u0103 unui comandament de moment sau la identificarea unui mod diferit de afirmare \u00een comunitatea local\u0103, na\u021bional\u0103 sau, cu at\u00e2t mai provocator, \u00een comunitatea regional\u0103 sau multina\u021bional\u0103. ODISEI este formula compact\u0103 pentru: \u201eOmogenitate\u201d, expresia solidarit\u0103\u021bii noastre umane \u00een fa\u021ba istoriei; \u201eDiversitate\u201d, confirmarea inevitabilei variet\u0103\u021bi socioculturale care ne valideaz\u0103 \u0219i cu care ne valid\u0103m \u00een \u00eentreprinderile noastre curente; \u201eIdentitate\u201d, termen subsum\u00e2ndu-i pe cei doi anteriori; \u201eSpa\u021biu\u201d, acea determinat\u0103 topic\u0103 \u00een afara c\u0103reia nu am putea nici m\u0103car s\u0103 ne concepem; \u201eEuropean\u201d, atributul tot mai net al spa\u021biului nostru identitar cotidian; \u00een sf\u00e2r\u0219it, \u201eIntegrare\u201d, procesul lung, complicat \u0219i care reclam\u0103 efort \u0219i energie maxim\u0103, \u00een sensul omolog\u0103rii noastre potrivit cerin\u021belor postmoderne care conduc lumea. Acrostihul ODISEI acoper\u0103 o ampl\u0103 arie semantic\u0103, a c\u0103rei substan\u021b\u0103 trece \u00een mod v\u0103dit dincolo de grani\u021be strict lexicale, a c\u0103rei multipl\u0103 realitate reflect\u0103 chiar condi\u021bia noastr\u0103 postmodern\u0103.<\/p>","protected":false},"excerpt":{"rendered":"<p>Odiseea nu mai este, pur \u0219i simplu, aventura legendarului Odiseu. Ea s-a multiplicat \u00een tot at\u00e2tea Odisei, c\u00e2\u021bi Odisei o tr\u0103iesc zi de zi, nemaifiind, la r\u00e2ndui, nici aventura peste m\u0103ri \u0219i \u021b\u0103ri, cu g\u00e2ndul la \u00eentoarcerea la c\u0103minul sigur, nici \u00een\u0219iruirea de episoade cotidiene, ci o serie de \u00eencerc\u0103ri deloc lipsite de provocare, de [&hellip;]<\/p>\n","protected":false},"featured_media":10366,"comment_status":"open","ping_status":"closed","template":"","meta":[],"product_brand":[],"product_cat":[1464,980],"product_tag":[1184],"class_list":{"0":"post-2917","1":"product","2":"type-product","3":"status-publish","4":"has-post-thumbnail","6":"product_cat-filologie","7":"product_cat-limbi-romanice-clasice-si-orientale","8":"product_tag-litere","10":"first","11":"instock","12":"shipping-taxable","13":"purchasable","14":"product-type-simple"},"_links":{"self":[{"href":"https:\/\/editura-unibuc.ro\/en\/wp-json\/wp\/v2\/product\/2917","targetHints":{"allow":["GET"]}}],"collection":[{"href":"https:\/\/editura-unibuc.ro\/en\/wp-json\/wp\/v2\/product"}],"about":[{"href":"https:\/\/editura-unibuc.ro\/en\/wp-json\/wp\/v2\/types\/product"}],"replies":[{"embeddable":true,"href":"https:\/\/editura-unibuc.ro\/en\/wp-json\/wp\/v2\/comments?post=2917"}],"wp:featuredmedia":[{"embeddable":true,"href":"https:\/\/editura-unibuc.ro\/en\/wp-json\/wp\/v2\/media\/10366"}],"wp:attachment":[{"href":"https:\/\/editura-unibuc.ro\/en\/wp-json\/wp\/v2\/media?parent=2917"}],"wp:term":[{"taxonomy":"product_brand","embeddable":true,"href":"https:\/\/editura-unibuc.ro\/en\/wp-json\/wp\/v2\/product_brand?post=2917"},{"taxonomy":"product_cat","embeddable":true,"href":"https:\/\/editura-unibuc.ro\/en\/wp-json\/wp\/v2\/product_cat?post=2917"},{"taxonomy":"product_tag","embeddable":true,"href":"https:\/\/editura-unibuc.ro\/en\/wp-json\/wp\/v2\/product_tag?post=2917"}],"curies":[{"name":"wp","href":"https:\/\/api.w.org\/{rel}","templated":true}]}}