{"id":2922,"date":"2012-10-10T11:59:39","date_gmt":"2012-10-10T08:59:39","guid":{"rendered":"https:\/\/editura-unibuc.ro\/?p=2922"},"modified":"2023-10-24T09:05:29","modified_gmt":"2023-10-24T06:05:29","slug":"studii-de-filologie-slava","status":"publish","type":"product","link":"https:\/\/editura-unibuc.ro\/en\/studii-de-filologie-slava\/","title":{"rendered":"STUDIES OF SLAVIC PHILOLOGY"},"content":{"rendered":"<p>Pandele Olteanu (1908-1995) a fost unul dintre profesorii slavi\u0219ti marcan\u021bi ai Universit\u0103\u021bii din Bucure\u0219ti. Specializat \u00een \u021b\u0103ri slave \u00een perioada interbelic\u0103, lector de limba rom\u00e2n\u0103 \u00een Slovacia (1942-1949), a fost \u00eentemeietorul sec\u021biei de filologie slovac\u0103 la Universitate (1949), profesor consultant (\u00eentre 1974-1995). Autor al unor manuale universitare de limb\u0103 slovac\u0103 \u0219i al unor manuale pentru \u0219colile slovace din Rom\u00e2nia, al unor studii din domeniul filologiei slovace \u0219i al istoriei rela\u021biilor rom\u00e2no ceho-slovace; s-a dedicat, ca profesor \u0219i cercet\u0103tor, \u0219i studierii slavonei, a textelor vechi rom\u00e2ne\u0219ti de expresie slavon\u0103 (Povestirile slave despre Vlad \u021aepe\u0219, 1961; Slava veche \u0219i slavona rom\u00e2neasc\u0103, coordonator, 1975; Sintaxa \u0219i stilul paleoslavei \u0219i slavonei, 1974) cu contribu\u021bii notabile privind stabilirea, pe baza unui sever examen textologic, a izvoarelor acestora (Cazaniile lui Coresi, scrieri ale lui Varlaam \u0219i Nicolae Milescu, cartea popular\u0103 Floarea darurilor etc.); a participat la preg\u0103tirea edi\u021biei jubiliare a Bibliei de la Bucure\u0219ti, 1688 (premiul Academiei Rom\u00e2ne, 1988). Volumul de fa\u021b\u0103, ap\u0103rut cu prilejul centenarului na\u0219terii Profesorului, reune\u0219te studii mai vechi \u0219i mai noi din domeniul filologiei slovace \u0219i slavo-rom\u00e2ne, destinate \u00een primul r\u00e2nd studen\u021bilor sec\u021biei de slavistic\u0103 de la Universitate. Edi\u021bie \u00eengrijit\u0103 de Dagmar Maria Anoca, prefa\u021b\u0103 de Mihai Mitu.<\/p>","protected":false},"excerpt":{"rendered":"<p>Pandele Olteanu (1908-1995) a fost unul dintre profesorii slavi\u0219ti marcan\u021bi ai Universit\u0103\u021bii din Bucure\u0219ti. Specializat \u00een \u021b\u0103ri slave \u00een perioada interbelic\u0103, lector de limba rom\u00e2n\u0103 \u00een Slovacia (1942-1949), a fost \u00eentemeietorul sec\u021biei de filologie slovac\u0103 la Universitate (1949), profesor consultant (\u00eentre 1974-1995). Autor al unor manuale universitare de limb\u0103 slovac\u0103 \u0219i al unor manuale pentru [&hellip;]<\/p>\n","protected":false},"featured_media":10363,"comment_status":"open","ping_status":"closed","template":"","meta":[],"product_brand":[],"product_cat":[1464,981],"product_tag":[1044,922],"class_list":{"0":"post-2922","1":"product","2":"type-product","3":"status-publish","4":"has-post-thumbnail","6":"product_cat-filologie","7":"product_cat-limbi-slave","8":"product_tag-filologie","9":"product_tag-slave","11":"first","12":"outofstock","13":"shipping-taxable","14":"purchasable","15":"product-type-simple"},"_links":{"self":[{"href":"https:\/\/editura-unibuc.ro\/en\/wp-json\/wp\/v2\/product\/2922","targetHints":{"allow":["GET"]}}],"collection":[{"href":"https:\/\/editura-unibuc.ro\/en\/wp-json\/wp\/v2\/product"}],"about":[{"href":"https:\/\/editura-unibuc.ro\/en\/wp-json\/wp\/v2\/types\/product"}],"replies":[{"embeddable":true,"href":"https:\/\/editura-unibuc.ro\/en\/wp-json\/wp\/v2\/comments?post=2922"}],"wp:featuredmedia":[{"embeddable":true,"href":"https:\/\/editura-unibuc.ro\/en\/wp-json\/wp\/v2\/media\/10363"}],"wp:attachment":[{"href":"https:\/\/editura-unibuc.ro\/en\/wp-json\/wp\/v2\/media?parent=2922"}],"wp:term":[{"taxonomy":"product_brand","embeddable":true,"href":"https:\/\/editura-unibuc.ro\/en\/wp-json\/wp\/v2\/product_brand?post=2922"},{"taxonomy":"product_cat","embeddable":true,"href":"https:\/\/editura-unibuc.ro\/en\/wp-json\/wp\/v2\/product_cat?post=2922"},{"taxonomy":"product_tag","embeddable":true,"href":"https:\/\/editura-unibuc.ro\/en\/wp-json\/wp\/v2\/product_tag?post=2922"}],"curies":[{"name":"wp","href":"https:\/\/api.w.org\/{rel}","templated":true}]}}