{"id":29229,"date":"2020-11-28T12:17:01","date_gmt":"2020-11-28T10:17:01","guid":{"rendered":"https:\/\/editura-unibuc.ro\/?post_type=product&#038;p=29229"},"modified":"2025-05-08T13:56:39","modified_gmt":"2025-05-08T10:56:39","slug":"industria-petroliera-romaneasca-in-perioada-1989-2014-traditia-continua","status":"publish","type":"product","link":"https:\/\/editura-unibuc.ro\/en\/industria-petroliera-romaneasca-in-perioada-1989-2014-traditia-continua\/","title":{"rendered":"INDUSTRIA PETROLIER\u0102 ROM\u00c2NEASC\u0102 \u00ceN PERIOADA 1989-2014: TRADI\u021aIA CONTINU\u0102"},"content":{"rendered":"<hr \/>\n<p><strong><a href=\"https:\/\/books.google.ro\/books\/about?id=jDxOEAAAQBAJ&#038;redir_esc=y\" target=\"_blank\" rel=\"noopener\"><img decoding=\"async\" src=\"https:\/\/editura-unibuc.ro\/wp-content\/uploads\/2025\/04\/goo.png\" \/>Google Books<\/a><\/strong><br \/>&nbsp;<\/p>\n<hr \/>\n<p>\u201eIndustria petrolier\u0103 actual\u0103 se prezint\u0103 \u00eentr-o form\u0103 mult schimbat\u0103 fa\u021b\u0103 de trecut, dar este \u0219i acum, dup\u0103 peste 150 de ani de istorie, important\u0103 pentru economie \u0219i are un statut strategic pentru \u021bar\u0103. \u00cen continuare avem companii active cu o lung\u0103 istorie, dar \u0219i noi companii \u00eenfiin\u021bate, noi sectoare petroliere dezvoltate \u201e\u00een pas cu vremurile\u201d, for\u021b\u0103 de munc\u0103 specializat\u0103 \u00een \u021bar\u0103, institu\u021bii ale statului care se ocup\u0103 de problemele acestei industrii \u0219i un interes de colaborare din partea companiilor str\u0103ine. \u00cen aceste condi\u021bii, putem spune c\u0103 \u0219i dup\u0103 anul 1989, pentru industria petrolier\u0103 rom\u00e2neasc\u0103: tradi\u021bia continu\u0103!\u201d<\/p>\n","protected":false},"excerpt":{"rendered":"<p>Google Books&nbsp; \u201eIndustria petrolier\u0103 actual\u0103 se prezint\u0103 \u00eentr-o form\u0103 mult schimbat\u0103 fa\u021b\u0103 de trecut, dar este \u0219i acum, dup\u0103 peste 150 de ani de istorie, important\u0103 pentru economie \u0219i are un statut strategic pentru \u021bar\u0103. \u00cen continuare avem companii active cu o lung\u0103 istorie, dar \u0219i noi companii \u00eenfiin\u021bate, noi sectoare petroliere dezvoltate \u201e\u00een pas [&hellip;]<\/p>\n","protected":false},"featured_media":29230,"comment_status":"open","ping_status":"closed","template":"","meta":[],"product_brand":[],"product_cat":[991,995],"product_tag":[3632,1331,927],"class_list":{"0":"post-29229","1":"product","2":"type-product","3":"status-publish","4":"has-post-thumbnail","6":"product_cat-stiinte-sociale","7":"product_cat-istorie-stiinte-politice","8":"product_tag-istoria-petrolului","9":"product_tag-istorie-contemporana","10":"product_tag-postcomunism","12":"first","13":"instock","14":"shipping-taxable","15":"purchasable","16":"product-type-simple"},"_links":{"self":[{"href":"https:\/\/editura-unibuc.ro\/en\/wp-json\/wp\/v2\/product\/29229","targetHints":{"allow":["GET"]}}],"collection":[{"href":"https:\/\/editura-unibuc.ro\/en\/wp-json\/wp\/v2\/product"}],"about":[{"href":"https:\/\/editura-unibuc.ro\/en\/wp-json\/wp\/v2\/types\/product"}],"replies":[{"embeddable":true,"href":"https:\/\/editura-unibuc.ro\/en\/wp-json\/wp\/v2\/comments?post=29229"}],"wp:featuredmedia":[{"embeddable":true,"href":"https:\/\/editura-unibuc.ro\/en\/wp-json\/wp\/v2\/media\/29230"}],"wp:attachment":[{"href":"https:\/\/editura-unibuc.ro\/en\/wp-json\/wp\/v2\/media?parent=29229"}],"wp:term":[{"taxonomy":"product_brand","embeddable":true,"href":"https:\/\/editura-unibuc.ro\/en\/wp-json\/wp\/v2\/product_brand?post=29229"},{"taxonomy":"product_cat","embeddable":true,"href":"https:\/\/editura-unibuc.ro\/en\/wp-json\/wp\/v2\/product_cat?post=29229"},{"taxonomy":"product_tag","embeddable":true,"href":"https:\/\/editura-unibuc.ro\/en\/wp-json\/wp\/v2\/product_tag?post=29229"}],"curies":[{"name":"wp","href":"https:\/\/api.w.org\/{rel}","templated":true}]}}