{"id":2927,"date":"2012-10-10T12:09:46","date_gmt":"2012-10-10T09:09:46","guid":{"rendered":"https:\/\/editura-unibuc.ro\/?p=2927"},"modified":"2025-04-08T14:52:39","modified_gmt":"2025-04-08T11:52:39","slug":"prelegeri-de-confucianism","status":"publish","type":"product","link":"https:\/\/editura-unibuc.ro\/en\/prelegeri-de-confucianism\/","title":{"rendered":"LECTURES OF CONFUCIANISM"},"content":{"rendered":"<p>\u201e\u00centreb\u0103rile majore pe care le-am avut \u00een vedere atunci c\u00e2nd am operat selec\u021bia tematic\u0103 \u0219i am schi\u021bat un anumit scenariu al acestor prelegeri sunt urm\u0103toarele: care sunt elementele care s-au p\u0103strat \u00eentr-un fond comun, c\u00e2te din acestea s-au men\u021binut \u00een procesul moderniz\u0103rii \u0219i ce anume din aceasta mo\u0219tenire are \u00een continuare relevan\u021b\u0103 pentru lumea contemporan\u0103 \u0219i justific\u0103 rena\u0219terea unei con\u0219tiin\u021be asiatice.\u201d (Florentina Vi\u0219an)<\/p>","protected":false},"excerpt":{"rendered":"<p>\u201e\u00centreb\u0103rile majore pe care le-am avut \u00een vedere atunci c\u00e2nd am operat selec\u021bia tematic\u0103 \u0219i am schi\u021bat un anumit scenariu al acestor prelegeri sunt urm\u0103toarele: care sunt elementele care s-au p\u0103strat \u00eentr-un fond comun, c\u00e2te din acestea s-au men\u021binut \u00een procesul moderniz\u0103rii \u0219i ce anume din aceasta mo\u0219tenire are \u00een continuare relevan\u021b\u0103 pentru lumea contemporan\u0103 [&hellip;]<\/p>\n","protected":false},"featured_media":10373,"comment_status":"open","ping_status":"closed","template":"","meta":[],"product_brand":[],"product_cat":[1464,980],"product_tag":[1335,1084],"class_list":{"0":"post-2927","1":"product","2":"type-product","3":"status-publish","4":"has-post-thumbnail","6":"product_cat-filologie","7":"product_cat-limbi-romanice-clasice-si-orientale","8":"product_tag-china","9":"product_tag-confucianism","11":"first","12":"outofstock","13":"shipping-taxable","14":"purchasable","15":"product-type-simple"},"_links":{"self":[{"href":"https:\/\/editura-unibuc.ro\/en\/wp-json\/wp\/v2\/product\/2927","targetHints":{"allow":["GET"]}}],"collection":[{"href":"https:\/\/editura-unibuc.ro\/en\/wp-json\/wp\/v2\/product"}],"about":[{"href":"https:\/\/editura-unibuc.ro\/en\/wp-json\/wp\/v2\/types\/product"}],"replies":[{"embeddable":true,"href":"https:\/\/editura-unibuc.ro\/en\/wp-json\/wp\/v2\/comments?post=2927"}],"wp:featuredmedia":[{"embeddable":true,"href":"https:\/\/editura-unibuc.ro\/en\/wp-json\/wp\/v2\/media\/10373"}],"wp:attachment":[{"href":"https:\/\/editura-unibuc.ro\/en\/wp-json\/wp\/v2\/media?parent=2927"}],"wp:term":[{"taxonomy":"product_brand","embeddable":true,"href":"https:\/\/editura-unibuc.ro\/en\/wp-json\/wp\/v2\/product_brand?post=2927"},{"taxonomy":"product_cat","embeddable":true,"href":"https:\/\/editura-unibuc.ro\/en\/wp-json\/wp\/v2\/product_cat?post=2927"},{"taxonomy":"product_tag","embeddable":true,"href":"https:\/\/editura-unibuc.ro\/en\/wp-json\/wp\/v2\/product_tag?post=2927"}],"curies":[{"name":"wp","href":"https:\/\/api.w.org\/{rel}","templated":true}]}}