{"id":2931,"date":"2012-10-10T12:18:59","date_gmt":"2012-10-10T09:18:59","guid":{"rendered":"https:\/\/editura-unibuc.ro\/?p=2931"},"modified":"2024-04-11T14:27:11","modified_gmt":"2024-04-11T11:27:11","slug":"estudios-hispanicos-i-linguistica-y-didactica","status":"publish","type":"product","link":"https:\/\/editura-unibuc.ro\/en\/estudios-hispanicos-i-linguistica-y-didactica\/","title":{"rendered":"HISPANIC STUDIES I. LINGUISTICS AND DIDACTICS"},"content":{"rendered":"<p>Los dos tomos del presente trabajo re\u00fane gran parte de las ponencias y comunicaciones presentadas en el Coloquio organizado los d\u00edas 27 y 28 de abril de 2007 por el Departamento de Ling\u00fc\u00edstica Rom\u00e1nica, Lenguas y Literaturas Iberorrom\u00e1nicas, de la Facultad de Lenguas y Literaturas Extranjeras (Universidad de Bucarest), con motivo del 50o aniversario de su existencia.<\/p>\n","protected":false},"excerpt":{"rendered":"<p>Los dos tomos del presente trabajo re\u00fane gran parte de las ponencias y comunicaciones presentadas en el Coloquio organizado los d\u00edas 27 y 28 de abril de 2007 por el Departamento de Ling\u00fc\u00edstica Rom\u00e1nica, Lenguas y Literaturas Iberorrom\u00e1nicas, de la Facultad de Lenguas y Literaturas Extranjeras (Universidad de Bucarest), con motivo del 50o aniversario de [&hellip;]<\/p>\n","protected":false},"featured_media":10357,"comment_status":"open","ping_status":"closed","template":"","meta":[],"product_brand":[],"product_cat":[1464,980],"product_tag":[880],"class_list":{"0":"post-2931","1":"product","2":"type-product","3":"status-publish","4":"has-post-thumbnail","6":"product_cat-filologie","7":"product_cat-limbi-romanice-clasice-si-orientale","8":"product_tag-spaniola","10":"first","11":"instock","12":"shipping-taxable","13":"purchasable","14":"product-type-simple"},"_links":{"self":[{"href":"https:\/\/editura-unibuc.ro\/en\/wp-json\/wp\/v2\/product\/2931","targetHints":{"allow":["GET"]}}],"collection":[{"href":"https:\/\/editura-unibuc.ro\/en\/wp-json\/wp\/v2\/product"}],"about":[{"href":"https:\/\/editura-unibuc.ro\/en\/wp-json\/wp\/v2\/types\/product"}],"replies":[{"embeddable":true,"href":"https:\/\/editura-unibuc.ro\/en\/wp-json\/wp\/v2\/comments?post=2931"}],"wp:featuredmedia":[{"embeddable":true,"href":"https:\/\/editura-unibuc.ro\/en\/wp-json\/wp\/v2\/media\/10357"}],"wp:attachment":[{"href":"https:\/\/editura-unibuc.ro\/en\/wp-json\/wp\/v2\/media?parent=2931"}],"wp:term":[{"taxonomy":"product_brand","embeddable":true,"href":"https:\/\/editura-unibuc.ro\/en\/wp-json\/wp\/v2\/product_brand?post=2931"},{"taxonomy":"product_cat","embeddable":true,"href":"https:\/\/editura-unibuc.ro\/en\/wp-json\/wp\/v2\/product_cat?post=2931"},{"taxonomy":"product_tag","embeddable":true,"href":"https:\/\/editura-unibuc.ro\/en\/wp-json\/wp\/v2\/product_tag?post=2931"}],"curies":[{"name":"wp","href":"https:\/\/api.w.org\/{rel}","templated":true}]}}