{"id":2935,"date":"2012-10-10T12:23:22","date_gmt":"2012-10-10T09:23:22","guid":{"rendered":"https:\/\/editura-unibuc.ro\/?p=2935"},"modified":"2015-03-13T18:29:48","modified_gmt":"2015-03-13T16:29:48","slug":"estudios-hispanicos-ii-literatura","status":"publish","type":"product","link":"https:\/\/editura-unibuc.ro\/en\/estudios-hispanicos-ii-literatura\/","title":{"rendered":"HISPANIC STUDIES II. LITERATURE"},"content":{"rendered":"<p>Contactos culturales: memoria y po\u00e9tica de la traducc\u00edon. Temas cl\u00e1sicos y medievales. Hitos de la historia literaria. Desde las vanguardias a la postmodernidad.<\/p>\n","protected":false},"excerpt":{"rendered":"<p>Contactos culturales: memoria y po\u00e9tica de la traducc\u00edon. Temas cl\u00e1sicos y medievales. Hitos de la historia literaria. Desde las vanguardias a la postmodernidad.<\/p>\n","protected":false},"featured_media":10354,"comment_status":"open","ping_status":"closed","template":"","meta":[],"product_brand":[],"product_cat":[1464,980],"product_tag":[919,880],"class_list":{"0":"post-2935","1":"product","2":"type-product","3":"status-publish","4":"has-post-thumbnail","6":"product_cat-filologie","7":"product_cat-limbi-romanice-clasice-si-orientale","8":"product_tag-literatura","9":"product_tag-spaniola","11":"first","12":"instock","13":"shipping-taxable","14":"purchasable","15":"product-type-simple"},"_links":{"self":[{"href":"https:\/\/editura-unibuc.ro\/en\/wp-json\/wp\/v2\/product\/2935","targetHints":{"allow":["GET"]}}],"collection":[{"href":"https:\/\/editura-unibuc.ro\/en\/wp-json\/wp\/v2\/product"}],"about":[{"href":"https:\/\/editura-unibuc.ro\/en\/wp-json\/wp\/v2\/types\/product"}],"replies":[{"embeddable":true,"href":"https:\/\/editura-unibuc.ro\/en\/wp-json\/wp\/v2\/comments?post=2935"}],"wp:featuredmedia":[{"embeddable":true,"href":"https:\/\/editura-unibuc.ro\/en\/wp-json\/wp\/v2\/media\/10354"}],"wp:attachment":[{"href":"https:\/\/editura-unibuc.ro\/en\/wp-json\/wp\/v2\/media?parent=2935"}],"wp:term":[{"taxonomy":"product_brand","embeddable":true,"href":"https:\/\/editura-unibuc.ro\/en\/wp-json\/wp\/v2\/product_brand?post=2935"},{"taxonomy":"product_cat","embeddable":true,"href":"https:\/\/editura-unibuc.ro\/en\/wp-json\/wp\/v2\/product_cat?post=2935"},{"taxonomy":"product_tag","embeddable":true,"href":"https:\/\/editura-unibuc.ro\/en\/wp-json\/wp\/v2\/product_tag?post=2935"}],"curies":[{"name":"wp","href":"https:\/\/api.w.org\/{rel}","templated":true}]}}