{"id":2941,"date":"2012-10-10T12:34:24","date_gmt":"2012-10-10T09:34:24","guid":{"rendered":"https:\/\/editura-unibuc.ro\/?p=2941"},"modified":"2024-04-12T10:53:48","modified_gmt":"2024-04-12T07:53:48","slug":"traditii-in-dialog-volum-de-lucrari-al-catedrei-de-limbi-orientale-facultatea-de-limbi-si-literaturi-straine-universitatea-din-bucuresti","status":"publish","type":"product","link":"https:\/\/editura-unibuc.ro\/en\/traditii-in-dialog-volum-de-lucrari-al-catedrei-de-limbi-orientale-facultatea-de-limbi-si-literaturi-straine-universitatea-din-bucuresti\/","title":{"rendered":"TRADITIONS IN DIALOGUE \u2013 PAPERS OF THE DEPARTMENT FOR ORIENTAL LANGUAGES, FOREIGN LANGUAGES AND LITERATURES FACULTY, BUCHAREST UNIVERSITY"},"content":{"rendered":"<p>Cunoa\u0219terea de sine \u0219i definirea umanit\u0103\u021bii moderne au presupus un efort special de \u00een\u021belegere a ceea ce apropie \u0219i a ceea ce distinge culturile, o tot mai accentuat\u0103 con\u0219tientizare a patrimoniului comun, a nevoii de unitate intelectual\u0103 care s\u0103-i gireze proiectul ascensorial. Situa\u021bia actual\u0103 a lumii cere continuarea acestui demers, o mai complex\u0103 \u00een\u021belegere a configura\u021biei post-eurocentrice, care s\u0103 \u021bin\u0103 cont de diversele culturi care s-au dezvoltat \u0219i se manifest\u0103 ca entit\u0103\u021bi integrate, nu ca monade izolate. Volumul de fa\u021b\u0103 reune\u0219te comunic\u0103rile prezentate la sesiunea \u0219tiin\u021bific\u0103 anual\u0103 a Catedrei de Limbi Orientale, Facultatea de Limbi \u0219i Literaturi Str\u0103ine, Universitatea din Bucure\u0219ti, sesiune care s-a desf\u0103\u0219urat sub emblema \u201eTradi\u021bii \u00een dialog\u201d.<\/p>","protected":false},"excerpt":{"rendered":"<p>Cunoa\u0219terea de sine \u0219i definirea umanit\u0103\u021bii moderne au presupus un efort special de \u00een\u021belegere a ceea ce apropie \u0219i a ceea ce distinge culturile, o tot mai accentuat\u0103 con\u0219tientizare a patrimoniului comun, a nevoii de unitate intelectual\u0103 care s\u0103-i gireze proiectul ascensorial. Situa\u021bia actual\u0103 a lumii cere continuarea acestui demers, o mai complex\u0103 \u00een\u021belegere a [&hellip;]<\/p>\n","protected":false},"featured_media":10351,"comment_status":"open","ping_status":"closed","template":"","meta":[],"product_brand":[],"product_cat":[1464,980],"product_tag":[1150],"class_list":{"0":"post-2941","1":"product","2":"type-product","3":"status-publish","4":"has-post-thumbnail","6":"product_cat-filologie","7":"product_cat-limbi-romanice-clasice-si-orientale","8":"product_tag-orientale","10":"first","11":"instock","12":"shipping-taxable","13":"purchasable","14":"product-type-simple"},"_links":{"self":[{"href":"https:\/\/editura-unibuc.ro\/en\/wp-json\/wp\/v2\/product\/2941","targetHints":{"allow":["GET"]}}],"collection":[{"href":"https:\/\/editura-unibuc.ro\/en\/wp-json\/wp\/v2\/product"}],"about":[{"href":"https:\/\/editura-unibuc.ro\/en\/wp-json\/wp\/v2\/types\/product"}],"replies":[{"embeddable":true,"href":"https:\/\/editura-unibuc.ro\/en\/wp-json\/wp\/v2\/comments?post=2941"}],"wp:featuredmedia":[{"embeddable":true,"href":"https:\/\/editura-unibuc.ro\/en\/wp-json\/wp\/v2\/media\/10351"}],"wp:attachment":[{"href":"https:\/\/editura-unibuc.ro\/en\/wp-json\/wp\/v2\/media?parent=2941"}],"wp:term":[{"taxonomy":"product_brand","embeddable":true,"href":"https:\/\/editura-unibuc.ro\/en\/wp-json\/wp\/v2\/product_brand?post=2941"},{"taxonomy":"product_cat","embeddable":true,"href":"https:\/\/editura-unibuc.ro\/en\/wp-json\/wp\/v2\/product_cat?post=2941"},{"taxonomy":"product_tag","embeddable":true,"href":"https:\/\/editura-unibuc.ro\/en\/wp-json\/wp\/v2\/product_tag?post=2941"}],"curies":[{"name":"wp","href":"https:\/\/api.w.org\/{rel}","templated":true}]}}