{"id":29478,"date":"2020-12-23T14:03:20","date_gmt":"2020-12-23T12:03:20","guid":{"rendered":"https:\/\/editura-unibuc.ro\/?post_type=product&#038;p=29478"},"modified":"2025-05-13T10:37:09","modified_gmt":"2025-05-13T07:37:09","slug":"terminologia-botanica-romaneasca-intre-traditie-si-influente-culturale","status":"publish","type":"product","link":"https:\/\/editura-unibuc.ro\/en\/terminologia-botanica-romaneasca-intre-traditie-si-influente-culturale\/","title":{"rendered":"TERMINOLOGIA BOTANIC\u0102 ROM\u00c2NEASC\u0102. \u00ceNTRE TRADI\u021aIE \u0218I INFLUEN\u021aE CULTURALE"},"content":{"rendered":"<hr \/>\n<p><strong><a href=\"https:\/\/books.google.ro\/books\/about?id=LaFCEAAAQBAJ&#038;redir_esc=y\" target=\"_blank\" rel=\"noopener\"><img decoding=\"async\" src=\"https:\/\/editura-unibuc.ro\/wp-content\/uploads\/2025\/04\/goo.png\" \/>Google Books<\/a><\/strong><br \/>&nbsp;<\/p>\n<hr \/>\n<p>Numele de plante rom\u00e2ne\u0219ti au format de regul\u0103, obiectul de studiu al botani\u0219tilor \u0219i mai rar al speciali\u0219tilor preocupa\u021bi de limba noastr\u0103 de cultur\u0103. Elaborarea unei lucr\u0103ri de cercetare documentar\u0103 original\u0103 este f\u0103r\u0103 \u00eendoial\u0103 o \u00eentreprindere ce presupune efort \u0219i maturitate de interpretare.<\/p>\n","protected":false},"excerpt":{"rendered":"<p>Google Books&nbsp; Numele de plante rom\u00e2ne\u0219ti au format de regul\u0103, obiectul de studiu al botani\u0219tilor \u0219i mai rar al speciali\u0219tilor preocupa\u021bi de limba noastr\u0103 de cultur\u0103. Elaborarea unei lucr\u0103ri de cercetare documentar\u0103 original\u0103 este f\u0103r\u0103 \u00eendoial\u0103 o \u00eentreprindere ce presupune efort \u0219i maturitate de interpretare.<\/p>\n","protected":false},"featured_media":29479,"comment_status":"open","ping_status":"closed","template":"","meta":[],"product_brand":[],"product_cat":[1531,2756,1464,979],"product_tag":[904,1996,3640,1159],"class_list":{"0":"post-29478","1":"product","2":"type-product","3":"status-publish","4":"has-post-thumbnail","6":"product_cat-colectii","7":"product_cat-lingvistica-lingua","8":"product_cat-filologie","9":"product_cat-limba-romana","10":"product_tag-biologie","11":"product_tag-botanica","12":"product_tag-nume-de-plante","13":"product_tag-terminologie","15":"first","16":"instock","17":"shipping-taxable","18":"purchasable","19":"product-type-simple"},"_links":{"self":[{"href":"https:\/\/editura-unibuc.ro\/en\/wp-json\/wp\/v2\/product\/29478","targetHints":{"allow":["GET"]}}],"collection":[{"href":"https:\/\/editura-unibuc.ro\/en\/wp-json\/wp\/v2\/product"}],"about":[{"href":"https:\/\/editura-unibuc.ro\/en\/wp-json\/wp\/v2\/types\/product"}],"replies":[{"embeddable":true,"href":"https:\/\/editura-unibuc.ro\/en\/wp-json\/wp\/v2\/comments?post=29478"}],"wp:featuredmedia":[{"embeddable":true,"href":"https:\/\/editura-unibuc.ro\/en\/wp-json\/wp\/v2\/media\/29479"}],"wp:attachment":[{"href":"https:\/\/editura-unibuc.ro\/en\/wp-json\/wp\/v2\/media?parent=29478"}],"wp:term":[{"taxonomy":"product_brand","embeddable":true,"href":"https:\/\/editura-unibuc.ro\/en\/wp-json\/wp\/v2\/product_brand?post=29478"},{"taxonomy":"product_cat","embeddable":true,"href":"https:\/\/editura-unibuc.ro\/en\/wp-json\/wp\/v2\/product_cat?post=29478"},{"taxonomy":"product_tag","embeddable":true,"href":"https:\/\/editura-unibuc.ro\/en\/wp-json\/wp\/v2\/product_tag?post=29478"}],"curies":[{"name":"wp","href":"https:\/\/api.w.org\/{rel}","templated":true}]}}