{"id":29492,"date":"2020-12-23T22:31:33","date_gmt":"2020-12-23T20:31:33","guid":{"rendered":"https:\/\/editura-unibuc.ro\/?post_type=product&#038;p=29492"},"modified":"2025-08-08T10:31:49","modified_gmt":"2025-08-08T07:31:49","slug":"images-de-linvisible-de-lantiquite-tardive-a-la-fin-du-moyen-age","status":"publish","type":"product","link":"https:\/\/editura-unibuc.ro\/en\/images-de-linvisible-de-lantiquite-tardive-a-la-fin-du-moyen-age\/","title":{"rendered":"IMAGES DE L\u2019INVISIBLE : DE L\u2019ANTIQUIT\u00c9 TARDIVE \u00c0 LA FIN DU MOYEN \u00c2GE"},"content":{"rendered":"<p>Fruit du colloque organis\u00e9 en 2017 par le Centre d\u2019\u00c9tudes M\u00e9di\u00e9vales, \u00e0 l\u2019Universit\u00e9<br \/>\nde Bucarest, les articles r\u00e9unis dans le pr\u00e9sent volume t\u00e9moignent de l\u2019importance attach\u00e9e<br \/>\n\u00e0 l\u2019Invisible dans la culture europ\u00e9enne depuis ses origines.<br \/>\nCes images de l\u2019Invisible, des repr\u00e9sentations textuelles et iconographiques, viennent<br \/>\ncompl\u00e9ter et enrichir nos connaissances sur le Moyen \u00c2ge, un univers indissociable du<br \/>\nSublime con\u00e7u du point de vue artistique ou th\u00e9ologique. En effet, les rituels, la religiosit\u00e9,<br \/>\nles gestes, voire les objets avaient comme but principal de rapprocher l\u2019\u00e2me humaine de<br \/>\nDieu. Pareillement, l\u2019\u00e9clat et la monumentalit\u00e9 de l\u2019art gothique, qui s\u2019adressaient dans un<br \/>\npremier temps aux sens, comportaient toujours une dimension symbolique et parfois<br \/>\nmystique. Cela revient \u00e0 dire que, dans toute partie de l\u2019univers cr\u00e9\u00e9, l\u2019homme m\u00e9di\u00e9val<br \/>\npouvait voir des images qui lui permettaient d\u2019entrevoir les traces de la divinit\u00e9 ou bien d\u2019un<br \/>\nmonde suprasensible, surnaturel, difficile \u00e0 saisir, mais tout aussi \u00ab r\u00e9el \u00bb que le monde<br \/>\nsensible, terrestre.<\/p>\n","protected":false},"excerpt":{"rendered":"<p>Fruit du colloque organis\u00e9 en 2017 par le Centre d\u2019\u00c9tudes M\u00e9di\u00e9vales, \u00e0 l\u2019Universit\u00e9 de Bucarest, les articles r\u00e9unis dans le pr\u00e9sent volume t\u00e9moignent de l\u2019importance attach\u00e9e \u00e0 l\u2019Invisible dans la culture europ\u00e9enne depuis ses origines. Ces images de l\u2019Invisible, des repr\u00e9sentations textuelles et iconographiques, viennent compl\u00e9ter et enrichir nos connaissances sur le Moyen \u00c2ge, un [&hellip;]<\/p>\n","protected":false},"featured_media":29486,"comment_status":"open","ping_status":"closed","template":"","meta":[],"product_brand":[],"product_cat":[1531,857,1464,976,977],"product_tag":[3649,3647,3648,3650,3651],"class_list":{"0":"post-29492","1":"product","2":"type-product","3":"status-publish","4":"has-post-thumbnail","6":"product_cat-colectii","7":"product_cat-colectia-mediaevalia","8":"product_cat-filologie","9":"product_cat-limba-engleza","10":"product_cat-limba-franceza","11":"product_tag-church-of-meculesti","12":"product_tag-empereur-justinian","13":"product_tag-melancolie","14":"product_tag-stamps","15":"product_tag-transylvania","17":"first","18":"outofstock","19":"shipping-taxable","20":"purchasable","21":"product-type-simple"},"_links":{"self":[{"href":"https:\/\/editura-unibuc.ro\/en\/wp-json\/wp\/v2\/product\/29492","targetHints":{"allow":["GET"]}}],"collection":[{"href":"https:\/\/editura-unibuc.ro\/en\/wp-json\/wp\/v2\/product"}],"about":[{"href":"https:\/\/editura-unibuc.ro\/en\/wp-json\/wp\/v2\/types\/product"}],"replies":[{"embeddable":true,"href":"https:\/\/editura-unibuc.ro\/en\/wp-json\/wp\/v2\/comments?post=29492"}],"wp:featuredmedia":[{"embeddable":true,"href":"https:\/\/editura-unibuc.ro\/en\/wp-json\/wp\/v2\/media\/29486"}],"wp:attachment":[{"href":"https:\/\/editura-unibuc.ro\/en\/wp-json\/wp\/v2\/media?parent=29492"}],"wp:term":[{"taxonomy":"product_brand","embeddable":true,"href":"https:\/\/editura-unibuc.ro\/en\/wp-json\/wp\/v2\/product_brand?post=29492"},{"taxonomy":"product_cat","embeddable":true,"href":"https:\/\/editura-unibuc.ro\/en\/wp-json\/wp\/v2\/product_cat?post=29492"},{"taxonomy":"product_tag","embeddable":true,"href":"https:\/\/editura-unibuc.ro\/en\/wp-json\/wp\/v2\/product_tag?post=29492"}],"curies":[{"name":"wp","href":"https:\/\/api.w.org\/{rel}","templated":true}]}}