{"id":2950,"date":"2012-10-10T13:57:31","date_gmt":"2012-10-10T10:57:31","guid":{"rendered":"https:\/\/editura-unibuc.ro\/?p=2950"},"modified":"2024-04-12T10:15:43","modified_gmt":"2024-04-12T07:15:43","slug":"studii-de-literatura-rusa-si-comparata-ii","status":"publish","type":"product","link":"https:\/\/editura-unibuc.ro\/en\/studii-de-literatura-rusa-si-comparata-ii\/","title":{"rendered":"STUDIES OF RUSSIAN AND COMPARATIVE LITERATURE II"},"content":{"rendered":"<p>Volumul de fa\u021b\u0103, al doilea din seria de studii, cuprinde o nou\u0103 selec\u021bie de lucr\u0103ri ale autorului, consacrate literaturii ruse \u0219i contactelor ei cu literatura rom\u00e2n\u0103. Prin diversitatea \u0219i actualitatea problematicii, studiile \u00eentrunite aici ofer\u0103 studen\u021bilor-filologi, masteranzilor \u0219i doctoranzilor, cadrelor didactice de profil din \u00eenv\u0103\u021b\u0103m\u00e2ntul universitar \u0219i preuniversitar, tuturor celor interesa\u021bi de literatur\u0103, posibilitatea de a-\u0219i l\u0103rgi \u0219i \u00eembog\u0103\u021bi orizontul literar cu realiz\u0103ri artistice intrate de mult \u00een planul valorilor universale. Iar haina lingvistic\u0103 \u00een care sunt prezentate textele \u00eei ajut\u0103 pe beneficiari s\u0103-\u0219i \u00eensu\u0219easc\u0103 instrumentarul, terminologia specific\u0103 a discursului critic \u00een limba specialit\u0103\u021bii.<\/p>","protected":false},"excerpt":{"rendered":"<p>Volumul de fa\u021b\u0103, al doilea din seria de studii, cuprinde o nou\u0103 selec\u021bie de lucr\u0103ri ale autorului, consacrate literaturii ruse \u0219i contactelor ei cu literatura rom\u00e2n\u0103. Prin diversitatea \u0219i actualitatea problematicii, studiile \u00eentrunite aici ofer\u0103 studen\u021bilor-filologi, masteranzilor \u0219i doctoranzilor, cadrelor didactice de profil din \u00eenv\u0103\u021b\u0103m\u00e2ntul universitar \u0219i preuniversitar, tuturor celor interesa\u021bi de literatur\u0103, posibilitatea de [&hellip;]<\/p>\n","protected":false},"featured_media":10346,"comment_status":"open","ping_status":"closed","template":"","meta":[],"product_brand":[],"product_cat":[1464,981],"product_tag":[919,1045],"class_list":{"0":"post-2950","1":"product","2":"type-product","3":"status-publish","4":"has-post-thumbnail","6":"product_cat-filologie","7":"product_cat-limbi-slave","8":"product_tag-literatura","9":"product_tag-rusa","11":"first","12":"instock","13":"shipping-taxable","14":"purchasable","15":"product-type-simple"},"_links":{"self":[{"href":"https:\/\/editura-unibuc.ro\/en\/wp-json\/wp\/v2\/product\/2950","targetHints":{"allow":["GET"]}}],"collection":[{"href":"https:\/\/editura-unibuc.ro\/en\/wp-json\/wp\/v2\/product"}],"about":[{"href":"https:\/\/editura-unibuc.ro\/en\/wp-json\/wp\/v2\/types\/product"}],"replies":[{"embeddable":true,"href":"https:\/\/editura-unibuc.ro\/en\/wp-json\/wp\/v2\/comments?post=2950"}],"wp:featuredmedia":[{"embeddable":true,"href":"https:\/\/editura-unibuc.ro\/en\/wp-json\/wp\/v2\/media\/10346"}],"wp:attachment":[{"href":"https:\/\/editura-unibuc.ro\/en\/wp-json\/wp\/v2\/media?parent=2950"}],"wp:term":[{"taxonomy":"product_brand","embeddable":true,"href":"https:\/\/editura-unibuc.ro\/en\/wp-json\/wp\/v2\/product_brand?post=2950"},{"taxonomy":"product_cat","embeddable":true,"href":"https:\/\/editura-unibuc.ro\/en\/wp-json\/wp\/v2\/product_cat?post=2950"},{"taxonomy":"product_tag","embeddable":true,"href":"https:\/\/editura-unibuc.ro\/en\/wp-json\/wp\/v2\/product_tag?post=2950"}],"curies":[{"name":"wp","href":"https:\/\/api.w.org\/{rel}","templated":true}]}}