{"id":29598,"date":"2021-01-07T18:33:33","date_gmt":"2021-01-07T16:33:33","guid":{"rendered":"https:\/\/editura-unibuc.ro\/?post_type=product&#038;p=29598"},"modified":"2025-08-08T12:22:29","modified_gmt":"2025-08-08T09:22:29","slug":"norma-si-uz-in-limbile-romanice-actuale","status":"publish","type":"product","link":"https:\/\/editura-unibuc.ro\/en\/norma-si-uz-in-limbile-romanice-actuale\/","title":{"rendered":"NORM\u0102 \u0218I UZ \u00ceN LIMBILE ROMANICE ACTUALE"},"content":{"rendered":"<p>ALEXANDRA CUNI\u021a\u0102, Norma ca resurs\u0103 discursiv\u0103;<br \/>\nCOMAN LUPU, Discursul media \u00een Rom\u00e2nia actual\u0103;<br \/>\nVICENT BELTRAN, PERE NAVARRO, Un tast de dialectologia catalana.<\/p>\n","protected":false},"excerpt":{"rendered":"<p>ALEXANDRA CUNI\u021a\u0102, Norma ca resurs\u0103 discursiv\u0103; COMAN LUPU, Discursul media \u00een Rom\u00e2nia actual\u0103; VICENT BELTRAN, PERE NAVARRO, Un tast de dialectologia catalana.<\/p>\n","protected":false},"featured_media":29592,"comment_status":"open","ping_status":"closed","template":"","meta":[],"product_brand":[],"product_cat":[1531,858,1464,980],"product_tag":[3668,1436,1489],"class_list":{"0":"post-29598","1":"product","2":"type-product","3":"status-publish","4":"has-post-thumbnail","6":"product_cat-colectii","7":"product_cat-colectia-romanica","8":"product_cat-filologie","9":"product_cat-limbi-romanice-clasice-si-orientale","10":"product_tag-dialectologie-catalana","11":"product_tag-pronuntie","12":"product_tag-verbe","14":"first","15":"outofstock","16":"shipping-taxable","17":"purchasable","18":"product-type-simple"},"_links":{"self":[{"href":"https:\/\/editura-unibuc.ro\/en\/wp-json\/wp\/v2\/product\/29598","targetHints":{"allow":["GET"]}}],"collection":[{"href":"https:\/\/editura-unibuc.ro\/en\/wp-json\/wp\/v2\/product"}],"about":[{"href":"https:\/\/editura-unibuc.ro\/en\/wp-json\/wp\/v2\/types\/product"}],"replies":[{"embeddable":true,"href":"https:\/\/editura-unibuc.ro\/en\/wp-json\/wp\/v2\/comments?post=29598"}],"wp:featuredmedia":[{"embeddable":true,"href":"https:\/\/editura-unibuc.ro\/en\/wp-json\/wp\/v2\/media\/29592"}],"wp:attachment":[{"href":"https:\/\/editura-unibuc.ro\/en\/wp-json\/wp\/v2\/media?parent=29598"}],"wp:term":[{"taxonomy":"product_brand","embeddable":true,"href":"https:\/\/editura-unibuc.ro\/en\/wp-json\/wp\/v2\/product_brand?post=29598"},{"taxonomy":"product_cat","embeddable":true,"href":"https:\/\/editura-unibuc.ro\/en\/wp-json\/wp\/v2\/product_cat?post=29598"},{"taxonomy":"product_tag","embeddable":true,"href":"https:\/\/editura-unibuc.ro\/en\/wp-json\/wp\/v2\/product_tag?post=29598"}],"curies":[{"name":"wp","href":"https:\/\/api.w.org\/{rel}","templated":true}]}}