{"id":29730,"date":"2021-01-21T17:54:31","date_gmt":"2021-01-21T15:54:31","guid":{"rendered":"https:\/\/editura-unibuc.ro\/?post_type=product&#038;p=29730"},"modified":"2025-04-28T13:40:09","modified_gmt":"2025-04-28T10:40:09","slug":"arhive-si-cunoastere","status":"publish","type":"product","link":"https:\/\/editura-unibuc.ro\/en\/arhive-si-cunoastere\/","title":{"rendered":"ARHIVE \u0218I CUNOA\u0218TERE"},"content":{"rendered":"<hr \/>\n<p><strong><a href=\"https:\/\/books.google.ro\/books\/about?id=gYNYEAAAQBAJ&#038;redir_esc=y\" target=\"_blank\" rel=\"noopener\"><img decoding=\"async\" src=\"https:\/\/editura-unibuc.ro\/wp-content\/uploads\/2025\/04\/goo.png\" \/>Google Books<\/a><\/strong><br \/>&nbsp;<\/p>\n<hr \/>\n<p>Studiile reunite \u00een acest volum sunt \u00een bun\u0103 parte rodul unui atelier de lucru organizat de Muzeul Na\u021bional al \u021a\u0103ranului Rom\u00e2n, \u00een parteneriat cu \u0218coala Na\u021bional\u0103 de Studii Politice \u0219i Administrative \u0219i cu Universitatea din Bucure\u0219ti, Facultatea de Istorie, Departamentul de Istorie Antic\u0103, Arheologie \u0219i Istoria Artei, \u00een 11-12 octombrie 2018, atelier intitulat \u201eArchives and Politics of Memory in Central and Eastern Europe: from Informal Practices to Formal Methodologies  \/ \u201eArhivele \u0219i politica memoriei din Europa Central\u0103 \u0219i de Est: de la practici informale la metodologii formale\u201d \u0219i a reunit cercet\u0103tori din domenii diverse: istorici, etnologi, istorici ai artei, curatori, arhivi\u0219ti).<\/p>\n","protected":false},"excerpt":{"rendered":"<p>Google Books&nbsp; Studiile reunite \u00een acest volum sunt \u00een bun\u0103 parte rodul unui atelier de lucru organizat de Muzeul Na\u021bional al \u021a\u0103ranului Rom\u00e2n, \u00een parteneriat cu \u0218coala Na\u021bional\u0103 de Studii Politice \u0219i Administrative \u0219i cu Universitatea din Bucure\u0219ti, Facultatea de Istorie, Departamentul de Istorie Antic\u0103, Arheologie \u0219i Istoria Artei, \u00een 11-12 octombrie 2018, atelier intitulat [&hellip;]<\/p>\n","protected":false},"featured_media":29727,"comment_status":"open","ping_status":"closed","template":"","meta":[],"product_brand":[],"product_cat":[991,995],"product_tag":[3680,3681,2676,1335,957,3678,3679,1875],"class_list":{"0":"post-29730","1":"product","2":"type-product","3":"status-publish","4":"has-post-thumbnail","6":"product_cat-stiinte-sociale","7":"product_cat-istorie-stiinte-politice","8":"product_tag-alina-pavelescu","9":"product_tag-arhive-de-folclor","10":"product_tag-bizant","11":"product_tag-china","12":"product_tag-etnologie","13":"product_tag-istoria-africii","14":"product_tag-marius-oprea","15":"product_tag-platon","17":"first","18":"instock","19":"shipping-taxable","20":"purchasable","21":"product-type-simple"},"_links":{"self":[{"href":"https:\/\/editura-unibuc.ro\/en\/wp-json\/wp\/v2\/product\/29730","targetHints":{"allow":["GET"]}}],"collection":[{"href":"https:\/\/editura-unibuc.ro\/en\/wp-json\/wp\/v2\/product"}],"about":[{"href":"https:\/\/editura-unibuc.ro\/en\/wp-json\/wp\/v2\/types\/product"}],"replies":[{"embeddable":true,"href":"https:\/\/editura-unibuc.ro\/en\/wp-json\/wp\/v2\/comments?post=29730"}],"wp:featuredmedia":[{"embeddable":true,"href":"https:\/\/editura-unibuc.ro\/en\/wp-json\/wp\/v2\/media\/29727"}],"wp:attachment":[{"href":"https:\/\/editura-unibuc.ro\/en\/wp-json\/wp\/v2\/media?parent=29730"}],"wp:term":[{"taxonomy":"product_brand","embeddable":true,"href":"https:\/\/editura-unibuc.ro\/en\/wp-json\/wp\/v2\/product_brand?post=29730"},{"taxonomy":"product_cat","embeddable":true,"href":"https:\/\/editura-unibuc.ro\/en\/wp-json\/wp\/v2\/product_cat?post=29730"},{"taxonomy":"product_tag","embeddable":true,"href":"https:\/\/editura-unibuc.ro\/en\/wp-json\/wp\/v2\/product_tag?post=29730"}],"curies":[{"name":"wp","href":"https:\/\/api.w.org\/{rel}","templated":true}]}}