{"id":29731,"date":"2021-01-21T17:56:32","date_gmt":"2021-01-21T15:56:32","guid":{"rendered":"https:\/\/editura-unibuc.ro\/?post_type=product&#038;p=29731"},"modified":"2023-11-27T10:02:02","modified_gmt":"2023-11-27T08:02:02","slug":"bulletin-mathematique-tome-63-111-no-3-2020","status":"publish","type":"product","link":"https:\/\/editura-unibuc.ro\/en\/bulletin-mathematique-tome-63-111-no-3-2020\/","title":{"rendered":"BULLETIN MATH\u00c9MATIQUE, TOME 63 (111) no. 3, 2020"},"content":{"rendered":"<p>BULLETIN MATH\u00c9MATIQUE de la Soci\u00e9t\u00e9 des sciences math\u00e9matiques de Roumanie, Nouvelle S\u00e9rie<\/p>\n","protected":false},"excerpt":{"rendered":"<p>BULLETIN MATH\u00c9MATIQUE de la Soci\u00e9t\u00e9 des sciences math\u00e9matiques de Roumanie, Nouvelle S\u00e9rie<\/p>\n","protected":false},"featured_media":29728,"comment_status":"open","ping_status":"closed","template":"","meta":[],"product_brand":[],"product_cat":[3939,982,986],"product_tag":[3682,3683],"class_list":{"0":"post-29731","1":"product","2":"type-product","3":"status-publish","4":"has-post-thumbnail","6":"product_cat-bulletin-mathematique","7":"product_cat-stiinte-exacte","8":"product_cat-matematica","9":"product_tag-pisot-and-salem-series","10":"product_tag-plane-graphs","12":"first","13":"outofstock","14":"shipping-taxable","15":"purchasable","16":"product-type-simple"},"_links":{"self":[{"href":"https:\/\/editura-unibuc.ro\/en\/wp-json\/wp\/v2\/product\/29731","targetHints":{"allow":["GET"]}}],"collection":[{"href":"https:\/\/editura-unibuc.ro\/en\/wp-json\/wp\/v2\/product"}],"about":[{"href":"https:\/\/editura-unibuc.ro\/en\/wp-json\/wp\/v2\/types\/product"}],"replies":[{"embeddable":true,"href":"https:\/\/editura-unibuc.ro\/en\/wp-json\/wp\/v2\/comments?post=29731"}],"wp:featuredmedia":[{"embeddable":true,"href":"https:\/\/editura-unibuc.ro\/en\/wp-json\/wp\/v2\/media\/29728"}],"wp:attachment":[{"href":"https:\/\/editura-unibuc.ro\/en\/wp-json\/wp\/v2\/media?parent=29731"}],"wp:term":[{"taxonomy":"product_brand","embeddable":true,"href":"https:\/\/editura-unibuc.ro\/en\/wp-json\/wp\/v2\/product_brand?post=29731"},{"taxonomy":"product_cat","embeddable":true,"href":"https:\/\/editura-unibuc.ro\/en\/wp-json\/wp\/v2\/product_cat?post=29731"},{"taxonomy":"product_tag","embeddable":true,"href":"https:\/\/editura-unibuc.ro\/en\/wp-json\/wp\/v2\/product_tag?post=29731"}],"curies":[{"name":"wp","href":"https:\/\/api.w.org\/{rel}","templated":true}]}}