{"id":2982,"date":"2012-10-15T12:27:07","date_gmt":"2012-10-15T09:27:07","guid":{"rendered":"https:\/\/editura-unibuc.ro\/?p=2982"},"modified":"2017-02-02T16:47:59","modified_gmt":"2017-02-02T14:47:59","slug":"umorul-politic-romanesc-in-perioada-comunista-perspective-lingvistice","status":"publish","type":"product","link":"https:\/\/editura-unibuc.ro\/en\/umorul-politic-romanesc-in-perioada-comunista-perspective-lingvistice\/","title":{"rendered":"ROMANIAN COMMUNIST POLITICAL HUMOUR. LINGUISTIC OUTLOOKS"},"content":{"rendered":"<p>Lucrarea de fa\u021b\u0103 reprezint\u0103 o contribu\u021bie modern\u0103 \u0219i original\u0103, cu o evident\u0103 deschidere interdisciplinar\u0103, la \u00een\u021belegerea unui fenomen care a constituit obiectul preocup\u0103rilor de cercetare ale unor speciali\u0219ti \u00een domenii extrem de diverse: umorul. Autoarea este preocupat\u0103 at\u00e2t de aspectele teoretice ale definirii fenomenului, implic\u00e2nd identificarea mecanismelor de func\u021bionare a acestuia, a strategiilor \u0219i m\u0103rcilor sale specifice, c\u00e2t \u0219i de configurarea \u0219i de transpunerea \u00een practic\u0103 a unei metodologii adecvate de analiz\u0103 a unor forme concrete variate de manifestare a umorului, care s\u0103 permit\u0103 formularea unor concluzii semnificative. Solu\u021bia pe care o propune pentru atingerea acestor obiective se situeaz\u0103 la confluen\u021ba dintre o abordare inductiv\u0103 \u0219i una deductiv\u0103 a problematicii avute \u00een vedere. Autoarea realizeaz\u0103, \u00een esen\u021b\u0103, un studiu de caz: umorul politic rom\u00e2nesc \u00een perioada comunist\u0103, fundamentat pe o construc\u021bie teoretic\u0103 \u0219i metodologic\u0103 proprie, care valorific\u0103 elemente compatibile ale unor teorii actuale ale umorului, selectate, combinate \u0219i ordonate \u00eentr-o manier\u0103 personal\u0103.(Prefa\u021b\u0103)<\/p>\n","protected":false},"excerpt":{"rendered":"<p>Lucrarea de fa\u021b\u0103 reprezint\u0103 o contribu\u021bie modern\u0103 \u0219i original\u0103, cu o evident\u0103 deschidere interdisciplinar\u0103, la \u00een\u021belegerea unui fenomen care a constituit obiectul preocup\u0103rilor de cercetare ale unor speciali\u0219ti \u00een domenii extrem de diverse: umorul. Autoarea este preocupat\u0103 at\u00e2t de aspectele teoretice ale definirii fenomenului, implic\u00e2nd identificarea mecanismelor de func\u021bionare a acestuia, a strategiilor \u0219i m\u0103rcilor [&hellip;]<\/p>\n","protected":false},"featured_media":10335,"comment_status":"open","ping_status":"closed","template":"","meta":[],"product_brand":[],"product_cat":[1464,979],"product_tag":[1207,925],"class_list":{"0":"post-2982","1":"product","2":"type-product","3":"status-publish","4":"has-post-thumbnail","6":"product_cat-filologie","7":"product_cat-limba-romana","8":"product_tag-comunism","9":"product_tag-romana","11":"first","12":"outofstock","13":"shipping-taxable","14":"purchasable","15":"product-type-simple"},"_links":{"self":[{"href":"https:\/\/editura-unibuc.ro\/en\/wp-json\/wp\/v2\/product\/2982","targetHints":{"allow":["GET"]}}],"collection":[{"href":"https:\/\/editura-unibuc.ro\/en\/wp-json\/wp\/v2\/product"}],"about":[{"href":"https:\/\/editura-unibuc.ro\/en\/wp-json\/wp\/v2\/types\/product"}],"replies":[{"embeddable":true,"href":"https:\/\/editura-unibuc.ro\/en\/wp-json\/wp\/v2\/comments?post=2982"}],"wp:featuredmedia":[{"embeddable":true,"href":"https:\/\/editura-unibuc.ro\/en\/wp-json\/wp\/v2\/media\/10335"}],"wp:attachment":[{"href":"https:\/\/editura-unibuc.ro\/en\/wp-json\/wp\/v2\/media?parent=2982"}],"wp:term":[{"taxonomy":"product_brand","embeddable":true,"href":"https:\/\/editura-unibuc.ro\/en\/wp-json\/wp\/v2\/product_brand?post=2982"},{"taxonomy":"product_cat","embeddable":true,"href":"https:\/\/editura-unibuc.ro\/en\/wp-json\/wp\/v2\/product_cat?post=2982"},{"taxonomy":"product_tag","embeddable":true,"href":"https:\/\/editura-unibuc.ro\/en\/wp-json\/wp\/v2\/product_tag?post=2982"}],"curies":[{"name":"wp","href":"https:\/\/api.w.org\/{rel}","templated":true}]}}