{"id":2986,"date":"2012-10-15T14:08:34","date_gmt":"2012-10-15T11:08:34","guid":{"rendered":"https:\/\/editura-unibuc.ro\/?p=2986"},"modified":"2025-08-07T12:12:34","modified_gmt":"2025-08-07T09:12:34","slug":"studii-de-validare-si-cercetari-aplicative-ale-psihoterapiei-experientiale-a-unificarii-transgenerationale-in-educatie-dezvoltare-personala-si-clinica-studiul-i-delirul-senzitiv-de-relatie-ca-meta","status":"publish","type":"product","link":"https:\/\/editura-unibuc.ro\/en\/studii-de-validare-si-cercetari-aplicative-ale-psihoterapiei-experientiale-a-unificarii-transgenerationale-in-educatie-dezvoltare-personala-si-clinica-studiul-i-delirul-senzitiv-de-relatie-ca-meta\/","title":{"rendered":"VALIDATION STUDIES AND APPLICATIVE RESEARCHES OF TRANSGENERATIONAL UNIFICATION EXPERIENTIAL PSYCHOTHERAPY ( in education, personal and clinic development). 1st study: THE RELATIONAL SENSITIVE DELIRIUM AS A METAPHOR OF THE TRANSGENERATIONAL AGRESSION"},"content":{"rendered":"<p>Inten\u021bia noastr\u0103 este de a apropia conceptele psihogenealogiei de axele de diagnostic psihiatric, \u00een ideea schi\u021b\u0103rii unei grile explicative transgenera\u021bionale a unui diagnostic psihiatric major (delirul senzitiv de rela\u021bie). De asemenea, \u00eencerc\u0103m s\u0103 ar\u0103t\u0103m c\u0103 \u0219i bolnavii considera\u021bi greu sau deloc responsivi la psihoterapie pot beneficia de efectele unei interven\u021bii orientate c\u0103tre unificare, prin abordare transgenera\u021bional-unificatoare. (Argument)<\/p>\n","protected":false},"excerpt":{"rendered":"<p>Inten\u021bia noastr\u0103 este de a apropia conceptele psihogenealogiei de axele de diagnostic psihiatric, \u00een ideea schi\u021b\u0103rii unei grile explicative transgenera\u021bionale a unui diagnostic psihiatric major (delirul senzitiv de rela\u021bie). De asemenea, \u00eencerc\u0103m s\u0103 ar\u0103t\u0103m c\u0103 \u0219i bolnavii considera\u021bi greu sau deloc responsivi la psihoterapie pot beneficia de efectele unei interven\u021bii orientate c\u0103tre unificare, prin abordare [&hellip;]<\/p>\n","protected":false},"featured_media":10328,"comment_status":"open","ping_status":"closed","template":"","meta":[],"product_brand":[],"product_cat":[991,997],"product_tag":[1111],"class_list":{"0":"post-2986","1":"product","2":"type-product","3":"status-publish","4":"has-post-thumbnail","6":"product_cat-stiinte-sociale","7":"product_cat-psihologie-stiintele-educatiei-si-pedagogie","8":"product_tag-psihologie","10":"first","11":"instock","12":"shipping-taxable","13":"purchasable","14":"product-type-simple"},"_links":{"self":[{"href":"https:\/\/editura-unibuc.ro\/en\/wp-json\/wp\/v2\/product\/2986","targetHints":{"allow":["GET"]}}],"collection":[{"href":"https:\/\/editura-unibuc.ro\/en\/wp-json\/wp\/v2\/product"}],"about":[{"href":"https:\/\/editura-unibuc.ro\/en\/wp-json\/wp\/v2\/types\/product"}],"replies":[{"embeddable":true,"href":"https:\/\/editura-unibuc.ro\/en\/wp-json\/wp\/v2\/comments?post=2986"}],"wp:featuredmedia":[{"embeddable":true,"href":"https:\/\/editura-unibuc.ro\/en\/wp-json\/wp\/v2\/media\/10328"}],"wp:attachment":[{"href":"https:\/\/editura-unibuc.ro\/en\/wp-json\/wp\/v2\/media?parent=2986"}],"wp:term":[{"taxonomy":"product_brand","embeddable":true,"href":"https:\/\/editura-unibuc.ro\/en\/wp-json\/wp\/v2\/product_brand?post=2986"},{"taxonomy":"product_cat","embeddable":true,"href":"https:\/\/editura-unibuc.ro\/en\/wp-json\/wp\/v2\/product_cat?post=2986"},{"taxonomy":"product_tag","embeddable":true,"href":"https:\/\/editura-unibuc.ro\/en\/wp-json\/wp\/v2\/product_tag?post=2986"}],"curies":[{"name":"wp","href":"https:\/\/api.w.org\/{rel}","templated":true}]}}