{"id":2999,"date":"2012-10-15T14:31:40","date_gmt":"2012-10-15T11:31:40","guid":{"rendered":"https:\/\/editura-unibuc.ro\/?p=2999"},"modified":"2017-12-11T10:09:06","modified_gmt":"2017-12-11T08:09:06","slug":"de-la-sintaxa-la-semantica","status":"publish","type":"product","link":"https:\/\/editura-unibuc.ro\/en\/de-la-sintaxa-la-semantica\/","title":{"rendered":"FROM SYNTAX TO SEMANTICS"},"content":{"rendered":"<p>Lucrarea de fa\u021b\u0103 pune \u00een eviden\u021b\u0103 aportul sintaxei la studiul fenomenelor semantice \u0219i al semanticii la analiza fenomenelor (morfo)sintactice, precum \u0219i rela\u021bia pe care sintaxa \u0219i semantica o stabilesc cu lexicul sau cu stilistica. Perspectiva integratoare semantico-sintactic\u0103 estompeaz\u0103 grani\u021bele tradi\u021bionale dintre clasele morfologice \u0219i permite analizarea unor procese complexe, relief\u00e2nd importan\u021ba pe care o au \u00een \u00eembog\u0103\u021birea vocabularului sau a claselor de morfeme gramaticale.<\/p>","protected":false},"excerpt":{"rendered":"<p>Lucrarea de fa\u021b\u0103 pune \u00een eviden\u021b\u0103 aportul sintaxei la studiul fenomenelor semantice \u0219i al semanticii la analiza fenomenelor (morfo)sintactice, precum \u0219i rela\u021bia pe care sintaxa \u0219i semantica o stabilesc cu lexicul sau cu stilistica. Perspectiva integratoare semantico-sintactic\u0103 estompeaz\u0103 grani\u021bele tradi\u021bionale dintre clasele morfologice \u0219i permite analizarea unor procese complexe, relief\u00e2nd importan\u021ba pe care o au [&hellip;]<\/p>\n","protected":false},"featured_media":10319,"comment_status":"open","ping_status":"closed","template":"","meta":[],"product_brand":[],"product_cat":[1464,979],"product_tag":[925],"class_list":{"0":"post-2999","1":"product","2":"type-product","3":"status-publish","4":"has-post-thumbnail","6":"product_cat-filologie","7":"product_cat-limba-romana","8":"product_tag-romana","10":"first","11":"outofstock","12":"shipping-taxable","13":"purchasable","14":"product-type-simple"},"_links":{"self":[{"href":"https:\/\/editura-unibuc.ro\/en\/wp-json\/wp\/v2\/product\/2999","targetHints":{"allow":["GET"]}}],"collection":[{"href":"https:\/\/editura-unibuc.ro\/en\/wp-json\/wp\/v2\/product"}],"about":[{"href":"https:\/\/editura-unibuc.ro\/en\/wp-json\/wp\/v2\/types\/product"}],"replies":[{"embeddable":true,"href":"https:\/\/editura-unibuc.ro\/en\/wp-json\/wp\/v2\/comments?post=2999"}],"wp:featuredmedia":[{"embeddable":true,"href":"https:\/\/editura-unibuc.ro\/en\/wp-json\/wp\/v2\/media\/10319"}],"wp:attachment":[{"href":"https:\/\/editura-unibuc.ro\/en\/wp-json\/wp\/v2\/media?parent=2999"}],"wp:term":[{"taxonomy":"product_brand","embeddable":true,"href":"https:\/\/editura-unibuc.ro\/en\/wp-json\/wp\/v2\/product_brand?post=2999"},{"taxonomy":"product_cat","embeddable":true,"href":"https:\/\/editura-unibuc.ro\/en\/wp-json\/wp\/v2\/product_cat?post=2999"},{"taxonomy":"product_tag","embeddable":true,"href":"https:\/\/editura-unibuc.ro\/en\/wp-json\/wp\/v2\/product_tag?post=2999"}],"curies":[{"name":"wp","href":"https:\/\/api.w.org\/{rel}","templated":true}]}}