{"id":3003,"date":"2012-10-16T13:22:43","date_gmt":"2012-10-16T10:22:43","guid":{"rendered":"https:\/\/editura-unibuc.ro\/?p=3003"},"modified":"2024-04-12T10:44:53","modified_gmt":"2024-04-12T07:44:53","slug":"compatibilitatea-marilor-religii-cu-performanta-economica-o-decriptare-economica-a-dogmelor-editia-a-ii-a","status":"publish","type":"product","link":"https:\/\/editura-unibuc.ro\/en\/compatibilitatea-marilor-religii-cu-performanta-economica-o-decriptare-economica-a-dogmelor-editia-a-ii-a\/","title":{"rendered":"THE COMPATIBILITY OF GREAT RELIGIONS WITH ECONOMIC PERFORMANCE \u2013 AN ECONOMIC UNRAVELLING OF DOGMAS (second edition)"},"content":{"rendered":"<p>Cea de a doua edi\u021bie a lucr\u0103rii lui Paul Fudulu aduce o modificare major\u0103 ce vizeaz\u0103 modul de decriptare a islamului \u0219i cre\u0219tinismului pe baza criteriului gradul de concentrare\/disipare a divinit\u0103\u021bii. \u00cen opinia autorului, modificarea rezultat\u0103 \u00een ierarhia de compatibilitate impus\u0103 de acest criteriu este acum perfect compatibil\u0103 cu ierarhiile rezultate pe baza celorlalte criterii. \u00cen acest fel, toate componentele de dogm\u0103 ale fiec\u0103reia dintre marile religii con\u021bin \u00eentr-o manier\u0103 criptat\u0103 acela\u0219i grad specific de compatibilitate cu performan\u021ba economic\u0103.<\/p>\n","protected":false},"excerpt":{"rendered":"<p>Cea de a doua edi\u021bie a lucr\u0103rii lui Paul Fudulu aduce o modificare major\u0103 ce vizeaz\u0103 modul de decriptare a islamului \u0219i cre\u0219tinismului pe baza criteriului gradul de concentrare\/disipare a divinit\u0103\u021bii. \u00cen opinia autorului, modificarea rezultat\u0103 \u00een ierarhia de compatibilitate impus\u0103 de acest criteriu este acum perfect compatibil\u0103 cu ierarhiile rezultate pe baza celorlalte criterii. [&hellip;]<\/p>\n","protected":false},"featured_media":10316,"comment_status":"open","ping_status":"closed","template":"","meta":[],"product_brand":[],"product_cat":[991,995],"product_tag":[1066,1067],"class_list":{"0":"post-3003","1":"product","2":"type-product","3":"status-publish","4":"has-post-thumbnail","6":"product_cat-stiinte-sociale","7":"product_cat-istorie-stiinte-politice","8":"product_tag-economie","9":"product_tag-religie","11":"first","12":"outofstock","13":"shipping-taxable","14":"purchasable","15":"product-type-simple"},"_links":{"self":[{"href":"https:\/\/editura-unibuc.ro\/en\/wp-json\/wp\/v2\/product\/3003","targetHints":{"allow":["GET"]}}],"collection":[{"href":"https:\/\/editura-unibuc.ro\/en\/wp-json\/wp\/v2\/product"}],"about":[{"href":"https:\/\/editura-unibuc.ro\/en\/wp-json\/wp\/v2\/types\/product"}],"replies":[{"embeddable":true,"href":"https:\/\/editura-unibuc.ro\/en\/wp-json\/wp\/v2\/comments?post=3003"}],"wp:featuredmedia":[{"embeddable":true,"href":"https:\/\/editura-unibuc.ro\/en\/wp-json\/wp\/v2\/media\/10316"}],"wp:attachment":[{"href":"https:\/\/editura-unibuc.ro\/en\/wp-json\/wp\/v2\/media?parent=3003"}],"wp:term":[{"taxonomy":"product_brand","embeddable":true,"href":"https:\/\/editura-unibuc.ro\/en\/wp-json\/wp\/v2\/product_brand?post=3003"},{"taxonomy":"product_cat","embeddable":true,"href":"https:\/\/editura-unibuc.ro\/en\/wp-json\/wp\/v2\/product_cat?post=3003"},{"taxonomy":"product_tag","embeddable":true,"href":"https:\/\/editura-unibuc.ro\/en\/wp-json\/wp\/v2\/product_tag?post=3003"}],"curies":[{"name":"wp","href":"https:\/\/api.w.org\/{rel}","templated":true}]}}