{"id":3008,"date":"2012-10-16T13:36:27","date_gmt":"2012-10-16T10:36:27","guid":{"rendered":"https:\/\/editura-unibuc.ro\/?p=3008"},"modified":"2020-03-06T12:42:28","modified_gmt":"2020-03-06T10:42:28","slug":"filosofie-si-cultura-in-honorem-alexandru-boboc-octoginta-annis","status":"publish","type":"product","link":"https:\/\/editura-unibuc.ro\/en\/filosofie-si-cultura-in-honorem-alexandru-boboc-octoginta-annis\/","title":{"rendered":"FILOSOFIE \u0218I CULTUR\u0102. IN HONOREM ALEXANDRU BOBOC. OCTOGINTA ANNIS"},"content":{"rendered":"<p>Nu este prima omagiere a acestui universitar \u0219i cercet\u0103tor de excep\u021bie (\u00een 2006 a ap\u0103rut, la Editura Vergiliu din Bucure\u0219ti, Semiotic\u0103 \u0219i filosofie \u2013 Profesorul Alexandru Boboc la 75 de ani). Prefa\u021bat\u0103 de men\u021bion\u0103ri ale realiz\u0103rilor \u0219tiin\u021bifice apar\u021bin\u00e2nd magistrului aniversat (acum la \u00eemplinirea a 80 de ani de via\u021b\u0103), prezenta culegere reliefeaz\u0103 at\u00e2t m\u0103rturii despre lucrul acestuia cu discipolii s\u0103i, c\u00e2t \u0219i domenii de studiu ale acestuia (Ioan N. Ro\u0219ca, \u201cAlexandru Boboc sau deschiderea cercet\u0103rii filosofice rom\u00e2ne\u0219ti spre universal\u201d; Ionel Necula, \u201cAlexandru Boboc \u00een afinit\u0103\u021bi elective cu filosoful Ion Petrovici\u201d). Pe de alt\u0103 parte, volumul, ce poart\u0103 semn\u0103turile unor personalit\u0103\u021bi cu forma\u021bie filosofic\u0103, ofer\u0103 perspective spre multiple ramuri ale filosofiei. Totul, prin prisma cuvintelor lui Alexandru Boboc: \u201cAm reu\u0219it o via\u021b\u0103 activ\u0103 \u00een care era important s\u0103 cau\u021bi s\u0103 \u00een\u021belegi \u0219i s\u0103 pui fiecare lucru la locul lui \u0219i pe tine la locul t\u0103u&#8230; \u0218i v\u0103 m\u0103rturisesc g\u00e2ndul ce l-am nutrit mereu: filosofia este totu\u0219i o form\u0103 de via\u021b\u0103\u201d. Apari\u021bia c\u0103r\u021bii a f\u0103cut obiectul edi\u021biei aniversare Alexandru Boboc a emisiunii Izvoare de filosofie (ciclu de emisiuni realizat de Constantin Aslam \u00een colaborare cu nume marcante \u2013 profesori, cercet\u0103tori, academicieni), 6 martie 2010, Radio Rom\u00e2nia Cultural.<\/p>","protected":false},"excerpt":{"rendered":"<p>Nu este prima omagiere a acestui universitar \u0219i cercet\u0103tor de excep\u021bie (\u00een 2006 a ap\u0103rut, la Editura Vergiliu din Bucure\u0219ti, Semiotic\u0103 \u0219i filosofie \u2013 Profesorul Alexandru Boboc la 75 de ani). Prefa\u021bat\u0103 de men\u021bion\u0103ri ale realiz\u0103rilor \u0219tiin\u021bifice apar\u021bin\u00e2nd magistrului aniversat (acum la \u00eemplinirea a 80 de ani de via\u021b\u0103), prezenta culegere reliefeaz\u0103 at\u00e2t m\u0103rturii despre [&hellip;]<\/p>\n","protected":false},"featured_media":10314,"comment_status":"open","ping_status":"closed","template":"","meta":[],"product_brand":[],"product_cat":[1531,2509,994],"product_tag":[920,921],"class_list":{"0":"post-3008","1":"product","2":"type-product","3":"status-publish","4":"has-post-thumbnail","6":"product_cat-colectii","7":"product_cat-personalitati-ale-universitatii-din-bucuresti","8":"product_cat-filosofie","9":"product_tag-cultura","10":"product_tag-filosofie","12":"first","13":"instock","14":"shipping-taxable","15":"purchasable","16":"product-type-simple"},"_links":{"self":[{"href":"https:\/\/editura-unibuc.ro\/en\/wp-json\/wp\/v2\/product\/3008","targetHints":{"allow":["GET"]}}],"collection":[{"href":"https:\/\/editura-unibuc.ro\/en\/wp-json\/wp\/v2\/product"}],"about":[{"href":"https:\/\/editura-unibuc.ro\/en\/wp-json\/wp\/v2\/types\/product"}],"replies":[{"embeddable":true,"href":"https:\/\/editura-unibuc.ro\/en\/wp-json\/wp\/v2\/comments?post=3008"}],"wp:featuredmedia":[{"embeddable":true,"href":"https:\/\/editura-unibuc.ro\/en\/wp-json\/wp\/v2\/media\/10314"}],"wp:attachment":[{"href":"https:\/\/editura-unibuc.ro\/en\/wp-json\/wp\/v2\/media?parent=3008"}],"wp:term":[{"taxonomy":"product_brand","embeddable":true,"href":"https:\/\/editura-unibuc.ro\/en\/wp-json\/wp\/v2\/product_brand?post=3008"},{"taxonomy":"product_cat","embeddable":true,"href":"https:\/\/editura-unibuc.ro\/en\/wp-json\/wp\/v2\/product_cat?post=3008"},{"taxonomy":"product_tag","embeddable":true,"href":"https:\/\/editura-unibuc.ro\/en\/wp-json\/wp\/v2\/product_tag?post=3008"}],"curies":[{"name":"wp","href":"https:\/\/api.w.org\/{rel}","templated":true}]}}