{"id":30101,"date":"2021-02-22T12:14:01","date_gmt":"2021-02-22T10:14:01","guid":{"rendered":"https:\/\/editura-unibuc.ro\/?post_type=product&#038;p=30101"},"modified":"2025-05-12T09:46:39","modified_gmt":"2025-05-12T06:46:39","slug":"nova-studia-classica-nova-series-vi-2019-communio-iuris-condivisione-ed-estensione-dei-diritti-civili-nella-civitas-romana","status":"publish","type":"product","link":"https:\/\/editura-unibuc.ro\/en\/nova-studia-classica-nova-series-vi-2019-communio-iuris-condivisione-ed-estensione-dei-diritti-civili-nella-civitas-romana\/","title":{"rendered":"NOVA STUDIA CLASSICA. NOVA SERIES. VI, 2019. <i>COMMUNIO IURIS<\/i>: CONDIVISIONE ED ESTENSIONE DEI DIRITTI CIVILI NELLA <i>CIVITAS ROMANA<\/i>"},"content":{"rendered":"<hr \/>\n<p><strong><a href=\"https:\/\/books.google.ro\/books\/about?id=syJAEAAAQBAJ&#038;redir_esc=y\" target=\"_blank\" rel=\"noopener\"><img decoding=\"async\" src=\"https:\/\/editura-unibuc.ro\/wp-content\/uploads\/2025\/04\/goo.png\" \/>Google Books<\/a><\/strong><br \/>&nbsp;<\/p>\n<hr \/>\n<p>\u201eIn questo processo dialettico la tesi e l\u2019antitesi, che abbiamo individuato nella istituzione della cittadinanza e nel suo confronto con chi \u00e8 ad essa estraneo, sono logicamente destinate a ricomporsi in sintesi, perch\u00e9 l\u2019apertura all\u2019alterit\u00e0 \u00e8 a ben guardare insita nell\u2019idea di una comunit\u00e0 che si fonda sui\u00a0<em>cives uti singuli<\/em>, senza che nessuno possa essere considerato diverso in quanto tutti sono diversi, e non hanno altro prerequisito da vantare che essere s\u00e9 stessi. Questa sintesi quindi non avviene una volta per tutte, bens\u00ec \u00e8 una tappa di un percorso costantemente stimolato dalla Storia: la\u00a0<em>civitas\u00a0<\/em>\u00e8\u00a0<em>augescens<\/em>\u00a0fin dall\u2019<em>asylum<\/em>\u00a0romuleo per arrivare all\u2019Editto di Caracalla, e auspicabilmente tale avrebbe dovuto restare nei confronti di tutti gli stranieri che nel corso del tempo si fossero confrontati con Roma.\u201d (LUCA CEGLIA)<\/p>\n<p>\u201ePer noi moderni, ci\u00f2 porta facilmente a riconoscere come il fondamento della legittimit\u00e0 della Costituzione europea non possa e non debba risiedere nell\u2019esistenza di un immaginario\u00a0<em>demos\u00a0<\/em>europeo, bens\u00ec nel principio di uguaglianza nei diritti fondamentali e in quello della pari dignit\u00e0 inviolabile delle persone.\u201d\u00a0(ANTONIO SACCOCCIO)<\/p>\n<p>\u201eAutorul c\u0103r\u021bii [\u2026], profesorul Luca Ceglia, dezv\u0103luie, cu acribia \u0219i minu\u021biozitatea caracteristice filologului clasic specialist \u00een istoria dreptului roman, tot ceea ce prive\u0219te metamorfozele conceptului de\u00a0<em>ciuitas Romana<\/em>, \u00een evolu\u021bia sa diacronic\u0103 impresionant\u0103, care porne\u0219te de la vestigiile epocii regalit\u0103\u021bii, \u00eencorporate \u00een normativele legislativ-juridice republicane, p\u00e2n\u0103 la profundele metamorfoze atestate de etapele v\u00e2rstei imperiale. Multe altele, inclusiv de ordin cultural \u0219i spiritual, vor avea loc de-a lungul \u00eenvolburatei istorii romane imperiale.\u201d (LIVIU FRANGA)<\/p>\n","protected":false},"excerpt":{"rendered":"<p>Google Books&nbsp; \u201eIn questo processo dialettico la tesi e l\u2019antitesi, che abbiamo individuato nella istituzione della cittadinanza e nel suo confronto con chi \u00e8 ad essa estraneo, sono logicamente destinate a ricomporsi in sintesi, perch\u00e9 l\u2019apertura all\u2019alterit\u00e0 \u00e8 a ben guardare insita nell\u2019idea di una comunit\u00e0 che si fonda sui\u00a0cives uti singuli, senza che nessuno [&hellip;]<\/p>\n","protected":false},"featured_media":30104,"comment_status":"open","ping_status":"closed","template":"","meta":[],"product_brand":[],"product_cat":[1531,856,1464,980],"product_tag":[1200,890,3703,3704],"class_list":{"0":"post-30101","1":"product","2":"type-product","3":"status-publish","4":"has-post-thumbnail","6":"product_cat-colectii","7":"product_cat-colectia-lci-limbi-culturi-identitati","8":"product_cat-filologie","9":"product_cat-limbi-romanice-clasice-si-orientale","10":"product_tag-cetatenie","11":"product_tag-filologie-clasica","12":"product_tag-istoria-dreptului-roman","13":"product_tag-teritoriu","15":"first","16":"outofstock","17":"shipping-taxable","18":"purchasable","19":"product-type-simple"},"_links":{"self":[{"href":"https:\/\/editura-unibuc.ro\/en\/wp-json\/wp\/v2\/product\/30101","targetHints":{"allow":["GET"]}}],"collection":[{"href":"https:\/\/editura-unibuc.ro\/en\/wp-json\/wp\/v2\/product"}],"about":[{"href":"https:\/\/editura-unibuc.ro\/en\/wp-json\/wp\/v2\/types\/product"}],"replies":[{"embeddable":true,"href":"https:\/\/editura-unibuc.ro\/en\/wp-json\/wp\/v2\/comments?post=30101"}],"wp:featuredmedia":[{"embeddable":true,"href":"https:\/\/editura-unibuc.ro\/en\/wp-json\/wp\/v2\/media\/30104"}],"wp:attachment":[{"href":"https:\/\/editura-unibuc.ro\/en\/wp-json\/wp\/v2\/media?parent=30101"}],"wp:term":[{"taxonomy":"product_brand","embeddable":true,"href":"https:\/\/editura-unibuc.ro\/en\/wp-json\/wp\/v2\/product_brand?post=30101"},{"taxonomy":"product_cat","embeddable":true,"href":"https:\/\/editura-unibuc.ro\/en\/wp-json\/wp\/v2\/product_cat?post=30101"},{"taxonomy":"product_tag","embeddable":true,"href":"https:\/\/editura-unibuc.ro\/en\/wp-json\/wp\/v2\/product_tag?post=30101"}],"curies":[{"name":"wp","href":"https:\/\/api.w.org\/{rel}","templated":true}]}}