{"id":3012,"date":"2012-10-16T14:00:00","date_gmt":"2012-10-16T11:00:00","guid":{"rendered":"https:\/\/editura-unibuc.ro\/?p=3012"},"modified":"2015-03-16T11:51:31","modified_gmt":"2015-03-16T09:51:31","slug":"universitate-si-politica-in-romania-postcomunista","status":"publish","type":"product","link":"https:\/\/editura-unibuc.ro\/en\/universitate-si-politica-in-romania-postcomunista\/","title":{"rendered":"UNIVERSITY AND POLITICS IN POSTCOMMUNIST ROMANIA"},"content":{"rendered":"<p>Parte a tezei de doctorat a autoarei, intitulat\u0103 <strong>Politica universit\u0103\u021bii. Politica universitar\u0103 \u00een postcomunism<\/strong>. Analiza modului \u00een care se construie\u0219te raportul dintre universitate \u0219i politic\u0103 \u00een Rom\u00e2nia postcomunist\u0103. O cercetare empiric\u0103 axat\u0103 pe radiografierea politicilor statului \u00een materie de \u00eenv\u0103\u021b\u0103m\u00e2nt superior \u0219i pe maniera \u00een care evolueaz\u0103 organizarea intern\u0103 a universit\u0103\u021bilor rom\u00e2ne\u0219ti.<\/p>\n<p>Alegerea temei este justificat\u0103 de importan\u021ba fundamental\u0103 a politicii educa\u021bionale \u00een reconstruc\u021bia statului democratic dup\u0103 decembrie 1989 \u0219i de absen\u021ba unor studii consistente asupra universit\u0103\u021bii \u00een perioada de tranzi\u021bie, din perspectiva  \u0219tiin\u021bei  politice. Este educa\u021bia  o prioritate pentru guvernele postcomuniste?<\/p>","protected":false},"excerpt":{"rendered":"<p>Parte a tezei de doctorat a autoarei, intitulat\u0103 Politica universit\u0103\u021bii. Politica universitar\u0103 \u00een postcomunism. Analiza modului \u00een care se construie\u0219te raportul dintre universitate \u0219i politic\u0103 \u00een Rom\u00e2nia postcomunist\u0103. O cercetare empiric\u0103 axat\u0103 pe radiografierea politicilor statului \u00een materie de \u00eenv\u0103\u021b\u0103m\u00e2nt superior \u0219i pe maniera \u00een care evolueaz\u0103 organizarea intern\u0103 a universit\u0103\u021bilor rom\u00e2ne\u0219ti. Alegerea temei este [&hellip;]<\/p>\n","protected":false},"featured_media":13654,"comment_status":"open","ping_status":"closed","template":"","meta":[],"product_brand":[],"product_cat":[991,995],"product_tag":[932,927,928],"class_list":{"0":"post-3012","1":"product","2":"type-product","3":"status-publish","4":"has-post-thumbnail","6":"product_cat-stiinte-sociale","7":"product_cat-istorie-stiinte-politice","8":"product_tag-politica","9":"product_tag-postcomunism","10":"product_tag-universitate","12":"first","13":"instock","14":"shipping-taxable","15":"purchasable","16":"product-type-simple"},"_links":{"self":[{"href":"https:\/\/editura-unibuc.ro\/en\/wp-json\/wp\/v2\/product\/3012","targetHints":{"allow":["GET"]}}],"collection":[{"href":"https:\/\/editura-unibuc.ro\/en\/wp-json\/wp\/v2\/product"}],"about":[{"href":"https:\/\/editura-unibuc.ro\/en\/wp-json\/wp\/v2\/types\/product"}],"replies":[{"embeddable":true,"href":"https:\/\/editura-unibuc.ro\/en\/wp-json\/wp\/v2\/comments?post=3012"}],"wp:featuredmedia":[{"embeddable":true,"href":"https:\/\/editura-unibuc.ro\/en\/wp-json\/wp\/v2\/media\/13654"}],"wp:attachment":[{"href":"https:\/\/editura-unibuc.ro\/en\/wp-json\/wp\/v2\/media?parent=3012"}],"wp:term":[{"taxonomy":"product_brand","embeddable":true,"href":"https:\/\/editura-unibuc.ro\/en\/wp-json\/wp\/v2\/product_brand?post=3012"},{"taxonomy":"product_cat","embeddable":true,"href":"https:\/\/editura-unibuc.ro\/en\/wp-json\/wp\/v2\/product_cat?post=3012"},{"taxonomy":"product_tag","embeddable":true,"href":"https:\/\/editura-unibuc.ro\/en\/wp-json\/wp\/v2\/product_tag?post=3012"}],"curies":[{"name":"wp","href":"https:\/\/api.w.org\/{rel}","templated":true}]}}