{"id":30174,"date":"2021-02-22T16:26:11","date_gmt":"2021-02-22T14:26:11","guid":{"rendered":"https:\/\/editura-unibuc.ro\/?post_type=product&#038;p=30174"},"modified":"2025-05-08T11:11:44","modified_gmt":"2025-05-08T08:11:44","slug":"eshatologia-in-teologia-pr-dumitru-staniloae-si-in-cea-a-lui-karl-barth-studiu-comparativ","status":"publish","type":"product","link":"https:\/\/editura-unibuc.ro\/en\/eshatologia-in-teologia-pr-dumitru-staniloae-si-in-cea-a-lui-karl-barth-studiu-comparativ\/","title":{"rendered":"ESHATOLOGIA \u00ceN TEOLOGIA PR. DUMITRU ST\u0102NILOAE \u0218I \u00ceN CEA A LUI KARL BARTH. STUDIU COMPARATIV"},"content":{"rendered":"<hr \/>\n<p><strong><a href=\"https:\/\/books.google.ro\/books\/about?id=Dcc7EAAAQBAJ&#038;redir_esc=y\" target=\"_blank\" rel=\"noopener\"><img decoding=\"async\" src=\"https:\/\/editura-unibuc.ro\/wp-content\/uploads\/2025\/04\/goo.png\" \/>Google Books<\/a><\/strong><br \/>&nbsp;<\/p>\n<hr \/>\n<p>De-a lungul secolelor, misterul vie\u021bii ve\u0219nice a fascinat \u0219i a n\u0103scut \u00eentreb\u0103ri multiple din partea tuturor teologilor, filosofilor sau g\u00e2nditorilor cre\u0219tini.<\/p>\n<p>\u00cen contrast cu accentele seculariste ale societ\u0103\u021bii contemporane, teologia P\u0103rintelui St\u0103niloae \u0219i cea a lui Karl Barth ofer\u0103 imaginea prezenteismului eshatologic al \u00cemp\u0103r\u0103\u0163iei lui Dumnezeu. At\u00e2t P\u0103rintele St\u0103niloae, c\u00e2t \u0219i teologia barthian\u0103 aduc \u00een prim-plan dimensiunea eshatologic\u0103 a teologiei \u0219i prezint\u0103 o eshatologie inaugurat\u0103, nu doar o eshatologie rezervat\u0103 exclusiv realit\u0103\u021bilor viitorului sau vie\u021bii de veci.<\/p>\n<p>Cei doi mari teologi ai secolului 20, P\u0103rintele Dumitru St\u0103niloae \u015fi Karl Barth, au fost deseori pu\u0219i \u00een analogie. P\u0103rintele St\u0103niloae a primit chiar apelativul de \u201eKarl Barth al R\u0103s\u0103ritului\u201d. Totodat\u0103, P\u0103rintele St\u0103niloae a apreciat \u00een mod deosebit teologia barthian\u0103. Deseori, mai ales \u00een <em>magnus opusu-ul<\/em> s\u0103u, <em>Teologia Dogmatic\u0103 Ortodox\u0103<\/em>, P\u0103rintele St\u0103niloae a citat din teologia lui Barth, apreciind deseori viziunea teologic\u0103 a lui Barth, care a reu\u0219it o reevaluare a teologiei protestante tradi\u021bionale, influen\u021b\u00e2nd-o \u00een mod pozitiv \u00een raport cu \u00eenv\u0103\u021b\u0103tura de credin\u021b\u0103 cre\u0219tin\u0103 ortodox\u0103. P\u0103rintele St\u0103niloae a salutat mai ales reconsiderarea de c\u0103tre Barth a pozi\u021biilor protestante referitoare la eshatologie, Biseric\u0103 \u0219i transcenden\u021ba lui Dumnezeu. Teologia eshatologic\u0103 a P\u0103rintelui St\u0103niloae descoper\u0103 o eshatologie prezenteist\u0103 \u0219i viitoare \u00een acela\u0219i timp, care este imprimat\u0103 lumii de la crea\u021bie \u0219i care se amplific\u0103 prin venirea Domnului Iisus Hristos \u00een lume. Fiorul ve\u0219niciei nu este ceva ascuns, ci se descoper\u0103 oamenilor care se \u00eemp\u0103rt\u0103\u0219esc cu Hristos prin Sfintele Taine, \u00een Biseric\u0103, prin lucrarea Sf\u00e2ntului Duh.<\/p>\n","protected":false},"excerpt":{"rendered":"<p>Google Books&nbsp; De-a lungul secolelor, misterul vie\u021bii ve\u0219nice a fascinat \u0219i a n\u0103scut \u00eentreb\u0103ri multiple din partea tuturor teologilor, filosofilor sau g\u00e2nditorilor cre\u0219tini. \u00cen contrast cu accentele seculariste ale societ\u0103\u021bii contemporane, teologia P\u0103rintelui St\u0103niloae \u0219i cea a lui Karl Barth ofer\u0103 imaginea prezenteismului eshatologic al \u00cemp\u0103r\u0103\u0163iei lui Dumnezeu. At\u00e2t P\u0103rintele St\u0103niloae, c\u00e2t \u0219i teologia barthian\u0103 [&hellip;]<\/p>\n","protected":false},"featured_media":30175,"comment_status":"open","ping_status":"closed","template":"","meta":[],"product_brand":[],"product_cat":[1531,2597,991,999],"product_tag":[3710,2928],"class_list":{"0":"post-30174","1":"product","2":"type-product","3":"status-publish","4":"has-post-thumbnail","6":"product_cat-colectii","7":"product_cat-studia-theologica","8":"product_cat-stiinte-sociale","9":"product_cat-teologie","10":"product_tag-dogma-ortodoxa","11":"product_tag-eshatologie","13":"first","14":"outofstock","15":"shipping-taxable","16":"product-type-simple"},"_links":{"self":[{"href":"https:\/\/editura-unibuc.ro\/en\/wp-json\/wp\/v2\/product\/30174","targetHints":{"allow":["GET"]}}],"collection":[{"href":"https:\/\/editura-unibuc.ro\/en\/wp-json\/wp\/v2\/product"}],"about":[{"href":"https:\/\/editura-unibuc.ro\/en\/wp-json\/wp\/v2\/types\/product"}],"replies":[{"embeddable":true,"href":"https:\/\/editura-unibuc.ro\/en\/wp-json\/wp\/v2\/comments?post=30174"}],"wp:featuredmedia":[{"embeddable":true,"href":"https:\/\/editura-unibuc.ro\/en\/wp-json\/wp\/v2\/media\/30175"}],"wp:attachment":[{"href":"https:\/\/editura-unibuc.ro\/en\/wp-json\/wp\/v2\/media?parent=30174"}],"wp:term":[{"taxonomy":"product_brand","embeddable":true,"href":"https:\/\/editura-unibuc.ro\/en\/wp-json\/wp\/v2\/product_brand?post=30174"},{"taxonomy":"product_cat","embeddable":true,"href":"https:\/\/editura-unibuc.ro\/en\/wp-json\/wp\/v2\/product_cat?post=30174"},{"taxonomy":"product_tag","embeddable":true,"href":"https:\/\/editura-unibuc.ro\/en\/wp-json\/wp\/v2\/product_tag?post=30174"}],"curies":[{"name":"wp","href":"https:\/\/api.w.org\/{rel}","templated":true}]}}