{"id":3026,"date":"2012-10-16T14:36:52","date_gmt":"2012-10-16T11:36:52","guid":{"rendered":"https:\/\/editura-unibuc.ro\/?p=3026"},"modified":"2017-12-11T10:07:45","modified_gmt":"2017-12-11T08:07:45","slug":"le-cinema-roumain-dans-la-periode-communiste-representations-de-lhistoire-nationale","status":"publish","type":"product","link":"https:\/\/editura-unibuc.ro\/en\/le-cinema-roumain-dans-la-periode-communiste-representations-de-lhistoire-nationale\/","title":{"rendered":"ROMANIAN CINEMA DURING THE COMMUNIST PERIOD. REPRESENTATIONS OF THE NATIONAL HISTORY"},"content":{"rendered":"<p>Teza de doctorat a autoarei \u2013 doctorat \u00een cotutel\u0103, Universitatea din Bourgogne \u0219i Universitatea din Bucure\u0219ti, conduc\u0103tori \u0219tiin\u021bifici Serge Wolikow \u0219i Lucian Boia.<\/p>\n<p>\u00abC&#8217;est un livre d&#8217;une valeur particuli\u00e8re et, surtout, tr\u00e8s n\u00e9cessaire. Par son haut niveau scientifique, il s&#8217;impose comme une riche contribution autant pour l&#8217;histoire des mentalit\u00e9s que pour l&#8217;espace public culturel et politique comme lieu d&#8217;\u00e9ducation des mentalit\u00e9s et de la m\u00e9moire collective d&#8217;un peuple.\u00bb (Elena Siupiur)<\/p>\n<p>\u00abSa documentation est excellente, son travail est s\u00e9rieux, intelligent, probl\u00e9matis\u00e9.\u00bb (Pierre Sorlin)<\/p>","protected":false},"excerpt":{"rendered":"<p>Teza de doctorat a autoarei \u2013 doctorat \u00een cotutel\u0103, Universitatea din Bourgogne \u0219i Universitatea din Bucure\u0219ti, conduc\u0103tori \u0219tiin\u021bifici Serge Wolikow \u0219i Lucian Boia. \u00abC&#8217;est un livre d&#8217;une valeur particuli\u00e8re et, surtout, tr\u00e8s n\u00e9cessaire. Par son haut niveau scientifique, il s&#8217;impose comme une riche contribution autant pour l&#8217;histoire des mentalit\u00e9s que pour l&#8217;espace public culturel et [&hellip;]<\/p>\n","protected":false},"featured_media":10303,"comment_status":"open","ping_status":"closed","template":"","meta":[],"product_brand":[],"product_cat":[991,995],"product_tag":[1333,1207,881],"class_list":{"0":"post-3026","1":"product","2":"type-product","3":"status-publish","4":"has-post-thumbnail","6":"product_cat-stiinte-sociale","7":"product_cat-istorie-stiinte-politice","8":"product_tag-cinema","9":"product_tag-comunism","10":"product_tag-istorie","12":"first","13":"outofstock","14":"shipping-taxable","15":"purchasable","16":"product-type-simple"},"_links":{"self":[{"href":"https:\/\/editura-unibuc.ro\/en\/wp-json\/wp\/v2\/product\/3026","targetHints":{"allow":["GET"]}}],"collection":[{"href":"https:\/\/editura-unibuc.ro\/en\/wp-json\/wp\/v2\/product"}],"about":[{"href":"https:\/\/editura-unibuc.ro\/en\/wp-json\/wp\/v2\/types\/product"}],"replies":[{"embeddable":true,"href":"https:\/\/editura-unibuc.ro\/en\/wp-json\/wp\/v2\/comments?post=3026"}],"wp:featuredmedia":[{"embeddable":true,"href":"https:\/\/editura-unibuc.ro\/en\/wp-json\/wp\/v2\/media\/10303"}],"wp:attachment":[{"href":"https:\/\/editura-unibuc.ro\/en\/wp-json\/wp\/v2\/media?parent=3026"}],"wp:term":[{"taxonomy":"product_brand","embeddable":true,"href":"https:\/\/editura-unibuc.ro\/en\/wp-json\/wp\/v2\/product_brand?post=3026"},{"taxonomy":"product_cat","embeddable":true,"href":"https:\/\/editura-unibuc.ro\/en\/wp-json\/wp\/v2\/product_cat?post=3026"},{"taxonomy":"product_tag","embeddable":true,"href":"https:\/\/editura-unibuc.ro\/en\/wp-json\/wp\/v2\/product_tag?post=3026"}],"curies":[{"name":"wp","href":"https:\/\/api.w.org\/{rel}","templated":true}]}}