{"id":30345,"date":"2021-03-02T11:26:36","date_gmt":"2021-03-02T09:26:36","guid":{"rendered":"https:\/\/editura-unibuc.ro\/?post_type=product&#038;p=30345"},"modified":"2023-11-27T10:01:36","modified_gmt":"2023-11-27T08:01:36","slug":"bulletin-mathematique-tome-63-111-no-4-2020","status":"publish","type":"product","link":"https:\/\/editura-unibuc.ro\/en\/bulletin-mathematique-tome-63-111-no-4-2020\/","title":{"rendered":"BULLETIN MATH\u00c9MATIQUE, TOME 63 (111) no. 4, 2020"},"content":{"rendered":"<p>BULLETIN MATH\u00c9MATIQUE de la Soci\u00e9t\u00e9 des sciences math\u00e9matiques de Roumanie, Nouvelle S\u00e9rie <\/p>\n","protected":false},"excerpt":{"rendered":"<p>BULLETIN MATH\u00c9MATIQUE de la Soci\u00e9t\u00e9 des sciences math\u00e9matiques de Roumanie, Nouvelle S\u00e9rie<\/p>\n","protected":false},"featured_media":30343,"comment_status":"open","ping_status":"closed","template":"","meta":[],"product_brand":[],"product_cat":[3939,1469,1893,982,986],"product_tag":[3714,3715,2445,3716],"class_list":{"0":"post-30345","1":"product","2":"type-product","3":"status-publish","4":"has-post-thumbnail","6":"product_cat-bulletin-mathematique","7":"product_cat-periodice","8":"product_cat-reviste-academice","9":"product_cat-stiinte-exacte","10":"product_cat-matematica","11":"product_tag-dedekind","12":"product_tag-hardy","13":"product_tag-polynomials","14":"product_tag-ramanujan-sums","16":"first","17":"outofstock","18":"shipping-taxable","19":"purchasable","20":"product-type-simple"},"_links":{"self":[{"href":"https:\/\/editura-unibuc.ro\/en\/wp-json\/wp\/v2\/product\/30345","targetHints":{"allow":["GET"]}}],"collection":[{"href":"https:\/\/editura-unibuc.ro\/en\/wp-json\/wp\/v2\/product"}],"about":[{"href":"https:\/\/editura-unibuc.ro\/en\/wp-json\/wp\/v2\/types\/product"}],"replies":[{"embeddable":true,"href":"https:\/\/editura-unibuc.ro\/en\/wp-json\/wp\/v2\/comments?post=30345"}],"wp:featuredmedia":[{"embeddable":true,"href":"https:\/\/editura-unibuc.ro\/en\/wp-json\/wp\/v2\/media\/30343"}],"wp:attachment":[{"href":"https:\/\/editura-unibuc.ro\/en\/wp-json\/wp\/v2\/media?parent=30345"}],"wp:term":[{"taxonomy":"product_brand","embeddable":true,"href":"https:\/\/editura-unibuc.ro\/en\/wp-json\/wp\/v2\/product_brand?post=30345"},{"taxonomy":"product_cat","embeddable":true,"href":"https:\/\/editura-unibuc.ro\/en\/wp-json\/wp\/v2\/product_cat?post=30345"},{"taxonomy":"product_tag","embeddable":true,"href":"https:\/\/editura-unibuc.ro\/en\/wp-json\/wp\/v2\/product_tag?post=30345"}],"curies":[{"name":"wp","href":"https:\/\/api.w.org\/{rel}","templated":true}]}}