{"id":30469,"date":"2021-03-11T12:19:30","date_gmt":"2021-03-11T10:19:30","guid":{"rendered":"https:\/\/editura-unibuc.ro\/?post_type=product&#038;p=30469"},"modified":"2025-09-18T11:25:26","modified_gmt":"2025-09-18T08:25:26","slug":"limba-si-literatura-romana-perspective-didactice-actele-celui-de-al-18-lea-si-al-19-lea-colocviu-international-al-departamentului-de-lingvistica-bucuresti-23-24-noiembrie-2018-si-22-23-noiembrie-20","status":"publish","type":"product","link":"https:\/\/editura-unibuc.ro\/en\/limba-si-literatura-romana-perspective-didactice-actele-celui-de-al-18-lea-si-al-19-lea-colocviu-international-al-departamentului-de-lingvistica-bucuresti-23-24-noiembrie-2018-si-22-23-noiembrie-20\/","title":{"rendered":"LIMBA \u0218I LITERATURA ROM\u00c2N\u0102. PERSPECTIVE DIDACTICE. ACTELE CELUI DE-AL 18-LEA \u0218I AL 19-LEA COLOCVIU INTERNA\u021aIONAL AL DEPARTAMENTULUI DE LINGVISTIC\u0102 (BUCURE\u0218TI 23-24 NOIEMBRIE 2018 \u0218I 22-23 NOIEMBRIE 2019)"},"content":{"rendered":"<p><\/p>\n<hr \/>\n<p><strong><a href=\"https:\/\/books.google.ro\/books\/about?id=GPg3EAAAQBAJ&amp;redir_esc=y\" target=\"_blank\" rel=\"noopener\"><img decoding=\"async\" src=\"https:\/\/editura-unibuc.ro\/wp-content\/uploads\/2025\/04\/goo.png\" \/>Google Books<\/a><\/strong><br \/>&nbsp;<\/p>\n<hr \/>\n<p>Volumul este util at\u00e2t pentru studen\u021bii \u0219i masteranzii care se preg\u0103tesc s\u0103 devin\u0103 profesori de limba \u0219i literatura rom\u00e2n\u0103 ca limb\u0103 matern\u0103 sau lectori de limba rom\u00e2n\u0103 ca limb\u0103 str\u0103in\u0103, c\u00e2t \u0219i pentru to\u021bi profesorii filologi interesa\u021bi s\u0103-\u0219i \u00eembun\u0103t\u0103\u021beasc\u0103 practicile didactice.<\/p>","protected":false},"excerpt":{"rendered":"<p>Google Books&nbsp; Volumul este util at\u00e2t pentru studen\u021bii \u0219i masteranzii care se preg\u0103tesc s\u0103 devin\u0103 profesori de limba \u0219i literatura rom\u00e2n\u0103 ca limb\u0103 matern\u0103 sau lectori de limba rom\u00e2n\u0103 ca limb\u0103 str\u0103in\u0103, c\u00e2t \u0219i pentru to\u021bi profesorii filologi interesa\u021bi s\u0103-\u0219i \u00eembun\u0103t\u0103\u021beasc\u0103 practicile didactice.<\/p>\n","protected":false},"featured_media":30467,"comment_status":"open","ping_status":"closed","template":"","meta":[],"product_brand":[],"product_cat":[3906,1464,979,1469],"product_tag":[1005,2694,2352,3726],"class_list":{"0":"post-30469","1":"product","2":"type-product","3":"status-publish","4":"has-post-thumbnail","6":"product_cat-lucrari-congrese","7":"product_cat-filologie","8":"product_cat-limba-romana","9":"product_cat-periodice","10":"product_tag-didactica","11":"product_tag-formare-didactica","12":"product_tag-limba-si-literatura-romana","13":"product_tag-profesori","15":"first","16":"outofstock","17":"shipping-taxable","18":"purchasable","19":"product-type-simple"},"_links":{"self":[{"href":"https:\/\/editura-unibuc.ro\/en\/wp-json\/wp\/v2\/product\/30469","targetHints":{"allow":["GET"]}}],"collection":[{"href":"https:\/\/editura-unibuc.ro\/en\/wp-json\/wp\/v2\/product"}],"about":[{"href":"https:\/\/editura-unibuc.ro\/en\/wp-json\/wp\/v2\/types\/product"}],"replies":[{"embeddable":true,"href":"https:\/\/editura-unibuc.ro\/en\/wp-json\/wp\/v2\/comments?post=30469"}],"wp:featuredmedia":[{"embeddable":true,"href":"https:\/\/editura-unibuc.ro\/en\/wp-json\/wp\/v2\/media\/30467"}],"wp:attachment":[{"href":"https:\/\/editura-unibuc.ro\/en\/wp-json\/wp\/v2\/media?parent=30469"}],"wp:term":[{"taxonomy":"product_brand","embeddable":true,"href":"https:\/\/editura-unibuc.ro\/en\/wp-json\/wp\/v2\/product_brand?post=30469"},{"taxonomy":"product_cat","embeddable":true,"href":"https:\/\/editura-unibuc.ro\/en\/wp-json\/wp\/v2\/product_cat?post=30469"},{"taxonomy":"product_tag","embeddable":true,"href":"https:\/\/editura-unibuc.ro\/en\/wp-json\/wp\/v2\/product_tag?post=30469"}],"curies":[{"name":"wp","href":"https:\/\/api.w.org\/{rel}","templated":true}]}}