{"id":3047,"date":"2012-10-17T10:07:37","date_gmt":"2012-10-17T07:07:37","guid":{"rendered":"https:\/\/editura-unibuc.ro\/?p=3047"},"modified":"2017-09-19T09:49:27","modified_gmt":"2017-09-19T06:49:27","slug":"populatia-tarii-fagarasului-in-secolul-al-xvii-lea-si-la-inceputul-secolului-al-xviii-lea","status":"publish","type":"product","link":"https:\/\/editura-unibuc.ro\/en\/populatia-tarii-fagarasului-in-secolul-al-xvii-lea-si-la-inceputul-secolului-al-xviii-lea\/","title":{"rendered":"F\u0102G\u0102RA\u0218 COUNTY POPULATION IN THE 17TH CENTURY AND AT THE BEGINNING OF THE 18TH CENTURY"},"content":{"rendered":"<p>Lucrarea privind popula\u021bia \u021a\u0103rii F\u0103g\u0103ra\u0219ului de la \u00eenceputul secolului al XVIII-lea \u00ee\u0219i propune continuarea cercet\u0103rilor \u00een aceast\u0103 direc\u021bie, deoarece, consider\u0103 autoarea, este vorba de o perioad\u0103 cu nenum\u0103rate probleme datorit\u0103 succesiunii unor crize economice, foamete, scumpete, epidemii, toate cu impact deosebit asupra dezvolt\u0103rii cantitative, structurale, morale a popula\u021biei. Cercetarea de fa\u021b\u0103 este o alt\u0103 pagin\u0103 din analiza realit\u0103\u021bilor f\u0103g\u0103r\u0103\u0219ene de la sf\u00e2r\u0219itul evului mediu, av\u00e2nd ca obiectiv reconstituirea dezvolt\u0103rii demografice. Documentele utilizate au fost numeroase, diverse, at\u00e2t edite \u2013 urbarii, jurnale, cronici, conscrieri ale t\u00e2rgove\u021bilor, acte juridice, liste ale boierilor \u2013, c\u00e2t \u0219i inedite.<\/p>","protected":false},"excerpt":{"rendered":"<p>Lucrarea privind popula\u021bia \u021a\u0103rii F\u0103g\u0103ra\u0219ului de la \u00eenceputul secolului al XVIII-lea \u00ee\u0219i propune continuarea cercet\u0103rilor \u00een aceast\u0103 direc\u021bie, deoarece, consider\u0103 autoarea, este vorba de o perioad\u0103 cu nenum\u0103rate probleme datorit\u0103 succesiunii unor crize economice, foamete, scumpete, epidemii, toate cu impact deosebit asupra dezvolt\u0103rii cantitative, structurale, morale a popula\u021biei. Cercetarea de fa\u021b\u0103 este o alt\u0103 pagin\u0103 [&hellip;]<\/p>\n","protected":false},"featured_media":10301,"comment_status":"open","ping_status":"closed","template":"","meta":[],"product_brand":[],"product_cat":[991,995],"product_tag":[881,1332],"class_list":{"0":"post-3047","1":"product","2":"type-product","3":"status-publish","4":"has-post-thumbnail","6":"product_cat-stiinte-sociale","7":"product_cat-istorie-stiinte-politice","8":"product_tag-istorie","9":"product_tag-transilvania","11":"first","12":"instock","13":"shipping-taxable","14":"purchasable","15":"product-type-simple"},"_links":{"self":[{"href":"https:\/\/editura-unibuc.ro\/en\/wp-json\/wp\/v2\/product\/3047","targetHints":{"allow":["GET"]}}],"collection":[{"href":"https:\/\/editura-unibuc.ro\/en\/wp-json\/wp\/v2\/product"}],"about":[{"href":"https:\/\/editura-unibuc.ro\/en\/wp-json\/wp\/v2\/types\/product"}],"replies":[{"embeddable":true,"href":"https:\/\/editura-unibuc.ro\/en\/wp-json\/wp\/v2\/comments?post=3047"}],"wp:featuredmedia":[{"embeddable":true,"href":"https:\/\/editura-unibuc.ro\/en\/wp-json\/wp\/v2\/media\/10301"}],"wp:attachment":[{"href":"https:\/\/editura-unibuc.ro\/en\/wp-json\/wp\/v2\/media?parent=3047"}],"wp:term":[{"taxonomy":"product_brand","embeddable":true,"href":"https:\/\/editura-unibuc.ro\/en\/wp-json\/wp\/v2\/product_brand?post=3047"},{"taxonomy":"product_cat","embeddable":true,"href":"https:\/\/editura-unibuc.ro\/en\/wp-json\/wp\/v2\/product_cat?post=3047"},{"taxonomy":"product_tag","embeddable":true,"href":"https:\/\/editura-unibuc.ro\/en\/wp-json\/wp\/v2\/product_tag?post=3047"}],"curies":[{"name":"wp","href":"https:\/\/api.w.org\/{rel}","templated":true}]}}