{"id":3052,"date":"2012-10-17T10:17:00","date_gmt":"2012-10-17T07:17:00","guid":{"rendered":"https:\/\/editura-unibuc.ro\/?p=3052"},"modified":"2025-08-07T09:57:38","modified_gmt":"2025-08-07T06:57:38","slug":"o-istorie-a-principatelor-romane-de-la-emancipare-politica-la-unire-1769-1859","status":"publish","type":"product","link":"https:\/\/editura-unibuc.ro\/en\/o-istorie-a-principatelor-romane-de-la-emancipare-politica-la-unire-1769-1859\/","title":{"rendered":"A HISTORY OF THE ROMANIAN PRINCIPALITIES. FROM POLITICAL EMANCIPATION TO UNION. 1769-1859"},"content":{"rendered":"<p>\u201eO istorie a principatelor rom\u00e2ne&#8230;\u201d este considerat\u0103 ca venind \u00een completarea sintezei \u201eIstoria modern\u0103 a Rom\u00e2nilor 1774\/1784-1918\u201d, ap\u0103rut\u0103 \u00een 2006. \u201eO dat\u0103 cu \u00eenf\u0103ptuirea Unirii Principatelor, na\u021biunea rom\u00e2n\u0103 \u00ee\u0219i consacr\u0103 existen\u021ba pe plan european, \u00ee\u0219i \u00eenscrie numele pe harta na\u021biunilor europene, a\u0219a dup\u0103 cum statul na\u021bional \u00ee\u0219i \u00eenscria numele, al\u0103turi de alte state europene, \u00een istoria universal\u0103. \u00cen continuare, trebuia s\u0103 se ac\u021bioneze pe linia dimensiunii sociale a ideii na\u021bionale, prin reformele institu\u021bionale \u0219i social-economice, \u00eenf\u0103ptuite \u00een timpul domniei lui AL.I.Cuza, urm\u00e2nd a se \u00eent\u0103ri at\u00e2t na\u021biunea rom\u00e2n\u0103, c\u00e2t \u0219i statul na\u021bional rom\u00e2n modern\u201d, noteaz\u0103 autorul \u00een Introducerea lucr\u0103rii.<\/p>","protected":false},"excerpt":{"rendered":"<p>\u201eO istorie a principatelor rom\u00e2ne&#8230;\u201d este considerat\u0103 ca venind \u00een completarea sintezei \u201eIstoria modern\u0103 a Rom\u00e2nilor 1774\/1784-1918\u201d, ap\u0103rut\u0103 \u00een 2006. \u201eO dat\u0103 cu \u00eenf\u0103ptuirea Unirii Principatelor, na\u021biunea rom\u00e2n\u0103 \u00ee\u0219i consacr\u0103 existen\u021ba pe plan european, \u00ee\u0219i \u00eenscrie numele pe harta na\u021biunilor europene, a\u0219a dup\u0103 cum statul na\u021bional \u00ee\u0219i \u00eenscria numele, al\u0103turi de alte state europene, \u00een [&hellip;]<\/p>\n","protected":false},"featured_media":10298,"comment_status":"open","ping_status":"closed","template":"","meta":[],"product_brand":[],"product_cat":[991,995],"product_tag":[881,1322],"class_list":{"0":"post-3052","1":"product","2":"type-product","3":"status-publish","4":"has-post-thumbnail","6":"product_cat-stiinte-sociale","7":"product_cat-istorie-stiinte-politice","8":"product_tag-istorie","9":"product_tag-istorie-moderna","11":"first","12":"outofstock","13":"shipping-taxable","14":"purchasable","15":"product-type-simple"},"_links":{"self":[{"href":"https:\/\/editura-unibuc.ro\/en\/wp-json\/wp\/v2\/product\/3052","targetHints":{"allow":["GET"]}}],"collection":[{"href":"https:\/\/editura-unibuc.ro\/en\/wp-json\/wp\/v2\/product"}],"about":[{"href":"https:\/\/editura-unibuc.ro\/en\/wp-json\/wp\/v2\/types\/product"}],"replies":[{"embeddable":true,"href":"https:\/\/editura-unibuc.ro\/en\/wp-json\/wp\/v2\/comments?post=3052"}],"wp:featuredmedia":[{"embeddable":true,"href":"https:\/\/editura-unibuc.ro\/en\/wp-json\/wp\/v2\/media\/10298"}],"wp:attachment":[{"href":"https:\/\/editura-unibuc.ro\/en\/wp-json\/wp\/v2\/media?parent=3052"}],"wp:term":[{"taxonomy":"product_brand","embeddable":true,"href":"https:\/\/editura-unibuc.ro\/en\/wp-json\/wp\/v2\/product_brand?post=3052"},{"taxonomy":"product_cat","embeddable":true,"href":"https:\/\/editura-unibuc.ro\/en\/wp-json\/wp\/v2\/product_cat?post=3052"},{"taxonomy":"product_tag","embeddable":true,"href":"https:\/\/editura-unibuc.ro\/en\/wp-json\/wp\/v2\/product_tag?post=3052"}],"curies":[{"name":"wp","href":"https:\/\/api.w.org\/{rel}","templated":true}]}}