{"id":30520,"date":"2021-03-14T08:55:03","date_gmt":"2021-03-14T06:55:03","guid":{"rendered":"https:\/\/editura-unibuc.ro\/?post_type=product&#038;p=30520"},"modified":"2025-05-08T11:01:03","modified_gmt":"2025-05-08T08:01:03","slug":"educatia-prin-lentila-echitatii-competitie-si-cooperare-in-scoala-romaneasca","status":"publish","type":"product","link":"https:\/\/editura-unibuc.ro\/en\/educatia-prin-lentila-echitatii-competitie-si-cooperare-in-scoala-romaneasca\/","title":{"rendered":"EDUCA\u021aIA PRIN LENTILA ECHIT\u0102\u021aII. COMPETI\u021aIE \u0218I COOPERARE \u00ceN \u0218COALA ROM\u00c2NEASC\u0102"},"content":{"rendered":"<p>Conferin\u021bele centrului de cercetare CCPEE au \u00een vedere asigurarea accesului \u0219i particip\u0103rii la educa\u021bie pentru to\u021bi actorii sistemului de \u00eenv\u0103\u021b\u0103m\u00e2nt, \u00een respectul echit\u0103\u021bii \u0219i incluziunii educa\u021bionale.<br \/>\n\u0218coala are un rol decisiv \u00een organizarea \u0219i proiectarea unei \u00eenv\u0103\u021b\u0103ri adecvate pentru t\u00e2n\u0103ra genera\u021bie. Devine tot mai important ca procesul educa\u021bional s\u0103 fie acompaniat \u0219i \/sau condus pentru a ob\u021bine rapid, real \u0219i eficient rezultate c\u00e2t mai bune, pentru fiecare dintre cei care \u00eenva\u021b\u0103.<br \/>\nConferin\u021ba a adus \u00eempreun\u0103 rezultatele studiilor \u0219i punctele de vedere ale colaboratorilor de la universit\u0103\u021bi rom\u00e2ne\u0219ti de prestigiu, grupa\u021bi \u00een ini\u021biativa GREI (Grupul Rom\u00e2n pentru Educa\u021bie Incluziv\u0103 \u2013 RENINCO), ale profesorilor din \u0218coala Doctoral\u0103 de \u0218tiin\u021bele Educa\u021biei de la FPSE, doctoranzilor \u0219i absolven\u021bilor acestei \u0219coli.<\/p>","protected":false},"excerpt":{"rendered":"<p>Conferin\u021bele centrului de cercetare CCPEE au \u00een vedere asigurarea accesului \u0219i particip\u0103rii la educa\u021bie pentru to\u021bi actorii sistemului de \u00eenv\u0103\u021b\u0103m\u00e2nt, \u00een respectul echit\u0103\u021bii \u0219i incluziunii educa\u021bionale. \u0218coala are un rol decisiv \u00een organizarea \u0219i proiectarea unei \u00eenv\u0103\u021b\u0103ri adecvate pentru t\u00e2n\u0103ra genera\u021bie. Devine tot mai important ca procesul educa\u021bional s\u0103 fie acompaniat \u0219i \/sau condus pentru [&hellip;]<\/p>\n","protected":false},"featured_media":30519,"comment_status":"open","ping_status":"closed","template":"","meta":[],"product_brand":[],"product_cat":[1531,2687,991,997],"product_tag":[3727,1040,3728],"class_list":{"0":"post-30520","1":"product","2":"type-product","3":"status-publish","4":"has-post-thumbnail","6":"product_cat-colectii","7":"product_cat-stiintele-educatiei","8":"product_cat-stiinte-sociale","9":"product_cat-psihologie-stiintele-educatiei-si-pedagogie","10":"product_tag-ccpee","11":"product_tag-conferinta","12":"product_tag-eductie","14":"first","15":"outofstock","16":"shipping-taxable","17":"purchasable","18":"product-type-simple"},"_links":{"self":[{"href":"https:\/\/editura-unibuc.ro\/en\/wp-json\/wp\/v2\/product\/30520","targetHints":{"allow":["GET"]}}],"collection":[{"href":"https:\/\/editura-unibuc.ro\/en\/wp-json\/wp\/v2\/product"}],"about":[{"href":"https:\/\/editura-unibuc.ro\/en\/wp-json\/wp\/v2\/types\/product"}],"replies":[{"embeddable":true,"href":"https:\/\/editura-unibuc.ro\/en\/wp-json\/wp\/v2\/comments?post=30520"}],"wp:featuredmedia":[{"embeddable":true,"href":"https:\/\/editura-unibuc.ro\/en\/wp-json\/wp\/v2\/media\/30519"}],"wp:attachment":[{"href":"https:\/\/editura-unibuc.ro\/en\/wp-json\/wp\/v2\/media?parent=30520"}],"wp:term":[{"taxonomy":"product_brand","embeddable":true,"href":"https:\/\/editura-unibuc.ro\/en\/wp-json\/wp\/v2\/product_brand?post=30520"},{"taxonomy":"product_cat","embeddable":true,"href":"https:\/\/editura-unibuc.ro\/en\/wp-json\/wp\/v2\/product_cat?post=30520"},{"taxonomy":"product_tag","embeddable":true,"href":"https:\/\/editura-unibuc.ro\/en\/wp-json\/wp\/v2\/product_tag?post=30520"}],"curies":[{"name":"wp","href":"https:\/\/api.w.org\/{rel}","templated":true}]}}