{"id":30552,"date":"2021-03-16T10:39:09","date_gmt":"2021-03-16T08:39:09","guid":{"rendered":"https:\/\/editura-unibuc.ro\/?post_type=product&#038;p=30552"},"modified":"2025-05-09T09:53:00","modified_gmt":"2025-05-09T06:53:00","slug":"la-variation-copule-clitique-sujet-en-romani-du-mexique-au-contact-de-ser-et-estar-de-lespagnol","status":"publish","type":"product","link":"https:\/\/editura-unibuc.ro\/en\/la-variation-copule-clitique-sujet-en-romani-du-mexique-au-contact-de-ser-et-estar-de-lespagnol\/","title":{"rendered":"LA VARIATION COPULE\/CLITIQUE SUJET EN ROMANI DU MEXIQUE AU CONTACT DE SER ET ESTAR DE L\u2019ESPAGNOL"},"content":{"rendered":"<p><\/p>\n<hr \/>\n<p><strong><a href=\"https:\/\/books.google.ro\/books\/about?id=sQlAEAAAQBAJ&#038;redir_esc=y\" target=\"_blank\" rel=\"noopener\"><img decoding=\"async\" src=\"https:\/\/editura-unibuc.ro\/wp-content\/uploads\/2025\/04\/goo.png\" \/>Google Books<\/a><\/strong><br \/>&nbsp;<\/p>\n<hr \/>\n<p>Aceast\u0103 tez\u0103 vizeaz\u0103 studiul alternan\u021bei din varietatea romani mexican\u0103 a copulei si cu cliticele substantivale  <em>-lo; -li\/-la; -le<\/em>.<\/p>","protected":false},"excerpt":{"rendered":"<p>Google Books&nbsp; Aceast\u0103 tez\u0103 vizeaz\u0103 studiul alternan\u021bei din varietatea romani mexican\u0103 a copulei si cu cliticele substantivale -lo; -li\/-la; -le.<\/p>\n","protected":false},"featured_media":30554,"comment_status":"open","ping_status":"closed","template":"","meta":[],"product_brand":[],"product_cat":[1531,856,1464,977],"product_tag":[3729,3730,895],"class_list":{"0":"post-30552","1":"product","2":"type-product","3":"status-publish","4":"has-post-thumbnail","6":"product_cat-colectii","7":"product_cat-colectia-lci-limbi-culturi-identitati","8":"product_cat-filologie","9":"product_cat-limba-franceza","10":"product_tag-america-latina","11":"product_tag-limba-romani","12":"product_tag-lingvistica","14":"first","15":"instock","16":"shipping-taxable","17":"purchasable","18":"product-type-simple"},"_links":{"self":[{"href":"https:\/\/editura-unibuc.ro\/en\/wp-json\/wp\/v2\/product\/30552","targetHints":{"allow":["GET"]}}],"collection":[{"href":"https:\/\/editura-unibuc.ro\/en\/wp-json\/wp\/v2\/product"}],"about":[{"href":"https:\/\/editura-unibuc.ro\/en\/wp-json\/wp\/v2\/types\/product"}],"replies":[{"embeddable":true,"href":"https:\/\/editura-unibuc.ro\/en\/wp-json\/wp\/v2\/comments?post=30552"}],"wp:featuredmedia":[{"embeddable":true,"href":"https:\/\/editura-unibuc.ro\/en\/wp-json\/wp\/v2\/media\/30554"}],"wp:attachment":[{"href":"https:\/\/editura-unibuc.ro\/en\/wp-json\/wp\/v2\/media?parent=30552"}],"wp:term":[{"taxonomy":"product_brand","embeddable":true,"href":"https:\/\/editura-unibuc.ro\/en\/wp-json\/wp\/v2\/product_brand?post=30552"},{"taxonomy":"product_cat","embeddable":true,"href":"https:\/\/editura-unibuc.ro\/en\/wp-json\/wp\/v2\/product_cat?post=30552"},{"taxonomy":"product_tag","embeddable":true,"href":"https:\/\/editura-unibuc.ro\/en\/wp-json\/wp\/v2\/product_tag?post=30552"}],"curies":[{"name":"wp","href":"https:\/\/api.w.org\/{rel}","templated":true}]}}