{"id":3063,"date":"2012-10-17T10:33:14","date_gmt":"2012-10-17T07:33:14","guid":{"rendered":"https:\/\/editura-unibuc.ro\/?p=3063"},"modified":"2025-08-07T11:04:14","modified_gmt":"2025-08-07T08:04:14","slug":"santiere-de-cercetare-in-stiintele-politice","status":"publish","type":"product","link":"https:\/\/editura-unibuc.ro\/en\/santiere-de-cercetare-in-stiintele-politice\/","title":{"rendered":"RESEARCH GROUNDS IN POLITICAL SCIENCES"},"content":{"rendered":"<p>Facultatea de \u0218tiin\u021be Politice a Universit\u0103\u021bii din Bucure\u0219ti are o \u00eendelungat\u0103 tradi\u021bie a dialogului interdisciplinar, tradi\u021bie forjat\u0103 prin revista Studia Politica \u0219i prin seminarele, conferin\u021bele \u0219i mesele rotunde organizate \u00een cadrul Institutului de Cercet\u0103ri Politice. Volumul de fa\u021b\u0103 continu\u0103 aceast\u0103 tradi\u021bie, reunind proiecte \u00een diverse stadii de realizare, cercet\u0103ri \u00een curs de cristalizare, precum \u0219i demersuri finalizate, \u0219i are totodat\u0103 onoarea de a g\u0103zdui contribu\u021bia prestigiosului profesor \u0219i cercet\u0103tor francez Philippe Claret, care investighez\u0103 conceptul de personalitate na\u021bional\u0103, legat dar \u0219i diferit de cel de identitate na\u021bional\u0103, elabor\u00e2nd creativ, pluridisciplinar \u0219i predominant psihologic, o tipologie a personalit\u0103\u021bilor na\u021bionale.<\/p>\n","protected":false},"excerpt":{"rendered":"<p>Facultatea de \u0218tiin\u021be Politice a Universit\u0103\u021bii din Bucure\u0219ti are o \u00eendelungat\u0103 tradi\u021bie a dialogului interdisciplinar, tradi\u021bie forjat\u0103 prin revista Studia Politica \u0219i prin seminarele, conferin\u021bele \u0219i mesele rotunde organizate \u00een cadrul Institutului de Cercet\u0103ri Politice. Volumul de fa\u021b\u0103 continu\u0103 aceast\u0103 tradi\u021bie, reunind proiecte \u00een diverse stadii de realizare, cercet\u0103ri \u00een curs de cristalizare, precum \u0219i [&hellip;]<\/p>\n","protected":false},"featured_media":10293,"comment_status":"open","ping_status":"closed","template":"","meta":[],"product_brand":[],"product_cat":[991,995],"product_tag":[1097],"class_list":{"0":"post-3063","1":"product","2":"type-product","3":"status-publish","4":"has-post-thumbnail","6":"product_cat-stiinte-sociale","7":"product_cat-istorie-stiinte-politice","8":"product_tag-stiinte-politice","10":"first","11":"outofstock","12":"shipping-taxable","13":"purchasable","14":"product-type-simple"},"_links":{"self":[{"href":"https:\/\/editura-unibuc.ro\/en\/wp-json\/wp\/v2\/product\/3063","targetHints":{"allow":["GET"]}}],"collection":[{"href":"https:\/\/editura-unibuc.ro\/en\/wp-json\/wp\/v2\/product"}],"about":[{"href":"https:\/\/editura-unibuc.ro\/en\/wp-json\/wp\/v2\/types\/product"}],"replies":[{"embeddable":true,"href":"https:\/\/editura-unibuc.ro\/en\/wp-json\/wp\/v2\/comments?post=3063"}],"wp:featuredmedia":[{"embeddable":true,"href":"https:\/\/editura-unibuc.ro\/en\/wp-json\/wp\/v2\/media\/10293"}],"wp:attachment":[{"href":"https:\/\/editura-unibuc.ro\/en\/wp-json\/wp\/v2\/media?parent=3063"}],"wp:term":[{"taxonomy":"product_brand","embeddable":true,"href":"https:\/\/editura-unibuc.ro\/en\/wp-json\/wp\/v2\/product_brand?post=3063"},{"taxonomy":"product_cat","embeddable":true,"href":"https:\/\/editura-unibuc.ro\/en\/wp-json\/wp\/v2\/product_cat?post=3063"},{"taxonomy":"product_tag","embeddable":true,"href":"https:\/\/editura-unibuc.ro\/en\/wp-json\/wp\/v2\/product_tag?post=3063"}],"curies":[{"name":"wp","href":"https:\/\/api.w.org\/{rel}","templated":true}]}}