{"id":30660,"date":"2021-03-26T13:25:54","date_gmt":"2021-03-26T11:25:54","guid":{"rendered":"https:\/\/editura-unibuc.ro\/?post_type=product&#038;p=30660"},"modified":"2025-05-08T12:18:15","modified_gmt":"2025-05-08T09:18:15","slug":"harti-ale-cunoasterii-sunete-miresme-si-miasme","status":"publish","type":"product","link":"https:\/\/editura-unibuc.ro\/en\/harti-ale-cunoasterii-sunete-miresme-si-miasme\/","title":{"rendered":"H\u0102R\u021aI ALE CUNOA\u0218TERII. SUNETE, MIRESME \u0218I MIASME"},"content":{"rendered":"<hr \/>\n<p><strong><a href=\"https:\/\/books.google.ro\/books\/about?id=rVY7EAAAQBAJ&#038;redir_esc=y\" target=\"_blank\" rel=\"noopener\"><img decoding=\"async\" src=\"https:\/\/editura-unibuc.ro\/wp-content\/uploads\/2025\/04\/goo.png\" \/>Google Books<\/a><\/strong><br \/>&nbsp;<\/p>\n<hr \/>\n<p>C U P R I N S<\/p>\n<p>Florica BECHET, LA CHROMATIQUE DES <em>AMOURS D\u2019OVIDE<\/em><br \/>\nAdela Livia CATAN\u0102, \u201cSMELL OF MATRIX\u201d: OLFACTORY IMAGERY AND DYSTOPIA IN <em>THE HANDMAID\u2019S TALE<\/em><br \/>\nIoana COSTA, <em>ELECTRUM<\/em> \u00ceN SEPTUAGINTA<br \/>\nAurora FIR\u0162A, L\u2019IMMAGINE OLFATTIVA NEL PRIMO CAPRONI<br \/>\nAlexandra Elena ILINA, PAS DE SENS SANS LES SENS<br \/>\nLiviu FRANGA, SCRIITORUL P\u00c2RVAN. SINESTEZII.<br \/>\nMariana FRANGA, EROSUL \u00ceN EPIGRAMA LATIN\u0102 PRENEOTERIC\u0102: SPECTACOL DE LUMINI, CULORI, EMO\u0162II \u015eI TEMPERATURI<br \/>\nSorana MAN, COVORUL RO\u015eU. SIMBOL \u015eI PREVESTIRE A MOR\u0162II \u00ceN TRAGEDIA <em>AGAMEMNON<\/em> A LUI ESCHIL<br \/>\nMonica MANOLACHI, RAINBOW RHYTHMS IN CONTEMPORARY CARIBBEAN POETRY<br \/>\nLumini\u021ba Mihaela NEAGU, THE USE OF PERCEPTION VERBS IN WITNESS STATEMENTS \u2013 A LEXICAL SEMANTIC PERSPECTIVE<br \/>\nPaula PASCARU, GLASUL AVANGARDEI CHINEZE<br \/>\nToader SAULEA, LES COULEURS DE SURVIE DANS <em>RITOURNELLE<\/em> DE LA FAIM DE LE CL\u00c9ZIO<br \/>\nMelania STANCU, MET\u00c1FORAS DE LA NATURALEZA IND\u00d3MITA. <em>VITALISMO<\/em> E <em>INTEGRALISMO<\/em> EN LA NOVELA DE BENJAM\u00cdN JARN\u00c9S<\/p>\n","protected":false},"excerpt":{"rendered":"<p>Google Books&nbsp; C U P R I N S Florica BECHET, LA CHROMATIQUE DES AMOURS D\u2019OVIDE Adela Livia CATAN\u0102, \u201cSMELL OF MATRIX\u201d: OLFACTORY IMAGERY AND DYSTOPIA IN THE HANDMAID\u2019S TALE Ioana COSTA, ELECTRUM \u00ceN SEPTUAGINTA Aurora FIR\u0162A, L\u2019IMMAGINE OLFATTIVA NEL PRIMO CAPRONI Alexandra Elena ILINA, PAS DE SENS SANS LES SENS Liviu FRANGA, SCRIITORUL P\u00c2RVAN. [&hellip;]<\/p>\n","protected":false},"featured_media":30662,"comment_status":"open","ping_status":"closed","template":"","meta":[],"product_brand":[],"product_cat":[1891,1464,980],"product_tag":[],"class_list":{"0":"post-30660","1":"product","2":"type-product","3":"status-publish","4":"has-post-thumbnail","6":"product_cat-download","7":"product_cat-filologie","8":"product_cat-limbi-romanice-clasice-si-orientale","10":"first","11":"instock","12":"downloadable","13":"virtual","14":"purchasable","15":"product-type-simple"},"_links":{"self":[{"href":"https:\/\/editura-unibuc.ro\/en\/wp-json\/wp\/v2\/product\/30660","targetHints":{"allow":["GET"]}}],"collection":[{"href":"https:\/\/editura-unibuc.ro\/en\/wp-json\/wp\/v2\/product"}],"about":[{"href":"https:\/\/editura-unibuc.ro\/en\/wp-json\/wp\/v2\/types\/product"}],"replies":[{"embeddable":true,"href":"https:\/\/editura-unibuc.ro\/en\/wp-json\/wp\/v2\/comments?post=30660"}],"wp:featuredmedia":[{"embeddable":true,"href":"https:\/\/editura-unibuc.ro\/en\/wp-json\/wp\/v2\/media\/30662"}],"wp:attachment":[{"href":"https:\/\/editura-unibuc.ro\/en\/wp-json\/wp\/v2\/media?parent=30660"}],"wp:term":[{"taxonomy":"product_brand","embeddable":true,"href":"https:\/\/editura-unibuc.ro\/en\/wp-json\/wp\/v2\/product_brand?post=30660"},{"taxonomy":"product_cat","embeddable":true,"href":"https:\/\/editura-unibuc.ro\/en\/wp-json\/wp\/v2\/product_cat?post=30660"},{"taxonomy":"product_tag","embeddable":true,"href":"https:\/\/editura-unibuc.ro\/en\/wp-json\/wp\/v2\/product_tag?post=30660"}],"curies":[{"name":"wp","href":"https:\/\/api.w.org\/{rel}","templated":true}]}}