{"id":3067,"date":"2012-10-17T10:48:39","date_gmt":"2012-10-17T07:48:39","guid":{"rendered":"https:\/\/editura-unibuc.ro\/?p=3067"},"modified":"2025-08-07T12:06:43","modified_gmt":"2025-08-07T09:06:43","slug":"studii-de-istorie-moderna-si-contemporana-politica-si-diplomatie-in-europa-secolelor-xix-xx","status":"publish","type":"product","link":"https:\/\/editura-unibuc.ro\/en\/studii-de-istorie-moderna-si-contemporana-politica-si-diplomatie-in-europa-secolelor-xix-xx\/","title":{"rendered":"MODERN AND CONTEMPORARY HISTORY STUDIES. POLITICS AND DIPLOMACY IN EUROPE DURING THE NINETEENTH AND TWENTIETH CENTURIES"},"content":{"rendered":"<p>Prezentul volum, o ini\u021biativ\u0103 a Atelierului de Studii Moderne a Facult\u0103\u021bii de Istorie, reune\u0219te o gam\u0103\u00a0 variat\u0103\u00a0 de studii privind istoria modern\u0103 \u0219i contemporan\u0103, universal\u0103 \u0219i rom\u00e2neasc\u0103. Studiile sunt semnate de tineri cercet\u0103tori. Ei \u0219i-au manifestat inten\u021bia de a redefini o serie de concepte sau idei care au stat la baza cercet\u0103rii istoriei\u00a0 \u00een cele dou\u0103\u00a0 secole analizate, din perspectiva unor noi surse sau a unor noi abord\u0103ri. Volumul este structurat pe dou\u0103\u00a0 sec\u021biuni, fiecare viz\u00e2nd cele dou\u0103\u00a0 etape din istoria Europei\u00a0 \u2013 epoca modern\u0103 \u0219i cea contemporan\u0103.<\/p>\n","protected":false},"excerpt":{"rendered":"<p>Prezentul volum, o ini\u021biativ\u0103 a Atelierului de Studii Moderne a Facult\u0103\u021bii de Istorie, reune\u0219te o gam\u0103\u00a0 variat\u0103\u00a0 de studii privind istoria modern\u0103 \u0219i contemporan\u0103, universal\u0103 \u0219i rom\u00e2neasc\u0103. Studiile sunt semnate de tineri cercet\u0103tori. Ei \u0219i-au manifestat inten\u021bia de a redefini o serie de concepte sau idei care au stat la baza cercet\u0103rii istoriei\u00a0 \u00een cele [&hellip;]<\/p>\n","protected":false},"featured_media":0,"comment_status":"open","ping_status":"closed","template":"","meta":[],"product_brand":[],"product_cat":[991,995],"product_tag":[881,1331,1322],"class_list":{"0":"post-3067","1":"product","2":"type-product","3":"status-publish","5":"product_cat-stiinte-sociale","6":"product_cat-istorie-stiinte-politice","7":"product_tag-istorie","8":"product_tag-istorie-contemporana","9":"product_tag-istorie-moderna","11":"first","12":"outofstock","13":"shipping-taxable","14":"purchasable","15":"product-type-simple"},"_links":{"self":[{"href":"https:\/\/editura-unibuc.ro\/en\/wp-json\/wp\/v2\/product\/3067","targetHints":{"allow":["GET"]}}],"collection":[{"href":"https:\/\/editura-unibuc.ro\/en\/wp-json\/wp\/v2\/product"}],"about":[{"href":"https:\/\/editura-unibuc.ro\/en\/wp-json\/wp\/v2\/types\/product"}],"replies":[{"embeddable":true,"href":"https:\/\/editura-unibuc.ro\/en\/wp-json\/wp\/v2\/comments?post=3067"}],"wp:attachment":[{"href":"https:\/\/editura-unibuc.ro\/en\/wp-json\/wp\/v2\/media?parent=3067"}],"wp:term":[{"taxonomy":"product_brand","embeddable":true,"href":"https:\/\/editura-unibuc.ro\/en\/wp-json\/wp\/v2\/product_brand?post=3067"},{"taxonomy":"product_cat","embeddable":true,"href":"https:\/\/editura-unibuc.ro\/en\/wp-json\/wp\/v2\/product_cat?post=3067"},{"taxonomy":"product_tag","embeddable":true,"href":"https:\/\/editura-unibuc.ro\/en\/wp-json\/wp\/v2\/product_tag?post=3067"}],"curies":[{"name":"wp","href":"https:\/\/api.w.org\/{rel}","templated":true}]}}