{"id":30693,"date":"2021-03-30T23:06:47","date_gmt":"2021-03-30T20:06:47","guid":{"rendered":"https:\/\/editura-unibuc.ro\/?post_type=product&#038;p=30693"},"modified":"2025-05-08T12:16:07","modified_gmt":"2025-05-08T09:16:07","slug":"gramaticile-academice-romanesti-intre-traditie-si-modernitate","status":"publish","type":"product","link":"https:\/\/editura-unibuc.ro\/en\/gramaticile-academice-romanesti-intre-traditie-si-modernitate\/","title":{"rendered":"GRAMATICILE ACADEMICE ROM\u00c2NE\u0218TI. \u00ceNTRE TRADI\u021aIE \u0218I MODERNITATE"},"content":{"rendered":"<hr \/>\n<p><strong><a href=\"https:\/\/books.google.ro\/books\/about?id=DPo3EAAAQBAJ&#038;redir_esc=y\" target=\"_blank\" rel=\"noopener\"><img decoding=\"async\" src=\"https:\/\/editura-unibuc.ro\/wp-content\/uploads\/2025\/04\/goo.png\" \/>Google Books<\/a><\/strong><br \/>&nbsp;<\/p>\n<hr \/>\n<p>Autoarea \u00ee\u0219i propune s\u0103 studieze comparativ cele dou\u0103 variante ale Gramaticii Academiei Rom\u00e2ne (GA 1963, 1966, \u0219i GALR 2005,2008), lucr\u0103ri-etalon ale culturii limbii na\u021bionale, percepute at\u00e2t de autori, c\u00e2t \u0219i de public, ca reprezentative pentru opozi\u021bia vechi vs. nou \u00een concep\u021bia \u0219i metodologia gramatical\u0103.<\/p>\n","protected":false},"excerpt":{"rendered":"<p>Google Books&nbsp; Autoarea \u00ee\u0219i propune s\u0103 studieze comparativ cele dou\u0103 variante ale Gramaticii Academiei Rom\u00e2ne (GA 1963, 1966, \u0219i GALR 2005,2008), lucr\u0103ri-etalon ale culturii limbii na\u021bionale, percepute at\u00e2t de autori, c\u00e2t \u0219i de public, ca reprezentative pentru opozi\u021bia vechi vs. nou \u00een concep\u021bia \u0219i metodologia gramatical\u0103.<\/p>\n","protected":false},"featured_media":30695,"comment_status":"open","ping_status":"closed","template":"","meta":[],"product_brand":[],"product_cat":[1531,2756,1464,979],"product_tag":[3744,3743],"class_list":{"0":"post-30693","1":"product","2":"type-product","3":"status-publish","4":"has-post-thumbnail","6":"product_cat-colectii","7":"product_cat-lingvistica-lingua","8":"product_cat-filologie","9":"product_cat-limba-romana","10":"product_tag-metodologia-gramaticii-academice","11":"product_tag-teorie-gramaticala-autohtona","13":"first","14":"instock","15":"shipping-taxable","16":"purchasable","17":"product-type-simple"},"_links":{"self":[{"href":"https:\/\/editura-unibuc.ro\/en\/wp-json\/wp\/v2\/product\/30693","targetHints":{"allow":["GET"]}}],"collection":[{"href":"https:\/\/editura-unibuc.ro\/en\/wp-json\/wp\/v2\/product"}],"about":[{"href":"https:\/\/editura-unibuc.ro\/en\/wp-json\/wp\/v2\/types\/product"}],"replies":[{"embeddable":true,"href":"https:\/\/editura-unibuc.ro\/en\/wp-json\/wp\/v2\/comments?post=30693"}],"wp:featuredmedia":[{"embeddable":true,"href":"https:\/\/editura-unibuc.ro\/en\/wp-json\/wp\/v2\/media\/30695"}],"wp:attachment":[{"href":"https:\/\/editura-unibuc.ro\/en\/wp-json\/wp\/v2\/media?parent=30693"}],"wp:term":[{"taxonomy":"product_brand","embeddable":true,"href":"https:\/\/editura-unibuc.ro\/en\/wp-json\/wp\/v2\/product_brand?post=30693"},{"taxonomy":"product_cat","embeddable":true,"href":"https:\/\/editura-unibuc.ro\/en\/wp-json\/wp\/v2\/product_cat?post=30693"},{"taxonomy":"product_tag","embeddable":true,"href":"https:\/\/editura-unibuc.ro\/en\/wp-json\/wp\/v2\/product_tag?post=30693"}],"curies":[{"name":"wp","href":"https:\/\/api.w.org\/{rel}","templated":true}]}}