{"id":30713,"date":"2021-04-01T13:58:48","date_gmt":"2021-04-01T10:58:48","guid":{"rendered":"https:\/\/editura-unibuc.ro\/?post_type=product&#038;p=30713"},"modified":"2025-05-05T08:44:44","modified_gmt":"2025-05-05T05:44:44","slug":"enlightened-attitudes-towards-otherness-tolerance-and-rationality-in-sir-walter-scotts-novels","status":"publish","type":"product","link":"https:\/\/editura-unibuc.ro\/en\/enlightened-attitudes-towards-otherness-tolerance-and-rationality-in-sir-walter-scotts-novels\/","title":{"rendered":"\u201cENLIGHTENED\u201d ATTITUDES TOWARDS OTHERNESS: TOLERANCE AND RATIONALITY IN SIR WALTER SCOTT\u2019S NOVELS"},"content":{"rendered":"<p><\/p>\n<hr \/>\n<p><strong><a href=\"https:\/\/books.google.ro\/books\/about?id=CENDEAAAQBAJ&amp;redir_esc=y\" target=\"_blank\" rel=\"noopener\"><img decoding=\"async\" src=\"https:\/\/editura-unibuc.ro\/wp-content\/uploads\/2025\/04\/goo.png\" \/>Google Books<\/a><\/strong><br \/>&nbsp;<\/p>\n<hr \/>\n<p>Studiul aduce o lumin\u0103 nou\u0103 asupra operei lui Walter Scott, ar\u0103t\u00e2nd relevan\u021ba ei \u00een contextul contemporan. Combin\u00e2nd \u00eentr-o abordare neo-formalist\u0103 teoriile lui Hayden White, Bogdan \u0218tef\u0103nescu \u0219i Mikhail Bakhtin, volumul de fa\u021b\u0103 demonstreaz\u0103 modul \u00een care alteritatea, \u00een fic\u021biunea lui Scott, aduce remediile necesare societ\u0103\u021bii, dac\u0103 societatea permite existen\u021ba alterit\u0103\u021bii al\u0103turi de ea, f\u0103r\u0103 \u00eencercarea de a-i \u0219terge diferen\u021bele. Importante sunt momentele de suspendare temporar\u0103 a codurilor culturale, \u00een stilul conservator al parodiei lui Bakhtin, permi\u021b\u00e2nd astfel o supap\u0103 de evacuare a tensiunilor sociale. Dincolo de jargonul tehnic, cartea pune \u00een fa\u021ba cititorului pasajele cele mai distractive din opera vast\u0103 a lui Scott, precum \u0219i un studiu interesant al iluminismului sco\u021bian \u0219i al sferei publice care a reu\u0219it s\u0103 \u00eencorporeze feedback-ul culturii populare, ajung\u00e2nd la \u00eenceput de secol XIX s\u0103 exporte modelul s\u0103u de succes \u00een \u00eentreaga lume.<\/p>","protected":false},"excerpt":{"rendered":"<p>Google Books&nbsp; Studiul aduce o lumin\u0103 nou\u0103 asupra operei lui Walter Scott, ar\u0103t\u00e2nd relevan\u021ba ei \u00een contextul contemporan. Combin\u00e2nd \u00eentr-o abordare neo-formalist\u0103 teoriile lui Hayden White, Bogdan \u0218tef\u0103nescu \u0219i Mikhail Bakhtin, volumul de fa\u021b\u0103 demonstreaz\u0103 modul \u00een care alteritatea, \u00een fic\u021biunea lui Scott, aduce remediile necesare societ\u0103\u021bii, dac\u0103 societatea permite existen\u021ba alterit\u0103\u021bii al\u0103turi de ea, [&hellip;]<\/p>\n","protected":false},"featured_media":30712,"comment_status":"open","ping_status":"closed","template":"","meta":[],"product_brand":[],"product_cat":[1531,1471,1464,976],"product_tag":[3747,3746],"class_list":{"0":"post-30713","1":"product","2":"type-product","3":"status-publish","4":"has-post-thumbnail","6":"product_cat-colectii","7":"product_cat-colectia-teze-de-doctorat","8":"product_cat-filologie","9":"product_cat-limba-engleza","10":"product_tag-enlightenment","11":"product_tag-scottish-romanticism","13":"first","14":"instock","15":"shipping-taxable","16":"purchasable","17":"product-type-simple"},"_links":{"self":[{"href":"https:\/\/editura-unibuc.ro\/en\/wp-json\/wp\/v2\/product\/30713","targetHints":{"allow":["GET"]}}],"collection":[{"href":"https:\/\/editura-unibuc.ro\/en\/wp-json\/wp\/v2\/product"}],"about":[{"href":"https:\/\/editura-unibuc.ro\/en\/wp-json\/wp\/v2\/types\/product"}],"replies":[{"embeddable":true,"href":"https:\/\/editura-unibuc.ro\/en\/wp-json\/wp\/v2\/comments?post=30713"}],"wp:featuredmedia":[{"embeddable":true,"href":"https:\/\/editura-unibuc.ro\/en\/wp-json\/wp\/v2\/media\/30712"}],"wp:attachment":[{"href":"https:\/\/editura-unibuc.ro\/en\/wp-json\/wp\/v2\/media?parent=30713"}],"wp:term":[{"taxonomy":"product_brand","embeddable":true,"href":"https:\/\/editura-unibuc.ro\/en\/wp-json\/wp\/v2\/product_brand?post=30713"},{"taxonomy":"product_cat","embeddable":true,"href":"https:\/\/editura-unibuc.ro\/en\/wp-json\/wp\/v2\/product_cat?post=30713"},{"taxonomy":"product_tag","embeddable":true,"href":"https:\/\/editura-unibuc.ro\/en\/wp-json\/wp\/v2\/product_tag?post=30713"}],"curies":[{"name":"wp","href":"https:\/\/api.w.org\/{rel}","templated":true}]}}