{"id":30748,"date":"2021-04-04T08:53:10","date_gmt":"2021-04-04T05:53:10","guid":{"rendered":"https:\/\/editura-unibuc.ro\/?post_type=product&#038;p=30748"},"modified":"2025-05-12T09:48:05","modified_gmt":"2025-05-12T06:48:05","slug":"o-abordare-culturala-a-procesului-de-internationalizare-a-invatamantului-superior-romanesc","status":"publish","type":"product","link":"https:\/\/editura-unibuc.ro\/en\/o-abordare-culturala-a-procesului-de-internationalizare-a-invatamantului-superior-romanesc\/","title":{"rendered":"O ABORDARE CULTURAL\u0102 A PROCESULUI DE INTERNA\u021aIONALIZARE A \u00ceNV\u0102\u021a\u0102M\u00c2NTULUI SUPERIOR ROM\u00c2NESC"},"content":{"rendered":"<p><\/p>\n<hr \/>\n<p><strong><a href=\"https:\/\/books.google.ro\/books\/about?id=2EJDEAAAQBAJ&#038;redir_esc=y\" target=\"_blank\" rel=\"noopener\"><img decoding=\"async\" src=\"https:\/\/editura-unibuc.ro\/wp-content\/uploads\/2025\/04\/goo.png\" \/>Google Books<\/a><\/strong><br \/>&nbsp;<\/p>\n<hr \/>\n<p>Lucrarea de fa\u021b\u0103 concentreaz\u0103 eforturile de construire a unui cadru de \u00een\u021belegere a interna\u021bionaliz\u0103rii \u00eenv\u0103\u021b\u0103m\u00e2ntului superior rom\u00e2nesc din perspectiv\u0103 cultural\u0103, prin sublinierea elementelor particulare ale mediului \u00een care este implementat\u0103.<br \/>\nCu o abordare interdisciplinar\u0103 \u2013 cu elemente care \u00eembin\u0103 domeniul filologic cu \u0219tiin\u021bele educa\u021biei \u2013 volumul de fa\u021b\u0103 \u00ee\u0219i propune s\u0103 analizeze modalitatea prin care dimensiunea cultural\u0103 a interna\u021bionaliz\u0103rii \u00eenv\u0103\u021b\u0103m\u00e2ntului superior se reflect\u0103 la nivel na\u021bional, institu\u021bional \u0219i individual, ating\u00e2nd deopotriv\u0103 aspecte de natur\u0103 teoretic\u0103 \u0219i pragmatic\u0103.<br \/>\nUrm\u0103rind un fir cronologic, studiul investigheaz\u0103 existen\u021ba \u0219i evolu\u021bia elementelor de factur\u0103 cultural\u0103, care constituie ast\u0103zi interna\u021bionalizarea educa\u021biei, de la apari\u021bia primelor institu\u021bii de \u00eenv\u0103\u021b\u0103m\u00e2nt superior \u00een spa\u021biul rom\u00e2nesc p\u00e2n\u0103 \u00een Rom\u00e2nia contemporan\u0103.<br \/>\nBazat\u0103 pe dou\u0103 tipuri de cercetare \u2013 calitativ\u0103 \u0219i cantitativ\u0103 \u2013 lucrarea are ca studiu de caz Universitatea din Bucure\u0219ti. Rezultatele acestui studiu pot ajuta at\u00e2t pe teoreticienii, c\u00e2t \u0219i pe practicienii din domeniul \u00eenv\u0103\u021b\u0103m\u00e2ntului superior s\u0103 \u00een\u021beleag\u0103 mai bine componenta cultural\u0103 a interna\u021bionaliz\u0103rii \u0219i eviden\u021biaz\u0103, totodat\u0103, at\u00e2t progresele realizate, c\u00e2t \u0219i aspectele problematice care cer aten\u021bie \u0219i rezolvare.<\/p>","protected":false},"excerpt":{"rendered":"<p>Google Books&nbsp; Lucrarea de fa\u021b\u0103 concentreaz\u0103 eforturile de construire a unui cadru de \u00een\u021belegere a interna\u021bionaliz\u0103rii \u00eenv\u0103\u021b\u0103m\u00e2ntului superior rom\u00e2nesc din perspectiv\u0103 cultural\u0103, prin sublinierea elementelor particulare ale mediului \u00een care este implementat\u0103. Cu o abordare interdisciplinar\u0103 \u2013 cu elemente care \u00eembin\u0103 domeniul filologic cu \u0219tiin\u021bele educa\u021biei \u2013 volumul de fa\u021b\u0103 \u00ee\u0219i propune s\u0103 analizeze modalitatea [&hellip;]<\/p>\n","protected":false},"featured_media":30750,"comment_status":"open","ping_status":"closed","template":"","meta":[],"product_brand":[],"product_cat":[3748,1531,1464,979],"product_tag":[],"class_list":{"0":"post-30748","1":"product","2":"type-product","3":"status-publish","4":"has-post-thumbnail","6":"product_cat-filologie-colectii","7":"product_cat-colectii","8":"product_cat-filologie","9":"product_cat-limba-romana","11":"first","12":"instock","13":"shipping-taxable","14":"purchasable","15":"product-type-simple"},"_links":{"self":[{"href":"https:\/\/editura-unibuc.ro\/en\/wp-json\/wp\/v2\/product\/30748","targetHints":{"allow":["GET"]}}],"collection":[{"href":"https:\/\/editura-unibuc.ro\/en\/wp-json\/wp\/v2\/product"}],"about":[{"href":"https:\/\/editura-unibuc.ro\/en\/wp-json\/wp\/v2\/types\/product"}],"replies":[{"embeddable":true,"href":"https:\/\/editura-unibuc.ro\/en\/wp-json\/wp\/v2\/comments?post=30748"}],"wp:featuredmedia":[{"embeddable":true,"href":"https:\/\/editura-unibuc.ro\/en\/wp-json\/wp\/v2\/media\/30750"}],"wp:attachment":[{"href":"https:\/\/editura-unibuc.ro\/en\/wp-json\/wp\/v2\/media?parent=30748"}],"wp:term":[{"taxonomy":"product_brand","embeddable":true,"href":"https:\/\/editura-unibuc.ro\/en\/wp-json\/wp\/v2\/product_brand?post=30748"},{"taxonomy":"product_cat","embeddable":true,"href":"https:\/\/editura-unibuc.ro\/en\/wp-json\/wp\/v2\/product_cat?post=30748"},{"taxonomy":"product_tag","embeddable":true,"href":"https:\/\/editura-unibuc.ro\/en\/wp-json\/wp\/v2\/product_tag?post=30748"}],"curies":[{"name":"wp","href":"https:\/\/api.w.org\/{rel}","templated":true}]}}