{"id":30754,"date":"2021-04-04T09:05:53","date_gmt":"2021-04-04T06:05:53","guid":{"rendered":"https:\/\/editura-unibuc.ro\/?post_type=product&#038;p=30754"},"modified":"2025-05-13T10:31:17","modified_gmt":"2025-05-13T07:31:17","slug":"sufixele-in-limba-romana-actuala-formatii-recente","status":"publish","type":"product","link":"https:\/\/editura-unibuc.ro\/en\/sufixele-in-limba-romana-actuala-formatii-recente\/","title":{"rendered":"SUFIXELE \u00ceN LIMBA ROM\u00c2N\u0102 ACTUAL\u0102. FORMA\u021aII RECENTE"},"content":{"rendered":"<hr \/>\n<p><strong><a href=\"https:\/\/books.google.ro\/books\/about?id=-zk4EAAAQBAJ&#038;redir_esc=y\" target=\"_blank\" rel=\"noopener\"><img decoding=\"async\" src=\"https:\/\/editura-unibuc.ro\/wp-content\/uploads\/2025\/04\/goo.png\" \/>Google Books<\/a><\/strong><br \/>&nbsp;<\/p>\n<hr \/>\n<p>Lucrarea prezint\u0103 o surs\u0103 bogat\u0103 de material lexical nou atestat, din diverse stiluri \u0219i registre, interesant at\u00e2t pentru cei care studiaz\u0103 morfologia deriva\u021bional\u0103 \u0219i vocabularul, c\u00e2t \u0219i pentru al\u021bi lingvi\u0219ti interesa\u021bi de dinamica \u0219i evolu\u021bia limbii rom\u00e2ne.<\/p>\n","protected":false},"excerpt":{"rendered":"<p>Google Books&nbsp; Lucrarea prezint\u0103 o surs\u0103 bogat\u0103 de material lexical nou atestat, din diverse stiluri \u0219i registre, interesant at\u00e2t pentru cei care studiaz\u0103 morfologia deriva\u021bional\u0103 \u0219i vocabularul, c\u00e2t \u0219i pentru al\u021bi lingvi\u0219ti interesa\u021bi de dinamica \u0219i evolu\u021bia limbii rom\u00e2ne.<\/p>\n","protected":false},"featured_media":30751,"comment_status":"open","ping_status":"closed","template":"","meta":[],"product_brand":[],"product_cat":[1531,2756,1464,979],"product_tag":[3749],"class_list":{"0":"post-30754","1":"product","2":"type-product","3":"status-publish","4":"has-post-thumbnail","6":"product_cat-colectii","7":"product_cat-lingvistica-lingua","8":"product_cat-filologie","9":"product_cat-limba-romana","10":"product_tag-derivate-sufixale","12":"first","13":"instock","14":"shipping-taxable","15":"purchasable","16":"product-type-simple"},"_links":{"self":[{"href":"https:\/\/editura-unibuc.ro\/en\/wp-json\/wp\/v2\/product\/30754","targetHints":{"allow":["GET"]}}],"collection":[{"href":"https:\/\/editura-unibuc.ro\/en\/wp-json\/wp\/v2\/product"}],"about":[{"href":"https:\/\/editura-unibuc.ro\/en\/wp-json\/wp\/v2\/types\/product"}],"replies":[{"embeddable":true,"href":"https:\/\/editura-unibuc.ro\/en\/wp-json\/wp\/v2\/comments?post=30754"}],"wp:featuredmedia":[{"embeddable":true,"href":"https:\/\/editura-unibuc.ro\/en\/wp-json\/wp\/v2\/media\/30751"}],"wp:attachment":[{"href":"https:\/\/editura-unibuc.ro\/en\/wp-json\/wp\/v2\/media?parent=30754"}],"wp:term":[{"taxonomy":"product_brand","embeddable":true,"href":"https:\/\/editura-unibuc.ro\/en\/wp-json\/wp\/v2\/product_brand?post=30754"},{"taxonomy":"product_cat","embeddable":true,"href":"https:\/\/editura-unibuc.ro\/en\/wp-json\/wp\/v2\/product_cat?post=30754"},{"taxonomy":"product_tag","embeddable":true,"href":"https:\/\/editura-unibuc.ro\/en\/wp-json\/wp\/v2\/product_tag?post=30754"}],"curies":[{"name":"wp","href":"https:\/\/api.w.org\/{rel}","templated":true}]}}