{"id":3077,"date":"2012-10-17T11:08:38","date_gmt":"2012-10-17T08:08:38","guid":{"rendered":"https:\/\/editura-unibuc.ro\/?p=3077"},"modified":"2023-10-09T10:10:40","modified_gmt":"2023-10-09T07:10:40","slug":"din-istoria-relatiilor-internationale-ale-romaniei-1900-1920","status":"publish","type":"product","link":"https:\/\/editura-unibuc.ro\/en\/din-istoria-relatiilor-internationale-ale-romaniei-1900-1920\/","title":{"rendered":"DATA ON ROMANIA\u2019S INTERNATIONAL RELATIONS-1900-1920"},"content":{"rendered":"<p>Autorul volumului aduce \u00een fa\u021ba cititorului o nou\u0103 metodologie de analiz\u0103 a istoriei rela\u021biilor interna\u021bionale ale Rom\u00e2niei, de la \u00eenceputul secolului XX: o abordare predominant juridic\u0103 a aspectelor \u0219i episoadelor istorice \u00een general cunoscute. Un element de maxim\u0103 particularitate al demersului de fa\u021b\u0103 \u00eel constituie prezentarea, discutarea \u0219i analizarea \u00abConven\u021biilor comerciale\u00bb \u00eencheiate de Rom\u00e2nia, odat\u0103 cu \u00eenceputul secolului XX \u0219i p\u00e2n\u0103 \u00een 1916. Ampla analiz\u0103 dedicat\u0103 actelor juridice, care au determinat, mai \u00eent\u00e2i, al\u0103turarea Rom\u00e2niei la Antant\u0103, iar apoi recunoa\u0219terea interna\u021bional\u0103 a unirii Basarabiei, Bucovinei \u0219i Transilvaniei cu \u021bara, determin\u0103 concluzia autorului privind caracterul legitim, bazat exclusiv pe drept al respectivelor documente.<\/p>","protected":false},"excerpt":{"rendered":"<p>Autorul volumului aduce \u00een fa\u021ba cititorului o nou\u0103 metodologie de analiz\u0103 a istoriei rela\u021biilor interna\u021bionale ale Rom\u00e2niei, de la \u00eenceputul secolului XX: o abordare predominant juridic\u0103 a aspectelor \u0219i episoadelor istorice \u00een general cunoscute. Un element de maxim\u0103 particularitate al demersului de fa\u021b\u0103 \u00eel constituie prezentarea, discutarea \u0219i analizarea \u00abConven\u021biilor comerciale\u00bb \u00eencheiate de Rom\u00e2nia, odat\u0103 [&hellip;]<\/p>\n","protected":false},"featured_media":10283,"comment_status":"open","ping_status":"closed","template":"","meta":[],"product_brand":[],"product_cat":[991,995],"product_tag":[881,1277],"class_list":{"0":"post-3077","1":"product","2":"type-product","3":"status-publish","4":"has-post-thumbnail","6":"product_cat-stiinte-sociale","7":"product_cat-istorie-stiinte-politice","8":"product_tag-istorie","9":"product_tag-relatii-internationale","11":"first","12":"outofstock","13":"shipping-taxable","14":"purchasable","15":"product-type-simple"},"_links":{"self":[{"href":"https:\/\/editura-unibuc.ro\/en\/wp-json\/wp\/v2\/product\/3077","targetHints":{"allow":["GET"]}}],"collection":[{"href":"https:\/\/editura-unibuc.ro\/en\/wp-json\/wp\/v2\/product"}],"about":[{"href":"https:\/\/editura-unibuc.ro\/en\/wp-json\/wp\/v2\/types\/product"}],"replies":[{"embeddable":true,"href":"https:\/\/editura-unibuc.ro\/en\/wp-json\/wp\/v2\/comments?post=3077"}],"wp:featuredmedia":[{"embeddable":true,"href":"https:\/\/editura-unibuc.ro\/en\/wp-json\/wp\/v2\/media\/10283"}],"wp:attachment":[{"href":"https:\/\/editura-unibuc.ro\/en\/wp-json\/wp\/v2\/media?parent=3077"}],"wp:term":[{"taxonomy":"product_brand","embeddable":true,"href":"https:\/\/editura-unibuc.ro\/en\/wp-json\/wp\/v2\/product_brand?post=3077"},{"taxonomy":"product_cat","embeddable":true,"href":"https:\/\/editura-unibuc.ro\/en\/wp-json\/wp\/v2\/product_cat?post=3077"},{"taxonomy":"product_tag","embeddable":true,"href":"https:\/\/editura-unibuc.ro\/en\/wp-json\/wp\/v2\/product_tag?post=3077"}],"curies":[{"name":"wp","href":"https:\/\/api.w.org\/{rel}","templated":true}]}}