{"id":3081,"date":"2012-10-17T11:34:26","date_gmt":"2012-10-17T08:34:26","guid":{"rendered":"https:\/\/editura-unibuc.ro\/?p=3081"},"modified":"2022-10-31T09:46:38","modified_gmt":"2022-10-31T07:46:38","slug":"orizonturi-si-directii-in-cunoasterea-istorica","status":"publish","type":"product","link":"https:\/\/editura-unibuc.ro\/en\/orizonturi-si-directii-in-cunoasterea-istorica\/","title":{"rendered":"HORIZONS AND DIRECTIONS IN HISTORICAL KNOWLEDGE"},"content":{"rendered":"<p>\u00cencercarea de fa\u021b\u0103 \u00ee\u0219i propune s\u0103 adune \u00een paginile aceluia\u0219i volum contribu\u021bii \u0219tiin\u021bifice ale unor istorici din genera\u021bii diferite, profesori \u0219i \u00eenv\u0103\u021b\u0103cei de ieri, colegi de azi, \u00een jurul ideii generoase de cunoa\u0219tere istoric\u0103. Formele diverse pe care le acoper\u0103 aceast\u0103 cunoa\u0219tere se refer\u0103 la rolul institu\u021biilor \u0219i al personalit\u0103\u021bilor, la analize de istorie a istoriografiei sau la studii de gen, precum \u0219i la domeniul istoriei diploma\u021biei \u0219i rela\u021biilor interna\u021bionale. Documentarea temeinic\u0103 \u0219i plin\u0103 de acribie, spiritul critic \u0219i t\u0103ria punctelor de vedere personale demonstreaz\u0103 cu prisosin\u021b\u0103 faptul c\u0103 \u0219tafeta profesionalismului a fost transmis\u0103 de la o genera\u021bie la alta.<\/p>\n","protected":false},"excerpt":{"rendered":"<p>\u00cencercarea de fa\u021b\u0103 \u00ee\u0219i propune s\u0103 adune \u00een paginile aceluia\u0219i volum contribu\u021bii \u0219tiin\u021bifice ale unor istorici din genera\u021bii diferite, profesori \u0219i \u00eenv\u0103\u021b\u0103cei de ieri, colegi de azi, \u00een jurul ideii generoase de cunoa\u0219tere istoric\u0103. Formele diverse pe care le acoper\u0103 aceast\u0103 cunoa\u0219tere se refer\u0103 la rolul institu\u021biilor \u0219i al personalit\u0103\u021bilor, la analize de istorie a [&hellip;]<\/p>\n","protected":false},"featured_media":10281,"comment_status":"open","ping_status":"closed","template":"","meta":[],"product_brand":[],"product_cat":[991,995],"product_tag":[881],"class_list":{"0":"post-3081","1":"product","2":"type-product","3":"status-publish","4":"has-post-thumbnail","6":"product_cat-stiinte-sociale","7":"product_cat-istorie-stiinte-politice","8":"product_tag-istorie","10":"first","11":"outofstock","12":"shipping-taxable","13":"purchasable","14":"product-type-simple"},"_links":{"self":[{"href":"https:\/\/editura-unibuc.ro\/en\/wp-json\/wp\/v2\/product\/3081","targetHints":{"allow":["GET"]}}],"collection":[{"href":"https:\/\/editura-unibuc.ro\/en\/wp-json\/wp\/v2\/product"}],"about":[{"href":"https:\/\/editura-unibuc.ro\/en\/wp-json\/wp\/v2\/types\/product"}],"replies":[{"embeddable":true,"href":"https:\/\/editura-unibuc.ro\/en\/wp-json\/wp\/v2\/comments?post=3081"}],"wp:featuredmedia":[{"embeddable":true,"href":"https:\/\/editura-unibuc.ro\/en\/wp-json\/wp\/v2\/media\/10281"}],"wp:attachment":[{"href":"https:\/\/editura-unibuc.ro\/en\/wp-json\/wp\/v2\/media?parent=3081"}],"wp:term":[{"taxonomy":"product_brand","embeddable":true,"href":"https:\/\/editura-unibuc.ro\/en\/wp-json\/wp\/v2\/product_brand?post=3081"},{"taxonomy":"product_cat","embeddable":true,"href":"https:\/\/editura-unibuc.ro\/en\/wp-json\/wp\/v2\/product_cat?post=3081"},{"taxonomy":"product_tag","embeddable":true,"href":"https:\/\/editura-unibuc.ro\/en\/wp-json\/wp\/v2\/product_tag?post=3081"}],"curies":[{"name":"wp","href":"https:\/\/api.w.org\/{rel}","templated":true}]}}