{"id":30859,"date":"2021-04-13T22:15:59","date_gmt":"2021-04-13T19:15:59","guid":{"rendered":"https:\/\/editura-unibuc.ro\/?post_type=product&#038;p=30859"},"modified":"2025-08-08T12:39:05","modified_gmt":"2025-08-08T09:39:05","slug":"pnevmatologia-sfantului-simeon-noul-teolog-o-analiza-dogmatica-actuala","status":"publish","type":"product","link":"https:\/\/editura-unibuc.ro\/en\/pnevmatologia-sfantului-simeon-noul-teolog-o-analiza-dogmatica-actuala\/","title":{"rendered":"PNEVMATOLOGIA SF\u00c2NTULUI SIMEON NOUL TEOLOG. O ANALIZ\u0102 DOGMATIC\u0102 ACTUAL\u0102"},"content":{"rendered":"<hr \/>\n<p><strong><a href=\"https:\/\/books.google.ro\/books\/about?id=D8c7EAAAQBAJ&amp;redir_esc=y\" target=\"_blank\" rel=\"noopener\"><img decoding=\"async\" src=\"https:\/\/editura-unibuc.ro\/wp-content\/uploads\/2025\/04\/goo.png\" \/>Google Books<\/a><\/strong><br \/>&nbsp;<\/p>\n<hr \/>\n<p>At\u00e2t prin tematica abordat\u0103, c\u00e2t \u015fi prin modul \u00een care aceasta este tratat\u0103, cercetarea de fa\u021b\u0103 se \u00eenscrie sub semnul excep\u021bionalului. Rezultat al unui remarcabil efort de interpretare interdisciplinar\u0103, situat programatic la intersec\u021bia fecund\u0103 dintre dogmatica \u0219i spiritualitatea ortodox\u0103, lucrarea de fa\u021b\u0103 se situeaz\u0103 la cotele maxime ale excelen\u021bei \u0219tiin\u021bifice \u0219i autenticit\u0103\u021bii duhovnice\u0219ti. Autorul vede, pe deplin argumentat \u0219i justificat, originalitatea teologhisirii simeoniene \u00een pnevmatologia, \u00een acela\u0219i timp, hristologic\u0103-trinitar\u0103-psihologic\u0103-duhovniceasc\u0103 (ascetico-mistic\u0103), finalizat\u0103 \u00een experien\u021ba actual\u0103 con\u0219tient\u0103 a Duhului Sf\u00e2nt \u0219i vie\u021bii lui Dumnezeu \u00een vie\u021bile celor \u00eenfia\u021bi \u00een Dumnezeu \u0219i uni\u021bi cu Hristos \u00een Trupul S\u0103u eclezial. Rezultatul este un discurs teologic de sintez\u0103, \u00een acela\u0219i timp tradi\u021bional \u0219i personal, identitar \u0219i original, conservator \u0219i liber, viu pentru c\u0103 e ancorat \u00een dinamismul vie\u021bii lui Dumnezeu devenite \u00een Duhul Sf\u00e2nt, dinamismul vie\u021bii de sfin\u021benie a celor \u00eenfia\u021bi \u00een Dumnezeu \u00een Trupul lui Hristos. (Arhidiacon prof. Ioan I. IC\u0102 JR., Facultatea de Teologie Ortodox\u0103 <em>Sf\u00e2ntul Andrei \u0218aguna<\/em> din Sibiu)<\/p>\n","protected":false},"excerpt":{"rendered":"<p>Google Books&nbsp; At\u00e2t prin tematica abordat\u0103, c\u00e2t \u015fi prin modul \u00een care aceasta este tratat\u0103, cercetarea de fa\u021b\u0103 se \u00eenscrie sub semnul excep\u021bionalului. Rezultat al unui remarcabil efort de interpretare interdisciplinar\u0103, situat programatic la intersec\u021bia fecund\u0103 dintre dogmatica \u0219i spiritualitatea ortodox\u0103, lucrarea de fa\u021b\u0103 se situeaz\u0103 la cotele maxime ale excelen\u021bei \u0219tiin\u021bifice \u0219i autenticit\u0103\u021bii duhovnice\u0219ti. [&hellip;]<\/p>\n","protected":false},"featured_media":30858,"comment_status":"open","ping_status":"closed","template":"","meta":[],"product_brand":[],"product_cat":[1531,2597,991,999],"product_tag":[3755,3754],"class_list":{"0":"post-30859","1":"product","2":"type-product","3":"status-publish","4":"has-post-thumbnail","6":"product_cat-colectii","7":"product_cat-studia-theologica","8":"product_cat-stiinte-sociale","9":"product_cat-teologie","10":"product_tag-duhul-sfant","11":"product_tag-simeon-noul-teolog","13":"first","14":"outofstock","15":"shipping-taxable","16":"purchasable","17":"product-type-simple"},"_links":{"self":[{"href":"https:\/\/editura-unibuc.ro\/en\/wp-json\/wp\/v2\/product\/30859","targetHints":{"allow":["GET"]}}],"collection":[{"href":"https:\/\/editura-unibuc.ro\/en\/wp-json\/wp\/v2\/product"}],"about":[{"href":"https:\/\/editura-unibuc.ro\/en\/wp-json\/wp\/v2\/types\/product"}],"replies":[{"embeddable":true,"href":"https:\/\/editura-unibuc.ro\/en\/wp-json\/wp\/v2\/comments?post=30859"}],"wp:featuredmedia":[{"embeddable":true,"href":"https:\/\/editura-unibuc.ro\/en\/wp-json\/wp\/v2\/media\/30858"}],"wp:attachment":[{"href":"https:\/\/editura-unibuc.ro\/en\/wp-json\/wp\/v2\/media?parent=30859"}],"wp:term":[{"taxonomy":"product_brand","embeddable":true,"href":"https:\/\/editura-unibuc.ro\/en\/wp-json\/wp\/v2\/product_brand?post=30859"},{"taxonomy":"product_cat","embeddable":true,"href":"https:\/\/editura-unibuc.ro\/en\/wp-json\/wp\/v2\/product_cat?post=30859"},{"taxonomy":"product_tag","embeddable":true,"href":"https:\/\/editura-unibuc.ro\/en\/wp-json\/wp\/v2\/product_tag?post=30859"}],"curies":[{"name":"wp","href":"https:\/\/api.w.org\/{rel}","templated":true}]}}