{"id":31089,"date":"2021-05-12T13:29:58","date_gmt":"2021-05-12T10:29:58","guid":{"rendered":"https:\/\/editura-unibuc.ro\/?post_type=product&#038;p=31089"},"modified":"2023-11-24T10:55:38","modified_gmt":"2023-11-24T08:55:38","slug":"melisendra-journal-of-spanish-early-modernity-studies-no-2-2020","status":"publish","type":"product","link":"https:\/\/editura-unibuc.ro\/en\/melisendra-journal-of-spanish-early-modernity-studies-no-2-2020\/","title":{"rendered":"MELISENDRA. Journal of Spanish Early Modernity Studies, no. 2\/2020"},"content":{"rendered":"<p>Spanish Early Modernity Studies Investigation Group (SEMS), Universidad de Bucarest<\/p>\n<p>\u00cd N D I C E<br \/>\nART\u00cdCULOS<\/p>\n<p>Representaciones de la Batalla de Lepanto en la dramaturgia \u00e1urea espa\u00f1ola: el ejemplo de El se\u00f1or don Juan de Austria de Juan P\u00e9rez de Montalb\u00e1n<br \/>\n(Representations of the Battle of Lepanto in the Spanish Golden Age Drama: The Example of El Se\u00f1or don Juan de Austria by Juan P\u00e9rez de Montalb\u00e1n)<br \/>\nRoberta ALVITI (Universit\u00e0 degli Studi di Cassino e del Lazio Meridionale)<\/p>\n<p>Entre lo memorable y lo deplorable: La Austr\u00edada como muestra de discordancias hist\u00f3ricas relativas a la Batalla de Lepanto<br \/>\n(Between the Memorable and the Deplorable: La Austr\u00edada as a Sample of Historical Discordance Concerning the Battle of Lepanto)<br \/>\nFernando J. PANCORBO (Universidad de Basilea)<\/p>\n<p>\u00bfJaque Mate? El juego geopol\u00edtico en el sudeste de la Cristiandad despu\u00e9s de la Batalla de Lepanto<br \/>\n(Checkmate? The Geopolitical Game in South-Eastern Christendom after the Battle of Lepanto)<br \/>\nMatylda URJASZ (Universidad de Varsovia)<\/p>\n<p>Hern\u00e1ndez de Velasco y G\u00f3mez de Tapia: dos traductores en disputa de la autor\u00eda de la Selva de Aranjuez<br \/>\n(Hern\u00e1ndez de Velasco and G\u00f3mez de Tapia: Two Translators in Dispute over the Authorship of Selva de Aranjuez)<br \/>\nAdolfo R. POSADA (Literary Curator \/ Investigador independiente)<\/p>\n<p>Lactancia y lactantes novohispanos: prefiguraci\u00f3n de un mal m\u00e1s all\u00e1 del cuerpo. Un caso del eclecticismo literario en el arte m\u00e9dico de la Nueva Espa\u00f1a<br \/>\n(Breastfeeding and infant feeding in the New Spain: prefiguration of a sickness beyond the body. A case for the Literary Eclecticism of the Medical Art in the New Spain)<br \/>\nMarcos CORT\u00c9S GUADARRAMA (Universidad Veracruzana)<\/p>\n<p>RESE\u00d1A<br \/>\nGarcilaso de la Vega, Poes\u00eda, ed. Ignacio Garc\u00eda Aguilar, Madrid, C\u00e1tedra, 2020, 428p.<br \/>\nSilvia-Alexandra \u0218TEFAN (Universidad de Bucarest)<\/p>\n","protected":false},"excerpt":{"rendered":"<p>Spanish Early Modernity Studies Investigation Group (SEMS), Universidad de Bucarest \u00cd N D I C E ART\u00cdCULOS Representaciones de la Batalla de Lepanto en la dramaturgia \u00e1urea espa\u00f1ola: el ejemplo de El se\u00f1or don Juan de Austria de Juan P\u00e9rez de Montalb\u00e1n (Representations of the Battle of Lepanto in the Spanish Golden Age Drama: The [&hellip;]<\/p>\n","protected":false},"featured_media":31091,"comment_status":"open","ping_status":"closed","template":"","meta":[],"product_brand":[],"product_cat":[3936,1891,1464,980,1469,1893],"product_tag":[919,3543,1042,880],"class_list":{"0":"post-31089","1":"product","2":"type-product","3":"status-publish","4":"has-post-thumbnail","6":"product_cat-melisendra","7":"product_cat-download","8":"product_cat-filologie","9":"product_cat-limbi-romanice-clasice-si-orientale","10":"product_cat-periodice","11":"product_cat-reviste-academice","12":"product_tag-literatura","13":"product_tag-melisendra","14":"product_tag-revista","15":"product_tag-spaniola","17":"first","18":"instock","19":"downloadable","20":"shipping-taxable","21":"product-type-simple"},"_links":{"self":[{"href":"https:\/\/editura-unibuc.ro\/en\/wp-json\/wp\/v2\/product\/31089","targetHints":{"allow":["GET"]}}],"collection":[{"href":"https:\/\/editura-unibuc.ro\/en\/wp-json\/wp\/v2\/product"}],"about":[{"href":"https:\/\/editura-unibuc.ro\/en\/wp-json\/wp\/v2\/types\/product"}],"replies":[{"embeddable":true,"href":"https:\/\/editura-unibuc.ro\/en\/wp-json\/wp\/v2\/comments?post=31089"}],"wp:featuredmedia":[{"embeddable":true,"href":"https:\/\/editura-unibuc.ro\/en\/wp-json\/wp\/v2\/media\/31091"}],"wp:attachment":[{"href":"https:\/\/editura-unibuc.ro\/en\/wp-json\/wp\/v2\/media?parent=31089"}],"wp:term":[{"taxonomy":"product_brand","embeddable":true,"href":"https:\/\/editura-unibuc.ro\/en\/wp-json\/wp\/v2\/product_brand?post=31089"},{"taxonomy":"product_cat","embeddable":true,"href":"https:\/\/editura-unibuc.ro\/en\/wp-json\/wp\/v2\/product_cat?post=31089"},{"taxonomy":"product_tag","embeddable":true,"href":"https:\/\/editura-unibuc.ro\/en\/wp-json\/wp\/v2\/product_tag?post=31089"}],"curies":[{"name":"wp","href":"https:\/\/api.w.org\/{rel}","templated":true}]}}