{"id":3112,"date":"2012-10-17T13:50:31","date_gmt":"2012-10-17T10:50:31","guid":{"rendered":"https:\/\/editura-unibuc.ro\/?p=3112"},"modified":"2025-08-07T12:17:48","modified_gmt":"2025-08-07T09:17:48","slug":"studiile-medievale-si-premoderne-un-teritoriu-de-redescoperit","status":"publish","type":"product","link":"https:\/\/editura-unibuc.ro\/en\/studiile-medievale-si-premoderne-un-teritoriu-de-redescoperit\/","title":{"rendered":"MEDIEVAL AND PREMODERN STUDIES \u2013 A TERRITORY TO BE REDISCOVERED?"},"content":{"rendered":"<p>Ce \u0219ans\u0103 \u0219i viitor mai au studiile medievale \u0219i de istorie premodern\u0103 \u00een istoriografia actual\u0103? Pornind de la aceast\u0103 \u00eentrebare simpl\u0103, volumul de fa\u021b\u0103 este primul dintr-o serie care \u00ee\u0219i propune s\u0103 prezinte p\u0103r\u021bi reprezentative din lucr\u0103rile de licen\u021b\u0103\/masterat sau doctorat ale absolven\u021bilor Facult\u0103\u021bii de Istorie (la zi sau \u00eenv\u0103\u021b\u0103m\u00e2nt la distan\u021b\u0103), av\u00e2nd specializarea de istorie medieval\u0103, unii dintre ei form\u00e2ndu-se chiar \u00een cadrul Seminarului de Metodologie a Istoriei \u201cDimitrie Onciul\u201d. Caietele Laboratorului de Metodologie a Istoriei \u201cDimitrie Onciul\u201d nu se vor a fi doar un simplu spa\u021biu de expunere a unor capitole sau fragmente din lucr\u0103rile elaborate de absolven\u021bi, ci o oglind\u0103 a ceea ce s-a realizat, cu bune \u0219i rele, cu sc\u0103deri \u0219i reu\u0219ite, \u00een scopul de a determina ceea ce mai este de f\u0103cut pe termen lung, pentru ca acest domeniu s\u0103 se dezvolte \u0219i s\u0103 fie competitiv, atractiv \u0219i viabil.<\/p>","protected":false},"excerpt":{"rendered":"<p>Ce \u0219ans\u0103 \u0219i viitor mai au studiile medievale \u0219i de istorie premodern\u0103 \u00een istoriografia actual\u0103? Pornind de la aceast\u0103 \u00eentrebare simpl\u0103, volumul de fa\u021b\u0103 este primul dintr-o serie care \u00ee\u0219i propune s\u0103 prezinte p\u0103r\u021bi reprezentative din lucr\u0103rile de licen\u021b\u0103\/masterat sau doctorat ale absolven\u021bilor Facult\u0103\u021bii de Istorie (la zi sau \u00eenv\u0103\u021b\u0103m\u00e2nt la distan\u021b\u0103), av\u00e2nd specializarea de [&hellip;]<\/p>\n","protected":false},"featured_media":10250,"comment_status":"open","ping_status":"closed","template":"","meta":[],"product_brand":[],"product_cat":[991,995],"product_tag":[863,881,1328],"class_list":{"0":"post-3112","1":"product","2":"type-product","3":"status-publish","4":"has-post-thumbnail","6":"product_cat-stiinte-sociale","7":"product_cat-istorie-stiinte-politice","8":"product_tag-evul-mediu","9":"product_tag-istorie","10":"product_tag-medieval","12":"first","13":"instock","14":"shipping-taxable","15":"purchasable","16":"product-type-simple"},"_links":{"self":[{"href":"https:\/\/editura-unibuc.ro\/en\/wp-json\/wp\/v2\/product\/3112","targetHints":{"allow":["GET"]}}],"collection":[{"href":"https:\/\/editura-unibuc.ro\/en\/wp-json\/wp\/v2\/product"}],"about":[{"href":"https:\/\/editura-unibuc.ro\/en\/wp-json\/wp\/v2\/types\/product"}],"replies":[{"embeddable":true,"href":"https:\/\/editura-unibuc.ro\/en\/wp-json\/wp\/v2\/comments?post=3112"}],"wp:featuredmedia":[{"embeddable":true,"href":"https:\/\/editura-unibuc.ro\/en\/wp-json\/wp\/v2\/media\/10250"}],"wp:attachment":[{"href":"https:\/\/editura-unibuc.ro\/en\/wp-json\/wp\/v2\/media?parent=3112"}],"wp:term":[{"taxonomy":"product_brand","embeddable":true,"href":"https:\/\/editura-unibuc.ro\/en\/wp-json\/wp\/v2\/product_brand?post=3112"},{"taxonomy":"product_cat","embeddable":true,"href":"https:\/\/editura-unibuc.ro\/en\/wp-json\/wp\/v2\/product_cat?post=3112"},{"taxonomy":"product_tag","embeddable":true,"href":"https:\/\/editura-unibuc.ro\/en\/wp-json\/wp\/v2\/product_tag?post=3112"}],"curies":[{"name":"wp","href":"https:\/\/api.w.org\/{rel}","templated":true}]}}