{"id":3116,"date":"2012-10-17T13:57:40","date_gmt":"2012-10-17T10:57:40","guid":{"rendered":"https:\/\/editura-unibuc.ro\/?p=3116"},"modified":"2015-03-13T18:03:09","modified_gmt":"2015-03-13T16:03:09","slug":"economia-publica-si-statul-bunastarii","status":"publish","type":"product","link":"https:\/\/editura-unibuc.ro\/en\/economia-publica-si-statul-bunastarii\/","title":{"rendered":"PUBLIC ECONOMY AND THE WELFARE STATE"},"content":{"rendered":"<p>\u201cNu credem s\u0103 existe, \u00een literatura economic\u0103, tem\u0103 mai expus\u0103 analizei publicului cunosc\u0103tor sau doar curios, ca aceea a crizei statului bun\u0103st\u0103rii generale. La o simpl\u0103 c\u0103utare pe internet cu unul din motoarele cunoscute, am identificat 70.000.000 de pagini ce con\u021bineau termenul \u00abwelfare state\u00bb\u201d. (Autorul)<\/p>","protected":false},"excerpt":{"rendered":"<p>\u201cNu credem s\u0103 existe, \u00een literatura economic\u0103, tem\u0103 mai expus\u0103 analizei publicului cunosc\u0103tor sau doar curios, ca aceea a crizei statului bun\u0103st\u0103rii generale. La o simpl\u0103 c\u0103utare pe internet cu unul din motoarele cunoscute, am identificat 70.000.000 de pagini ce con\u021bineau termenul \u00abwelfare state\u00bb\u201d. (Autorul)<\/p>\n","protected":false},"featured_media":10247,"comment_status":"open","ping_status":"closed","template":"","meta":[],"product_brand":[],"product_cat":[991,992],"product_tag":[1327,1066,932],"class_list":{"0":"post-3116","1":"product","2":"type-product","3":"status-publish","4":"has-post-thumbnail","6":"product_cat-stiinte-sociale","7":"product_cat-administratie-si-afaceri","8":"product_tag-administratie","9":"product_tag-economie","10":"product_tag-politica","12":"first","13":"instock","14":"shipping-taxable","15":"purchasable","16":"product-type-simple"},"_links":{"self":[{"href":"https:\/\/editura-unibuc.ro\/en\/wp-json\/wp\/v2\/product\/3116","targetHints":{"allow":["GET"]}}],"collection":[{"href":"https:\/\/editura-unibuc.ro\/en\/wp-json\/wp\/v2\/product"}],"about":[{"href":"https:\/\/editura-unibuc.ro\/en\/wp-json\/wp\/v2\/types\/product"}],"replies":[{"embeddable":true,"href":"https:\/\/editura-unibuc.ro\/en\/wp-json\/wp\/v2\/comments?post=3116"}],"wp:featuredmedia":[{"embeddable":true,"href":"https:\/\/editura-unibuc.ro\/en\/wp-json\/wp\/v2\/media\/10247"}],"wp:attachment":[{"href":"https:\/\/editura-unibuc.ro\/en\/wp-json\/wp\/v2\/media?parent=3116"}],"wp:term":[{"taxonomy":"product_brand","embeddable":true,"href":"https:\/\/editura-unibuc.ro\/en\/wp-json\/wp\/v2\/product_brand?post=3116"},{"taxonomy":"product_cat","embeddable":true,"href":"https:\/\/editura-unibuc.ro\/en\/wp-json\/wp\/v2\/product_cat?post=3116"},{"taxonomy":"product_tag","embeddable":true,"href":"https:\/\/editura-unibuc.ro\/en\/wp-json\/wp\/v2\/product_tag?post=3116"}],"curies":[{"name":"wp","href":"https:\/\/api.w.org\/{rel}","templated":true}]}}