{"id":31194,"date":"2021-05-24T12:11:33","date_gmt":"2021-05-24T09:11:33","guid":{"rendered":"https:\/\/editura-unibuc.ro\/?post_type=product&#038;p=31194"},"modified":"2025-05-08T11:09:34","modified_gmt":"2025-05-08T08:09:34","slug":"emil-cioran-de-la-radicalismul-politic-la-refuzul-istoriei","status":"publish","type":"product","link":"https:\/\/editura-unibuc.ro\/en\/emil-cioran-de-la-radicalismul-politic-la-refuzul-istoriei\/","title":{"rendered":"EMIL CIORAN. DE LA RADICALISMUL POLITIC LA REFUZUL ISTORIEI"},"content":{"rendered":"<hr \/>\n<p><strong><a href=\"https:\/\/books.google.ro\/books\/about?id=F8c7EAAAQBAJ&#038;redir_esc=y\" target=\"_blank\" rel=\"noopener\"><img decoding=\"async\" src=\"https:\/\/editura-unibuc.ro\/wp-content\/uploads\/2025\/04\/goo.png\" \/>Google Books<\/a><\/strong><br \/>&nbsp;<\/p>\n<hr \/>\n<p>\u201eEmil Cioran este un univers aproape \u0219i departe, un paradox care nu \u00eenceteaz\u0103 s\u0103 atrag\u0103 \u0219i s\u0103 resping\u0103 \u00een acela\u0219i timp, o Mansard\u0103 la Paris veghind chinurile contemporaneit\u0103\u021bii sau un citat \u00eentr-un joc video, o privire, un sentiment chinuit al lumii. Andrei Avram are curajul \u0219i tenacitatea de a se aventura nu doar \u00een h\u0103\u021bi\u0219ul existen\u021bial al filosofiei \u0219i existen\u021bei cioraniene, ci \u0219i \u00een lumea cu care s-a luptat Emil Cioran, ca un Don Quijote al speran\u021belor pierdute. Cu migal\u0103 \u0219i tenacitate de fin ceasornicar, c\u00e2nt\u0103rind ca \u00eentr-o balan\u021b\u0103 imaginar\u0103 fiecare cuv\u00e2nt, Andrei Avram ne atrage \u00eentr-o expedi\u021bie \u00een care Omul-Cioran devine Opera-Cioran \u0219i Opera-Cioran devine Omul-Cioran. O lectur\u0103 de spirit \u0219i suflet. O lectur\u0103 prin care ferestrele Mansardei de la Paris sunt deschise larg c\u0103tre cititorul dornic s\u0103 p\u0103trund\u0103 \u00een universul cioranian.\u201d<\/p>\n<p style=\"text-align: right;\">prof. univ. dr. Mirela-Lumini\u021ba Murgescu, Universitatea din Bucure\u0219ti<\/p>\n","protected":false},"excerpt":{"rendered":"<p>Google Books&nbsp; \u201eEmil Cioran este un univers aproape \u0219i departe, un paradox care nu \u00eenceteaz\u0103 s\u0103 atrag\u0103 \u0219i s\u0103 resping\u0103 \u00een acela\u0219i timp, o Mansard\u0103 la Paris veghind chinurile contemporaneit\u0103\u021bii sau un citat \u00eentr-un joc video, o privire, un sentiment chinuit al lumii. Andrei Avram are curajul \u0219i tenacitatea de a se aventura nu doar [&hellip;]<\/p>\n","protected":false},"featured_media":31196,"comment_status":"open","ping_status":"closed","template":"","meta":[],"product_brand":[],"product_cat":[991,995],"product_tag":[3767,3768,3769],"class_list":{"0":"post-31194","1":"product","2":"type-product","3":"status-publish","4":"has-post-thumbnail","6":"product_cat-stiinte-sociale","7":"product_cat-istorie-stiinte-politice","8":"product_tag-emil-cioran","9":"product_tag-generatia-intelectuala-interbelica","10":"product_tag-radicalism-politic","12":"first","13":"instock","14":"shipping-taxable","15":"purchasable","16":"product-type-simple"},"_links":{"self":[{"href":"https:\/\/editura-unibuc.ro\/en\/wp-json\/wp\/v2\/product\/31194","targetHints":{"allow":["GET"]}}],"collection":[{"href":"https:\/\/editura-unibuc.ro\/en\/wp-json\/wp\/v2\/product"}],"about":[{"href":"https:\/\/editura-unibuc.ro\/en\/wp-json\/wp\/v2\/types\/product"}],"replies":[{"embeddable":true,"href":"https:\/\/editura-unibuc.ro\/en\/wp-json\/wp\/v2\/comments?post=31194"}],"wp:featuredmedia":[{"embeddable":true,"href":"https:\/\/editura-unibuc.ro\/en\/wp-json\/wp\/v2\/media\/31196"}],"wp:attachment":[{"href":"https:\/\/editura-unibuc.ro\/en\/wp-json\/wp\/v2\/media?parent=31194"}],"wp:term":[{"taxonomy":"product_brand","embeddable":true,"href":"https:\/\/editura-unibuc.ro\/en\/wp-json\/wp\/v2\/product_brand?post=31194"},{"taxonomy":"product_cat","embeddable":true,"href":"https:\/\/editura-unibuc.ro\/en\/wp-json\/wp\/v2\/product_cat?post=31194"},{"taxonomy":"product_tag","embeddable":true,"href":"https:\/\/editura-unibuc.ro\/en\/wp-json\/wp\/v2\/product_tag?post=31194"}],"curies":[{"name":"wp","href":"https:\/\/api.w.org\/{rel}","templated":true}]}}