{"id":31198,"date":"2021-05-24T12:14:56","date_gmt":"2021-05-24T09:14:56","guid":{"rendered":"https:\/\/editura-unibuc.ro\/?post_type=product&#038;p=31198"},"modified":"2025-05-12T09:31:30","modified_gmt":"2025-05-12T06:31:30","slug":"mit-personaj-spatiu-in-basmul-cult-german-si-roman","status":"publish","type":"product","link":"https:\/\/editura-unibuc.ro\/en\/mit-personaj-spatiu-in-basmul-cult-german-si-roman\/","title":{"rendered":"MIT, PERSONAJ, SPA\u021aIU \u00ceN BASMUL CULT GERMAN \u0218I ROM\u00c2N"},"content":{"rendered":"<hr \/>\n<p><strong><a href=\"https:\/\/books.google.ro\/books\/about?id=XuM3EAAAQBAJ&#038;redir_esc=y\" target=\"_blank\" rel=\"noopener\"><img decoding=\"async\" src=\"https:\/\/editura-unibuc.ro\/wp-content\/uploads\/2025\/04\/goo.png\" \/>Google Books<\/a><\/strong><br \/>&nbsp;<\/p>\n<hr \/>\n<p>Cercetarea de fa\u021b\u0103 reprezint\u0103 un demers pe c\u00e2t de dificil pe at\u00e2t de curajos de a aduce noi informa\u021bii \u00eentr-o zon\u0103 cu \u00eenc\u0103 destul de numeroase teritorii pu\u021bin cunoscute \u00een cercetarea literar\u0103 de la noi, dar care se dore\u0219te a fi, totodat\u0103, chiar mai mult dec\u00e2t at\u00e2t, autorul urm\u0103rind, cum afirm\u0103 el \u00eensu\u0219i, \u201etransformarea mitului \u00een basm, definirea condi\u021biei umane \u00een sfera superioar\u0103 a eroului \u0219i \u00eencadrarea ac\u021biunii \u00eentr-un univers amplu \u0219i complex, cu o spa\u021bialitate divizat\u0103 pe mai multe paliere ale cunoa\u0219terii.\u201d<br \/>\n\u00cen capitolele bine structurate din acest volum sunt disecate cu aplomb problematici complexe, deloc u\u0219or de urm\u0103rit. \u00cen ciuda dificult\u0103\u021bilor de documentare \u015fi a caracterului pe alocuri \u00eenc\u0103 viu, controversat \u015fi eluziv al conceptelor \u015fi metodei domeniului, autorul nu se refugiaz\u0103 \u00eentr-un tentant conformism, ci \u00eencearc\u0103, cu prospe\u021bime \u015fi curaj, clarific\u0103ri \u015fi definiri axiologice care pot din plin deveni puncte de plecare pentru cercet\u0103ri ulterioare.<\/p>\n<p style=\"text-align: right;\">George Gu\u0163u<\/p>\n","protected":false},"excerpt":{"rendered":"<p>Google Books&nbsp; Cercetarea de fa\u021b\u0103 reprezint\u0103 un demers pe c\u00e2t de dificil pe at\u00e2t de curajos de a aduce noi informa\u021bii \u00eentr-o zon\u0103 cu \u00eenc\u0103 destul de numeroase teritorii pu\u021bin cunoscute \u00een cercetarea literar\u0103 de la noi, dar care se dore\u0219te a fi, totodat\u0103, chiar mai mult dec\u00e2t at\u00e2t, autorul urm\u0103rind, cum afirm\u0103 el \u00eensu\u0219i, [&hellip;]<\/p>\n","protected":false},"featured_media":31195,"comment_status":"open","ping_status":"closed","template":"","meta":[],"product_brand":[],"product_cat":[1464,978],"product_tag":[3770,944,3771],"class_list":{"0":"post-31198","1":"product","2":"type-product","3":"status-publish","4":"has-post-thumbnail","6":"product_cat-filologie","7":"product_cat-germanic-languages","8":"product_tag-basm-cult","9":"product_tag-mitologie","10":"product_tag-personaje-fantastice","12":"first","13":"instock","14":"shipping-taxable","15":"purchasable","16":"product-type-simple"},"_links":{"self":[{"href":"https:\/\/editura-unibuc.ro\/en\/wp-json\/wp\/v2\/product\/31198","targetHints":{"allow":["GET"]}}],"collection":[{"href":"https:\/\/editura-unibuc.ro\/en\/wp-json\/wp\/v2\/product"}],"about":[{"href":"https:\/\/editura-unibuc.ro\/en\/wp-json\/wp\/v2\/types\/product"}],"replies":[{"embeddable":true,"href":"https:\/\/editura-unibuc.ro\/en\/wp-json\/wp\/v2\/comments?post=31198"}],"wp:featuredmedia":[{"embeddable":true,"href":"https:\/\/editura-unibuc.ro\/en\/wp-json\/wp\/v2\/media\/31195"}],"wp:attachment":[{"href":"https:\/\/editura-unibuc.ro\/en\/wp-json\/wp\/v2\/media?parent=31198"}],"wp:term":[{"taxonomy":"product_brand","embeddable":true,"href":"https:\/\/editura-unibuc.ro\/en\/wp-json\/wp\/v2\/product_brand?post=31198"},{"taxonomy":"product_cat","embeddable":true,"href":"https:\/\/editura-unibuc.ro\/en\/wp-json\/wp\/v2\/product_cat?post=31198"},{"taxonomy":"product_tag","embeddable":true,"href":"https:\/\/editura-unibuc.ro\/en\/wp-json\/wp\/v2\/product_tag?post=31198"}],"curies":[{"name":"wp","href":"https:\/\/api.w.org\/{rel}","templated":true}]}}