{"id":3120,"date":"2012-10-17T14:06:03","date_gmt":"2012-10-17T11:06:03","guid":{"rendered":"https:\/\/editura-unibuc.ro\/?p=3120"},"modified":"2025-07-18T12:04:14","modified_gmt":"2025-07-18T09:04:14","slug":"istoria-culturala-origini-evolutii-tendinte","status":"publish","type":"product","link":"https:\/\/editura-unibuc.ro\/en\/istoria-culturala-origini-evolutii-tendinte\/","title":{"rendered":"CULTURAL HISTORY. ORIGINS, EVOLUTIONS, TRENDS"},"content":{"rendered":"<p>Aceast\u0103 lucrare s-a n\u0103scut din ideea unui curs op\u021bional metodologic destinat studen\u021bilor Facult\u0103\u021bii de Istorie a Universit\u0103\u021bii din Bucure\u0219ti. Dup\u0103 c\u00e2\u021biva ani \u0219i nenum\u0103rate discu\u021bii purtate \u00een timpul cursului \u0219i al seminarului, a luat na\u0219tere aceast\u0103 carte, adresat\u0103 studen\u021bilor care au inspirat-o, dar \u0219i tuturor celor pasiona\u021bi de istorie. Este vorba de o istorie de un alt tip dec\u00e2t cel \u00eent\u00e2lnit \u00een majoritatea c\u0103r\u021bilor care se g\u0103sesc \u0219i acum \u00een libr\u0103rii, o istorie care nu se preocup\u0103 at\u00e2t de reconstituirea evenimentelor, c\u00e2t de idei, contexte largi \u0219i maniere de a tr\u0103i.<\/p>","protected":false},"excerpt":{"rendered":"<p>Aceast\u0103 lucrare s-a n\u0103scut din ideea unui curs op\u021bional metodologic destinat studen\u021bilor Facult\u0103\u021bii de Istorie a Universit\u0103\u021bii din Bucure\u0219ti. Dup\u0103 c\u00e2\u021biva ani \u0219i nenum\u0103rate discu\u021bii purtate \u00een timpul cursului \u0219i al seminarului, a luat na\u0219tere aceast\u0103 carte, adresat\u0103 studen\u021bilor care au inspirat-o, dar \u0219i tuturor celor pasiona\u021bi de istorie. Este vorba de o istorie de [&hellip;]<\/p>\n","protected":false},"featured_media":10244,"comment_status":"open","ping_status":"closed","template":"","meta":[],"product_brand":[],"product_cat":[991,995],"product_tag":[881,1326],"class_list":{"0":"post-3120","1":"product","2":"type-product","3":"status-publish","4":"has-post-thumbnail","6":"product_cat-stiinte-sociale","7":"product_cat-istorie-stiinte-politice","8":"product_tag-istorie","9":"product_tag-istorie-culturala","11":"first","12":"instock","13":"shipping-taxable","14":"purchasable","15":"product-type-simple"},"_links":{"self":[{"href":"https:\/\/editura-unibuc.ro\/en\/wp-json\/wp\/v2\/product\/3120","targetHints":{"allow":["GET"]}}],"collection":[{"href":"https:\/\/editura-unibuc.ro\/en\/wp-json\/wp\/v2\/product"}],"about":[{"href":"https:\/\/editura-unibuc.ro\/en\/wp-json\/wp\/v2\/types\/product"}],"replies":[{"embeddable":true,"href":"https:\/\/editura-unibuc.ro\/en\/wp-json\/wp\/v2\/comments?post=3120"}],"wp:featuredmedia":[{"embeddable":true,"href":"https:\/\/editura-unibuc.ro\/en\/wp-json\/wp\/v2\/media\/10244"}],"wp:attachment":[{"href":"https:\/\/editura-unibuc.ro\/en\/wp-json\/wp\/v2\/media?parent=3120"}],"wp:term":[{"taxonomy":"product_brand","embeddable":true,"href":"https:\/\/editura-unibuc.ro\/en\/wp-json\/wp\/v2\/product_brand?post=3120"},{"taxonomy":"product_cat","embeddable":true,"href":"https:\/\/editura-unibuc.ro\/en\/wp-json\/wp\/v2\/product_cat?post=3120"},{"taxonomy":"product_tag","embeddable":true,"href":"https:\/\/editura-unibuc.ro\/en\/wp-json\/wp\/v2\/product_tag?post=3120"}],"curies":[{"name":"wp","href":"https:\/\/api.w.org\/{rel}","templated":true}]}}