{"id":31200,"date":"2021-05-24T12:26:11","date_gmt":"2021-05-24T09:26:11","guid":{"rendered":"https:\/\/editura-unibuc.ro\/?post_type=product&#038;p=31200"},"modified":"2021-05-24T12:42:08","modified_gmt":"2021-05-24T09:42:08","slug":"international-scientific-conference-education-sport-and-health-bucharest-may-14th-2021-journal-of-abstracts","status":"publish","type":"product","link":"https:\/\/editura-unibuc.ro\/en\/international-scientific-conference-education-sport-and-health-bucharest-may-14th-2021-journal-of-abstracts\/","title":{"rendered":"INTERNATIONAL SCIENTIFIC CONFERENCE  \u201cEDUCATION, SPORT AND HEALTH\u201c, Bucharest, May 14th, 2021. Journal of Abstracts"},"content":{"rendered":"<p>Under Aegis of the F\u00c9D\u00c9RATION INTERNATIONALE D`\u00c9DUCATION PHYSIQUE, ROMANIAN COUNCIL OF SPORT SCIENCE, BUCHAREST; SOCIETY OF SCIENCE, HUMAN EXCELLENCE AND UNIVERSITY SPORT; DEPARTMENT OF PHYSICAL EDUCATION AND SPORT, UNIVERSITY OF BUCHAREST<\/p>\n","protected":false},"excerpt":{"rendered":"<p>Under Aegis of the F\u00c9D\u00c9RATION INTERNATIONALE D`\u00c9DUCATION PHYSIQUE, ROMANIAN COUNCIL OF SPORT SCIENCE, BUCHAREST; SOCIETY OF SCIENCE, HUMAN EXCELLENCE AND UNIVERSITY SPORT; DEPARTMENT OF PHYSICAL EDUCATION AND SPORT, UNIVERSITY OF BUCHAREST<\/p>\n","protected":false},"featured_media":31203,"comment_status":"open","ping_status":"closed","template":"","meta":[],"product_brand":[],"product_cat":[1891,993],"product_tag":[2525,2524,1269],"class_list":{"0":"post-31200","1":"product","2":"type-product","3":"status-publish","4":"has-post-thumbnail","6":"product_cat-download","7":"product_cat-educatie-fizica-si-sport","8":"product_tag-kinetotherapy","9":"product_tag-physical-education","10":"product_tag-sport","12":"first","13":"instock","14":"downloadable","15":"virtual","16":"product-type-simple"},"_links":{"self":[{"href":"https:\/\/editura-unibuc.ro\/en\/wp-json\/wp\/v2\/product\/31200","targetHints":{"allow":["GET"]}}],"collection":[{"href":"https:\/\/editura-unibuc.ro\/en\/wp-json\/wp\/v2\/product"}],"about":[{"href":"https:\/\/editura-unibuc.ro\/en\/wp-json\/wp\/v2\/types\/product"}],"replies":[{"embeddable":true,"href":"https:\/\/editura-unibuc.ro\/en\/wp-json\/wp\/v2\/comments?post=31200"}],"wp:featuredmedia":[{"embeddable":true,"href":"https:\/\/editura-unibuc.ro\/en\/wp-json\/wp\/v2\/media\/31203"}],"wp:attachment":[{"href":"https:\/\/editura-unibuc.ro\/en\/wp-json\/wp\/v2\/media?parent=31200"}],"wp:term":[{"taxonomy":"product_brand","embeddable":true,"href":"https:\/\/editura-unibuc.ro\/en\/wp-json\/wp\/v2\/product_brand?post=31200"},{"taxonomy":"product_cat","embeddable":true,"href":"https:\/\/editura-unibuc.ro\/en\/wp-json\/wp\/v2\/product_cat?post=31200"},{"taxonomy":"product_tag","embeddable":true,"href":"https:\/\/editura-unibuc.ro\/en\/wp-json\/wp\/v2\/product_tag?post=31200"}],"curies":[{"name":"wp","href":"https:\/\/api.w.org\/{rel}","templated":true}]}}