{"id":3124,"date":"2012-10-17T14:13:24","date_gmt":"2012-10-17T11:13:24","guid":{"rendered":"https:\/\/editura-unibuc.ro\/?p=3124"},"modified":"2025-08-06T11:34:16","modified_gmt":"2025-08-06T08:34:16","slug":"cultura-si-religie-statutul-religiei-si-instructia-scolara","status":"publish","type":"product","link":"https:\/\/editura-unibuc.ro\/en\/cultura-si-religie-statutul-religiei-si-instructia-scolara\/","title":{"rendered":"CULTURE AND RELIGION: RELIGION STATUS AND SCHOOL EDUCATION"},"content":{"rendered":"<p>\u201cReferitor la metodele de evaluare, se recomand\u0103 o \u00eembinare \u00eentre metodele moderne (portofoliul, investiga\u021bia, proiectul, autoevaluarea etc.) \u0219i cele tradi\u021bionale (\u00eentreb\u0103ri, lucr\u0103ri de control). Pentru a fi eficient\u0103, evaluarea trebuie s\u0103 fie continu\u0103. Scopul evalu\u0103rii nu este acela de a \u201cm\u0103sura\u201d credin\u021ba elevului, ci de a-l face s\u0103-\u0219i pun\u0103 \u00eentreb\u0103ri, s\u0103 se aplece spre sine, s\u0103 se autoevalueze.\u201d (prof. univ. dr. Lucre\u021bia Vasilescu)<\/p>","protected":false},"excerpt":{"rendered":"<p>\u201cReferitor la metodele de evaluare, se recomand\u0103 o \u00eembinare \u00eentre metodele moderne (portofoliul, investiga\u021bia, proiectul, autoevaluarea etc.) \u0219i cele tradi\u021bionale (\u00eentreb\u0103ri, lucr\u0103ri de control). Pentru a fi eficient\u0103, evaluarea trebuie s\u0103 fie continu\u0103. Scopul evalu\u0103rii nu este acela de a \u201cm\u0103sura\u201d credin\u021ba elevului, ci de a-l face s\u0103-\u0219i pun\u0103 \u00eentreb\u0103ri, s\u0103 se aplece spre sine, [&hellip;]<\/p>\n","protected":false},"featured_media":10242,"comment_status":"open","ping_status":"closed","template":"","meta":[],"product_brand":[],"product_cat":[991,999],"product_tag":[920,1067,1021],"class_list":{"0":"post-3124","1":"product","2":"type-product","3":"status-publish","4":"has-post-thumbnail","6":"product_cat-stiinte-sociale","7":"product_cat-teologie","8":"product_tag-cultura","9":"product_tag-religie","10":"product_tag-teologie","12":"first","13":"instock","14":"shipping-taxable","15":"purchasable","16":"product-type-simple"},"_links":{"self":[{"href":"https:\/\/editura-unibuc.ro\/en\/wp-json\/wp\/v2\/product\/3124","targetHints":{"allow":["GET"]}}],"collection":[{"href":"https:\/\/editura-unibuc.ro\/en\/wp-json\/wp\/v2\/product"}],"about":[{"href":"https:\/\/editura-unibuc.ro\/en\/wp-json\/wp\/v2\/types\/product"}],"replies":[{"embeddable":true,"href":"https:\/\/editura-unibuc.ro\/en\/wp-json\/wp\/v2\/comments?post=3124"}],"wp:featuredmedia":[{"embeddable":true,"href":"https:\/\/editura-unibuc.ro\/en\/wp-json\/wp\/v2\/media\/10242"}],"wp:attachment":[{"href":"https:\/\/editura-unibuc.ro\/en\/wp-json\/wp\/v2\/media?parent=3124"}],"wp:term":[{"taxonomy":"product_brand","embeddable":true,"href":"https:\/\/editura-unibuc.ro\/en\/wp-json\/wp\/v2\/product_brand?post=3124"},{"taxonomy":"product_cat","embeddable":true,"href":"https:\/\/editura-unibuc.ro\/en\/wp-json\/wp\/v2\/product_cat?post=3124"},{"taxonomy":"product_tag","embeddable":true,"href":"https:\/\/editura-unibuc.ro\/en\/wp-json\/wp\/v2\/product_tag?post=3124"}],"curies":[{"name":"wp","href":"https:\/\/api.w.org\/{rel}","templated":true}]}}