{"id":3133,"date":"2012-10-17T14:30:19","date_gmt":"2012-10-17T11:30:19","guid":{"rendered":"https:\/\/editura-unibuc.ro\/?p=3133"},"modified":"2015-03-16T11:49:18","modified_gmt":"2015-03-16T09:49:18","slug":"personalitati-ale-stiintelor-informarii-si-documentarii-din-spatiul-romanesc","status":"publish","type":"product","link":"https:\/\/editura-unibuc.ro\/en\/personalitati-ale-stiintelor-informarii-si-documentarii-din-spatiul-romanesc\/","title":{"rendered":"ROMANIAN PERSONALITIES OF INFORMATION AND DOCUMENTATION SCIENCES"},"content":{"rendered":"<p>\u201cLucrarea de fa\u021b\u0103 este consacrat\u0103 vie\u021bii \u0219i activit\u0103\u021bii \u0219tiin\u021bifice a reprezentan\u021bilor \u0219tiin\u021belor inform\u0103rii \u0219i document\u0103rii din spa\u021biul rom\u00e2nesc din secolul al XVIII-lea \u0219i p\u00e2n\u0103 \u00een secolul XX. Ne-am propus s\u0103 omagiem personalit\u0103\u021bi consacrate care au ctitorit, au dezvoltat \u0219i au slujit cu d\u0103ruire, cu trud\u0103 \u0219i abnega\u021bie \u0219tiin\u021bele document\u0103rii, precum: bibliologia\/biblioteconomia, arhivistica, muzeologia\/muzeografia. Prin munca lor, prin generozitatea dona\u021biilor lor \u0219i prin sacrificiul lor au \u00een\u0103l\u021bat edificiul disciplinelor, dar \u0219i al institu\u021biilor culturale aferente: arhive, biblioteci \u0219i muzee pe teritoriul rom\u00e2nesc\u201d. (Autoarea)<\/p>","protected":false},"excerpt":{"rendered":"<p>\u201cLucrarea de fa\u021b\u0103 este consacrat\u0103 vie\u021bii \u0219i activit\u0103\u021bii \u0219tiin\u021bifice a reprezentan\u021bilor \u0219tiin\u021belor inform\u0103rii \u0219i document\u0103rii din spa\u021biul rom\u00e2nesc din secolul al XVIII-lea \u0219i p\u00e2n\u0103 \u00een secolul XX. Ne-am propus s\u0103 omagiem personalit\u0103\u021bi consacrate care au ctitorit, au dezvoltat \u0219i au slujit cu d\u0103ruire, cu trud\u0103 \u0219i abnega\u021bie \u0219tiin\u021bele document\u0103rii, precum: bibliologia\/biblioteconomia, arhivistica, muzeologia\/muzeografia. Prin munca [&hellip;]<\/p>\n","protected":false},"featured_media":13653,"comment_status":"open","ping_status":"closed","template":"","meta":[],"product_brand":[],"product_cat":[991,995],"product_tag":[881,1324],"class_list":{"0":"post-3133","1":"product","2":"type-product","3":"status-publish","4":"has-post-thumbnail","6":"product_cat-stiinte-sociale","7":"product_cat-istorie-stiinte-politice","8":"product_tag-istorie","9":"product_tag-stiinta-informarii","11":"first","12":"instock","13":"shipping-taxable","14":"purchasable","15":"product-type-simple"},"_links":{"self":[{"href":"https:\/\/editura-unibuc.ro\/en\/wp-json\/wp\/v2\/product\/3133","targetHints":{"allow":["GET"]}}],"collection":[{"href":"https:\/\/editura-unibuc.ro\/en\/wp-json\/wp\/v2\/product"}],"about":[{"href":"https:\/\/editura-unibuc.ro\/en\/wp-json\/wp\/v2\/types\/product"}],"replies":[{"embeddable":true,"href":"https:\/\/editura-unibuc.ro\/en\/wp-json\/wp\/v2\/comments?post=3133"}],"wp:featuredmedia":[{"embeddable":true,"href":"https:\/\/editura-unibuc.ro\/en\/wp-json\/wp\/v2\/media\/13653"}],"wp:attachment":[{"href":"https:\/\/editura-unibuc.ro\/en\/wp-json\/wp\/v2\/media?parent=3133"}],"wp:term":[{"taxonomy":"product_brand","embeddable":true,"href":"https:\/\/editura-unibuc.ro\/en\/wp-json\/wp\/v2\/product_brand?post=3133"},{"taxonomy":"product_cat","embeddable":true,"href":"https:\/\/editura-unibuc.ro\/en\/wp-json\/wp\/v2\/product_cat?post=3133"},{"taxonomy":"product_tag","embeddable":true,"href":"https:\/\/editura-unibuc.ro\/en\/wp-json\/wp\/v2\/product_tag?post=3133"}],"curies":[{"name":"wp","href":"https:\/\/api.w.org\/{rel}","templated":true}]}}