{"id":3138,"date":"2012-10-18T08:57:32","date_gmt":"2012-10-18T05:57:32","guid":{"rendered":"https:\/\/editura-unibuc.ro\/?p=3138"},"modified":"2023-03-27T10:02:20","modified_gmt":"2023-03-27T07:02:20","slug":"1984-ultima-generatie-a-comunismului-romanesc","status":"publish","type":"product","link":"https:\/\/editura-unibuc.ro\/en\/1984-ultima-generatie-a-comunismului-romanesc\/","title":{"rendered":"1984: THE LAST GENERATION OF ROMANIAN COMMUNISM"},"content":{"rendered":"<p>Ideea alc\u0103tuirii volumului\u00a0 1984. Ultima genera\u021bie a comunismului\u00a0 rom\u00e2nesc, al c\u0103rui titlu aminte\u0219te deopotriv\u0103\u00a0 de distopia lui Orwell \u0219i de anul\u00a0 na\u0219terii majorit\u0103\u021bii autorilor, a rezultat din interesul deosebit al studen\u021bilor\u00a0 pentru un curs op\u021bional desf\u0103\u0219urat \u00een cadrul Facult\u0103\u021bii de Litere bucure\u0219tene:\u00a0 \u201cLiteratur\u0103 \u0219i ideologie comunist\u0103\u201d. Cei mai mul\u021bi dintre autori, studen\u021bi \u00een anii terminali \u0219i viitori masteranzi ai\u00a0 Literelor sau Filosofiei bucure\u0219tene, reprezint\u0103\u00a0 deja ni\u0219te nume cunoscute \u00een\u00a0 presa cultural\u0103\u00a0 autohton\u0103. Al\u021bi colaboratori ai volumului sunt studen\u021bi str\u0103ini,\u00a0 buni cunosc\u0103tori ai limbii rom\u00e2ne, interesa\u021bi s\u0103-\u0219i exprime opiniile despre un\u00a0 fenomen pe\u00a0 care nu l-au experimentat, dar ale c\u0103rui efecte de rico\u0219eu politic \u0219i\u00a0 cultural le-au resim\u021bit fie \u00een Rom\u00e2nia tranzi\u021biei, fie \u00een alte spa\u021bii geografice sudest europene. Antologie \u00eengrijit\u0103 \u0219i indice de nume de Igor Mocanu. \u201eVolumul de\u00a0 studii culturale are \u00een vedere expunerea argumentat\u0103 a unor noi perspective de\u00a0 cercetare a comunismului rom\u00e2nesc\u00a0 \u0219i a influen\u021bei sale asupra mentalit\u0103\u021bii\u00a0 perioadei de tranzi\u021bie. Cartea este conceput\u0103\u00a0 ca un studiu \u00een trei p\u0103r\u021bi, fiecare\u00a0 dintre acestea corespunz\u00eend unei metode de cercetare: \u201eAnaliza biografic\u0103\u201c,\u00a0 \u201eCritica literar\u0103\u201c \u0219i \u201eAnaliza de art\u0103, \u00eenv\u0103\u021b\u0103m\u00eent, societate \u0219i religie\u201c. Sec\u021biunile\u00a0 volumului caut\u0103 s\u0103 familiarizeze un public c\u00eet mai larg cu punctul de vedere al\u00a0 \u201eultimei genera\u021bii a comunismului rom\u00e2nesc\u201c asupra principalului fenomen care\u00a0 a marcat istoria politic\u0103 \u0219i\u00a0 cultural\u0103\u00a0 a Rom\u00e2niei postbelice. Sec\u021biunea de\u00a0 \u201eAnaliz\u0103\u00a0 biografic\u0103\u201c recicleaz\u0103\u00a0 fic\u021bional\u00a0 amintiri personale pe \u201etonalit\u0103\u021bi\u00a0 ironice, jucat-nostalgice\u201c. Anecdotele copil\u0103riei s\u00eent evaluate din perspectiva\u00a0 lucid\u0103\u00a0 a maturit\u0103\u021bii. Analiza \u00eentreprins\u0103\u00a0 de autori dezv\u0103luie modul \u00een care\u00a0 reflexele din comunism dep\u0103\u0219esc grani\u021ba anului 1989, urm\u0103rind \u201etraumele pe\u00a0 care sistemul le-a perpetuat \u00een lumea adult\u0103\u00a0 post-decembrist\u0103\u201c. Sec\u021biunea de\u00a0 critic\u0103\u00a0 literar\u0103\u00a0 a volumului evalueaz\u0103\/analizeaz\u0103\u00a0 mecanismele de adaptare ale\u00a0 scriitorului rom\u00e2n la \u201econtractul politic de utilitate cultural\u0103 \u0219i profesional\u0103\u00a0 propus de autorit\u0103\u021bile comuniste\u201c. Principalele teme ale acestor studii s\u00eent\u00a0 concesiile etice, \u201emodele individuale de protec\u021bie estetic\u0103\u201c \u2013 stilistica aluziei \u0219i a\u00a0 parabolei literare\u00a0 \u2013, \u201ereplierile ideologice\u00a0 \u0219i strategiile de pozi\u021bionare a biografiei\u00a0 \u0219i a operei \u00een c\u00eempul canonului politic(oficial)\u201c. Ultima sec\u021biune\u00a0 traseaz\u0103\u00a0 c\u00eeteva perspective interdisciplinare\u00a0 \u0219i transculturale prin urm\u0103rirea\u00a0 \u201eefectelor de rico\u0219eu\u201c ale ideologiei comuniste asupra unor zone afectate direct\u00a0 sau indirect de \u201esuflul contamin\u0103rii politice\u201c \u2013 religia, arta fotografic\u0103, \u0219coala.\u00a0 Studiile de caz dedicate unor scriitori precum Tudor Arghezi, Alexandru Ivasiuc,\u00a0 Constantin\u00a0 \u021aoiu sau Ion Dru\u021b\u0103\u00a0 dep\u0103\u0219esc grani\u021bele comunismului rom\u00e2nesc\u00a0 \u0219i\u00a0 ofer\u0103 o imagine ampl\u0103 a modului \u00een care o totalitarismele pot influen\u021ba destinul\u00a0 literar. Ultima genera\u021bie a comunismului rom\u00e2nesc poate fi considerat un\u00a0 excelent\u00a0 material auxiliar didactic pentru cei preocupa\u021bi de istoria politic\u0103 \u0219i\u00a0 cultural\u0103\u00a0 a\u00a0 perioadei 1944-1989.\u201d (Cezar Gheorghe, \u201eSemnal: 1984. Ultima\u00a0 genera\u021bie a comunismului rom\u00e2nesc; Identitate de frontier\u0103\u00a0 \u00een Europa l\u0103rgit\u0103.\u00a0 Perspective comparate\u201d, \u00een Observator Cultural, nr. 458, 22 ianuarie 2009)<\/p>\n","protected":false},"excerpt":{"rendered":"<p>Ideea alc\u0103tuirii volumului\u00a0 1984. Ultima genera\u021bie a comunismului\u00a0 rom\u00e2nesc, al c\u0103rui titlu aminte\u0219te deopotriv\u0103\u00a0 de distopia lui Orwell \u0219i de anul\u00a0 na\u0219terii majorit\u0103\u021bii autorilor, a rezultat din interesul deosebit al studen\u021bilor\u00a0 pentru un curs op\u021bional desf\u0103\u0219urat \u00een cadrul Facult\u0103\u021bii de Litere bucure\u0219tene:\u00a0 \u201cLiteratur\u0103 \u0219i ideologie comunist\u0103\u201d. Cei mai mul\u021bi dintre autori, studen\u021bi \u00een anii terminali [&hellip;]<\/p>\n","protected":false},"featured_media":0,"comment_status":"open","ping_status":"closed","template":"","meta":[],"product_brand":[],"product_cat":[991,995],"product_tag":[1207,881],"class_list":{"0":"post-3138","1":"product","2":"type-product","3":"status-publish","5":"product_cat-stiinte-sociale","6":"product_cat-istorie-stiinte-politice","7":"product_tag-comunism","8":"product_tag-istorie","10":"first","11":"outofstock","12":"shipping-taxable","13":"purchasable","14":"product-type-simple"},"_links":{"self":[{"href":"https:\/\/editura-unibuc.ro\/en\/wp-json\/wp\/v2\/product\/3138","targetHints":{"allow":["GET"]}}],"collection":[{"href":"https:\/\/editura-unibuc.ro\/en\/wp-json\/wp\/v2\/product"}],"about":[{"href":"https:\/\/editura-unibuc.ro\/en\/wp-json\/wp\/v2\/types\/product"}],"replies":[{"embeddable":true,"href":"https:\/\/editura-unibuc.ro\/en\/wp-json\/wp\/v2\/comments?post=3138"}],"wp:attachment":[{"href":"https:\/\/editura-unibuc.ro\/en\/wp-json\/wp\/v2\/media?parent=3138"}],"wp:term":[{"taxonomy":"product_brand","embeddable":true,"href":"https:\/\/editura-unibuc.ro\/en\/wp-json\/wp\/v2\/product_brand?post=3138"},{"taxonomy":"product_cat","embeddable":true,"href":"https:\/\/editura-unibuc.ro\/en\/wp-json\/wp\/v2\/product_cat?post=3138"},{"taxonomy":"product_tag","embeddable":true,"href":"https:\/\/editura-unibuc.ro\/en\/wp-json\/wp\/v2\/product_tag?post=3138"}],"curies":[{"name":"wp","href":"https:\/\/api.w.org\/{rel}","templated":true}]}}